{"id":12392,"date":"2021-08-28T22:34:56","date_gmt":"2021-08-28T22:34:56","guid":{"rendered":"https:\/\/lasikmontreal.com\/taxe-et-credit-dimpot\/"},"modified":"2022-07-19T17:05:16","modified_gmt":"2022-07-19T17:05:16","slug":"tax-and-tax-credit","status":"publish","type":"page","link":"https:\/\/lasikmontreal.com\/en\/tax-and-tax-credit\/","title":{"rendered":"Tax and tax credit"},"content":{"rendered":"<section class=\"wpb-content-wrapper\"><p>[vc_row enable_overlay=&#8221;yes&#8221; css=&#8221;.vc_custom_1632864281270{padding-top: 300px !important;padding-bottom: 150px !important;background-image: url(https:\/\/lasikmontreal.com\/wp-content\/uploads\/2021\/09\/iStock-1267484254.jpg?id=8721) !important;background-position: center !important;background-repeat: no-repeat !important;background-size: cover !important;}&#8221; overlay_bg=&#8221;rgba(0, 0, 0, 0.5)&#8221; row_hide=&#8221;hidden-xs hidden-sm&#8221;][vc_column width=&#8221;2\/3&#8243;]<style>.ld_fancy_heading_69eb97a36d223 h1{color:rgb(255, 255, 255);}.ld_fancy_heading_69eb97a36d223 .lqd-highlight-inner{height:0.275em;bottom:0px;}<\/style><div class=\"ld-fancy-heading ld_fancy_heading_69eb97a36d223\">\n\t<h1 class=\"lqd-highlight-underline lqd-highlight-grow-left\" ><span class=\"ld-fh-txt\"> Tax and tax credit<\/span><\/h1><\/div>[vc_separator color=&#8221;custom&#8221; align=&#8221;align_left&#8221; border_width=&#8221;2&#8243; el_width=&#8221;10&#8243; accent_color=&#8221;#51bce5&#8243;][\/vc_column][vc_column width=&#8221;1\/3&#8243;][\/vc_column][\/vc_row][vc_row enable_overlay=&#8221;yes&#8221; css=&#8221;.vc_custom_1658166226552{padding-top: 80px !important;padding-bottom: 50px !important;background-image: url(https:\/\/lasikmontreal.com\/wp-content\/uploads\/2021\/09\/iStock-1267484254.jpg?id=8721) !important;background-position: center !important;background-repeat: no-repeat !important;background-size: cover !important;}&#8221; overlay_bg=&#8221;rgba(0, 0, 0, 0.5)&#8221; el_id=&#8221;mobile header garantie du meilleur prix-EN&#8221; row_hide=&#8221;hidden-md hidden-lg&#8221;][vc_column width=&#8221;2\/3&#8243;]<style>.ld_fancy_heading_69eb97a36d500 h1{color:rgb(255, 255, 255);}.ld_fancy_heading_69eb97a36d500 .lqd-highlight-inner{height:0.275em;bottom:0px;}<\/style><div class=\"ld-fancy-heading ld_fancy_heading_69eb97a36d500\">\n\t<h1 class=\"lqd-highlight-underline lqd-highlight-grow-left\" ><span class=\"ld-fh-txt\"> Tax and tax credit<\/span><\/h1><\/div>[vc_separator color=&#8221;custom&#8221; align=&#8221;align_left&#8221; border_width=&#8221;2&#8243; el_width=&#8221;10&#8243; accent_color=&#8221;#51bce5&#8243;][\/vc_column][vc_column width=&#8221;1\/3&#8243;][\/vc_column][\/vc_row][vc_row content_placement=&#8221;middle&#8221; css=&#8221;.vc_custom_1630190141395{padding-top: 80px !important;padding-bottom: 50px !important;}&#8221;][vc_column width=&#8221;1\/2&#8243;]<style>.ld_icon_box_69eb97a36d785 .iconbox-icon-container{color:rgb(255, 255, 255);width:60px !important;height:60px !important;border-radius:px;}.ld_icon_box_69eb97a36d785 h3{margin-bottom:px;}<\/style>\n<div class=\"iconbox text-left iconbox-icon-shadow iconbox-circle iconbox-sm ld_icon_box_69eb97a36d785\" id=\"ld_icon_box_69eb97a36d785\"  data-plugin-options='{\"color\":\"rgb(255, 255, 255)\"}'  >\n\t\n\t\t<div class=\"iconbox-icon-wrap\"><span class=\"iconbox-icon-container\"><i class=\"fas fa-calculator\"><\/i><\/span><\/div><!-- \/.iconbox-icon-wrap -->\t\n\t\t\n\t\t\n\t\t\t\t\n\t\t\n\t\n<\/div>\n<style>.ld_fancy_heading_69eb97a370a22 h2 {padding-bottom:10px !important;  } .ld_fancy_heading_69eb97a370a22 .lqd-highlight-inner{height:0.275em;bottom:0px;}.ld_fancy_heading_69eb97a370a22 h2 {padding-bottom:10px !important;  } <\/style><div class=\"ld-fancy-heading ld_fancy_heading_69eb97a370a22\">\n\t<h2 class=\"lqd-highlight-underline lqd-highlight-grow-left\" ><span class=\"ld-fh-txt\"> Eye surgery is tax free and can give you a tax credit.<\/span><\/h2><\/div><style>.ld_fancy_heading_69eb97a373f3a p {padding-bottom:10px !important;  } .ld_fancy_heading_69eb97a373f3a .lqd-highlight-inner{height:0.275em;bottom:0px;}.ld_fancy_heading_69eb97a373f3a p {padding-bottom:10px !important;  } <\/style><div class=\"ld-fancy-heading ld_fancy_heading_69eb97a373f3a\">\n\t<p class=\"lqd-highlight-underline lqd-highlight-grow-left\" ><span class=\"ld-fh-txt\"> There is no tax applicable to surgical expenses. The surgery may also allow you to receive a tax credit if you include the cost of the surgery with the medical expenses on your personal tax return. Your accountant is in the best position to give you all the information on this subject.<\/span><\/p><\/div>[\/vc_column][vc_column width=&#8221;1\/2&#8243;]<div id=\"ld_images_group_container_69eb97a377a23\" class=\"liquid-img-group-container ld_images_group_container_69eb97a377a23\"  >\n\t<div class=\"liquid-img-group-inner\">\n\t\t<div id=\"ld_images_group_element_69eb97a377d60\" class=\"liquid-img-group-single ld_images_group_element_69eb97a377d60\" data-shadow-style=\"4\" data-roundness=\"8\">\n\t\n\t\t\n\t<div class=\"liquid-img-group-img-container\">\n\t\t\n\t\t\n\t\t\t\t\n\t\t\t\t<div class=\"liquid-img-container-inner\" >\n\t\t\t<figure ><img loading=\"lazy\" decoding=\"async\" width=\"1254\" height=\"836\" src=\"data:image\/svg+xml;charset=utf-8,&lt;svg xmlns%3D&#039;http%3A%2F%2Fwww.w3.org%2F2000%2Fsvg&#039; viewBox%3D&#039;0 0 1254 836&#039;%2F&gt;\" class=\"attachment-full size-full ld-lazyload\" alt=\"\" srcset=\"\" sizes=\"auto, (max-width: 1254px) 100vw, 1254px\" data-src=\"https:\/\/lasikmontreal.com\/wp-content\/uploads\/2021\/09\/iStock-1257664212.jpg\" data-srcset=\"https:\/\/lasikmontreal.com\/wp-content\/uploads\/2021\/09\/iStock-1257664212.jpg 1254w, https:\/\/lasikmontreal.com\/wp-content\/uploads\/2021\/09\/iStock-1257664212-300x200.jpg 300w, https:\/\/lasikmontreal.com\/wp-content\/uploads\/2021\/09\/iStock-1257664212-1024x683.jpg 1024w\" data-aspect=\"1.5\" \/><\/figure>\t\t\t\t\t<\/div><!-- \/.liquid-img-container-inner -->\n\t\t\n\t<\/div><!-- \/.liquid-img-group-content -->\n<\/div><!-- \/.liquid-img-group-single -->\n\t\n\t<\/div><!-- \/.liquid-img-group-inner -->\n<\/div><!-- \/.liquid-img-group-container -->[\/vc_column][\/vc_row][vc_row parallax=&#8221;enable_parallax&#8221; enable_overlay=&#8221;yes&#8221; css=&#8221;.vc_custom_1632864359106{padding-top: 220px !important;padding-bottom: 220px !important;background-image: url(https:\/\/lasikmontreal.com\/wp-content\/uploads\/2021\/09\/iStock-1065806012.jpg?id=8723) !important;background-position: center;background-repeat: no-repeat !important;background-size: cover !important;}&#8221; overlay_bg=&#8221;rgba(0, 0, 0, 0.29)&#8221; row_hide=&#8221;hidden-xs hidden-sm&#8221;][vc_column width=&#8221;1\/2&#8243;]<style>.ld_fancy_heading_69eb97a3a139f h2{font-size:36px;line-height:1,111em;color:rgb(255, 255, 255);}.ld_fancy_heading_69eb97a3a139f .lqd-highlight-inner{height:0.275em;bottom:0px;}<\/style><div class=\"ld-fancy-heading text-uppercase ld_fancy_heading_69eb97a3a139f\">\n\t<h2 class=\"lqd-highlight-underline lqd-highlight-grow-left\" ><span class=\"ld-fh-txt\"> SEE THE DIFFERENCE<\/span><\/h2><\/div><style>.ld_spacer_69eb97a3a27c2{height:22px;}<\/style>\n<div class=\"ld-empty-space ld_spacer_69eb97a3a27c2\"><span class=\"liquid_empty_space_inner\"><\/span><\/div><style>.ld_fancy_heading_69eb97a3a29e0 p{font-size:20px;line-height:25px;letter-spacing:0.2em;color:rgba(255, 255, 255, 0.8);}.ld_fancy_heading_69eb97a3a29e0 .lqd-highlight-inner{height:0.275em;bottom:0px;}<\/style><div class=\"ld-fancy-heading text-uppercase ld_fancy_heading_69eb97a3a29e0\">\n\t<p class=\"lqd-highlight-underline lqd-highlight-grow-left\" ><span class=\"ld-fh-txt\"> Live a personalized experience.<\/span><\/p><\/div><style>.ld_spacer_69eb97a3a2ae6{height:52px;}<\/style>\n<div class=\"ld-empty-space ld_spacer_69eb97a3a2ae6\"><span class=\"liquid_empty_space_inner\"><\/span><\/div>[vc_row_inner gap=&#8221;1&#8243;][vc_column_inner width=&#8221;1\/2&#8243;]<style>.ld_button_69eb97a3a2c28.btn-icon-solid .btn-icon{background:rgb(81, 188, 229);}.ld_button_69eb97a3a2c28.btn-icon-circle.btn-icon-ripple .btn-icon:before{border-color:rgb(81, 188, 229);}.ld_button_69eb97a3a2c28{color:rgb(81, 188, 229);border-color:rgb(81, 188, 229);line-height:1.5em !important;font-size:13px !important;letter-spacing:0.1em !important;}.ld_button_69eb97a3a2c28:hover{background-color:rgb(81, 188, 229);}<\/style><a href=\"https:\/\/lasikmontreal.com\/en\/interventions\/\" title=\"Interventions\" class=\"btn btn-default text-uppercase round btn-bordered border-thin ld_button_69eb97a3a2c28 vc_custom_1658250288391\">\n\t<span>\n\t\t\n\t\t\t\t\t<span class=\"btn-txt\">OUR INTERVENTIONS<\/span>\n\t\t\t\n\t\t\t\t<\/span>\n<\/a>\n[vc_empty_space][\/vc_column_inner][vc_column_inner width=&#8221;1\/2&#8243;]<style>.ld_button_69eb97a3a4c08.btn-icon-solid .btn-icon{background:rgba(81, 188, 229, 0.75);}.ld_button_69eb97a3a4c08.btn-icon-circle.btn-icon-ripple .btn-icon:before{border-color:rgba(81, 188, 229, 0.75);}.ld_button_69eb97a3a4c08.btn-icon-solid:hover .btn-icon{background:rgb(81, 188, 229);}.ld_button_69eb97a3a4c08{background-color:rgba(81, 188, 229, 0.75);border-color:rgba(81, 188, 229, 0.75);line-height:1.5em !important;font-size:13px !important;letter-spacing:0.1em !important;}.ld_button_69eb97a3a4c08:hover{background-color:rgb(81, 188, 229);border-color:rgb(81, 188, 229);}.ld_button_69eb97a3a4c08 .btn-gradient-bg-hover{background:-webkit-linear-gradient(to right, rgb(81, 188, 229) 0%, rgb(81, 188, 229) 100%);background:linear-gradient(to right, rgb(81, 188, 229) 0%, rgb(81, 188, 229) 100%);}.ld_button_69eb97a3a4c08 .btn-gradient-border defs stop:first-child{stop-color:rgba(81, 188, 229, 0.75);}.ld_button_69eb97a3a4c08 .btn-gradient-border defs stop:last-child{stop-color:rgba(81, 188, 229, 0.75);}.ld_button_69eb97a3a4c08:hover .btn-gradient-border defs stop:first-child{stop-color:rgb(81, 188, 229);}.ld_button_69eb97a3a4c08:hover .btn-gradient-border defs stop:last-child{stop-color:rgb(81, 188, 229);}<\/style><a href=\"https:\/\/lasikmontreal.com\/en\/our-specialists\/\" title=\"Our specialists\" class=\"btn btn-solid text-uppercase round btn-bordered border-thin ld_button_69eb97a3a4c08 vc_custom_1658250300546\">\n\t<span>\n\t\t\n\t\t\t\t\t<span class=\"btn-txt\">OUR SPECIALISTS<\/span>\n\t\t\t\n\t\t\t\t<\/span>\n<\/a>\n[\/vc_column_inner][\/vc_row_inner][\/vc_column][vc_column width=&#8221;1\/2&#8243;][\/vc_column][\/vc_row][vc_row parallax=&#8221;enable_parallax&#8221; enable_overlay=&#8221;yes&#8221; css=&#8221;.vc_custom_1658166321309{padding-top: 80px !important;padding-bottom: 100px !important;background-image: url(https:\/\/lasikmontreal.com\/wp-content\/uploads\/2021\/09\/iStock-1065806012.jpg?id=8723) !important;background-position: center;background-repeat: no-repeat !important;background-size: cover !important;}&#8221; overlay_bg=&#8221;rgba(0, 0, 0, 0.29)&#8221; el_id=&#8221;mobile bas de page-EN&#8221; row_hide=&#8221;hidden-md hidden-lg&#8221;][vc_column width=&#8221;1\/2&#8243;]<style>.ld_fancy_heading_69eb97a3a77c3 h2{font-size:36px;line-height:1,111em;color:rgb(255, 255, 255);}.ld_fancy_heading_69eb97a3a77c3 .lqd-highlight-inner{height:0.275em;bottom:0px;}<\/style><div class=\"ld-fancy-heading text-uppercase ld_fancy_heading_69eb97a3a77c3\">\n\t<h2 class=\"lqd-highlight-underline lqd-highlight-grow-left\" ><span class=\"ld-fh-txt\"> SEE THE DIFFERENCE<\/span><\/h2><\/div><style>.ld_spacer_69eb97a3a9ad4{height:22px;}<\/style>\n<div class=\"ld-empty-space ld_spacer_69eb97a3a9ad4\"><span class=\"liquid_empty_space_inner\"><\/span><\/div><style>.ld_fancy_heading_69eb97a3a9c86 p{font-size:20px;line-height:25px;letter-spacing:0.2em;color:rgba(255, 255, 255, 0.8);}.ld_fancy_heading_69eb97a3a9c86 .lqd-highlight-inner{height:0.275em;bottom:0px;}<\/style><div class=\"ld-fancy-heading text-uppercase ld_fancy_heading_69eb97a3a9c86\">\n\t<p class=\"lqd-highlight-underline lqd-highlight-grow-left\" ><span class=\"ld-fh-txt\"> Live a personalized experience.<\/span><\/p><\/div><style>.ld_spacer_69eb97a3abeff{height:52px;}<\/style>\n<div class=\"ld-empty-space ld_spacer_69eb97a3abeff\"><span class=\"liquid_empty_space_inner\"><\/span><\/div>[vc_row_inner gap=&#8221;1&#8243;][vc_column_inner width=&#8221;1\/2&#8243;]<style>.ld_button_69eb97a3ac044.btn-icon-solid .btn-icon{background:rgb(81, 188, 229);}.ld_button_69eb97a3ac044.btn-icon-circle.btn-icon-ripple .btn-icon:before{border-color:rgb(81, 188, 229);}.ld_button_69eb97a3ac044{color:rgb(81, 188, 229);border-color:rgb(81, 188, 229);line-height:1.5em !important;font-size:13px !important;letter-spacing:0.1em !important;}.ld_button_69eb97a3ac044:hover{background-color:rgb(81, 188, 229);}<\/style><a href=\"https:\/\/lasikmontreal.com\/en\/interventions\/\" title=\"Interventions\" class=\"btn btn-default text-uppercase round btn-bordered border-thin ld_button_69eb97a3ac044 vc_custom_1658250254786\">\n\t<span>\n\t\t\n\t\t\t\t\t<span class=\"btn-txt\">OUR INTERVENTIONS<\/span>\n\t\t\t\n\t\t\t\t<\/span>\n<\/a>\n[vc_empty_space][\/vc_column_inner][vc_column_inner width=&#8221;1\/2&#8243;]<style>.ld_button_69eb97a3ae41f.btn-icon-solid .btn-icon{background:rgba(81, 188, 229, 0.75);}.ld_button_69eb97a3ae41f.btn-icon-circle.btn-icon-ripple .btn-icon:before{border-color:rgba(81, 188, 229, 0.75);}.ld_button_69eb97a3ae41f.btn-icon-solid:hover .btn-icon{background:rgb(81, 188, 229);}.ld_button_69eb97a3ae41f{background-color:rgba(81, 188, 229, 0.75);border-color:rgba(81, 188, 229, 0.75);line-height:1.5em !important;font-size:13px !important;letter-spacing:0.1em !important;}.ld_button_69eb97a3ae41f:hover{background-color:rgb(81, 188, 229);border-color:rgb(81, 188, 229);}.ld_button_69eb97a3ae41f .btn-gradient-bg-hover{background:-webkit-linear-gradient(to right, rgb(81, 188, 229) 0%, rgb(81, 188, 229) 100%);background:linear-gradient(to right, rgb(81, 188, 229) 0%, rgb(81, 188, 229) 100%);}.ld_button_69eb97a3ae41f .btn-gradient-border defs stop:first-child{stop-color:rgba(81, 188, 229, 0.75);}.ld_button_69eb97a3ae41f .btn-gradient-border defs stop:last-child{stop-color:rgba(81, 188, 229, 0.75);}.ld_button_69eb97a3ae41f:hover .btn-gradient-border defs stop:first-child{stop-color:rgb(81, 188, 229);}.ld_button_69eb97a3ae41f:hover .btn-gradient-border defs stop:last-child{stop-color:rgb(81, 188, 229);}<\/style><a href=\"https:\/\/lasikmontreal.com\/en\/our-specialists\/\" title=\"Our specialists\" class=\"btn btn-solid text-uppercase round btn-bordered border-thin ld_button_69eb97a3ae41f vc_custom_1658250272229\">\n\t<span>\n\t\t\n\t\t\t\t\t<span class=\"btn-txt\">OUR SPECIALISTS<\/span>\n\t\t\t\n\t\t\t\t<\/span>\n<\/a>\n[\/vc_column_inner][\/vc_row_inner][\/vc_column][vc_column width=&#8221;1\/2&#8243;][\/vc_column][\/vc_row]<\/p>\n<\/section>","protected":false},"excerpt":{"rendered":"<p>[vc_row enable_overlay=&#8221;yes&#8221; css=&#8221;.vc_custom_1632864281270{padding-top: 300px !important;padding-bottom: 150px !important;background-image: url(https:\/\/lasikmontreal.com\/wp-content\/uploads\/2021\/09\/iStock-1267484254.jpg?id=8721) !important;background-position: center !important;background-repeat: no-repeat !important;background-size: cover !important;}&#8221;&#8230;<\/p>\n","protected":false},"author":1,"featured_media":0,"parent":0,"menu_order":0,"comment_status":"closed","ping_status":"closed","template":"","meta":{"footnotes":""},"class_list":["post-12392","page","type-page","status-publish","hentry"],"yoast_head":"<!-- This site is optimized with the Yoast SEO plugin v27.4 - https:\/\/yoast.com\/product\/yoast-seo-wordpress\/ -->\n<title>Tax and tax credit | IDODM<\/title>\n<meta name=\"description\" content=\"Eye surgery is not subject to any tax and may give you a tax credit. There is no tax on surgical fees.\" \/>\n<meta name=\"robots\" content=\"index, follow, max-snippet:-1, max-image-preview:large, max-video-preview:-1\" \/>\n<link rel=\"canonical\" href=\"https:\/\/lasikmontreal.com\/en\/tax-and-tax-credit\/\" \/>\n<meta property=\"og:locale\" content=\"en_US\" \/>\n<meta property=\"og:type\" content=\"article\" \/>\n<meta property=\"og:title\" content=\"Tax and tax credit | IDODM\" \/>\n<meta property=\"og:description\" content=\"Eye surgery is not subject to any tax and may give you a tax credit. There is no tax on surgical fees.\" \/>\n<meta property=\"og:url\" content=\"https:\/\/lasikmontreal.com\/en\/tax-and-tax-credit\/\" \/>\n<meta property=\"og:site_name\" content=\"L&#039;Institut de l&#039;oeil de Montr\u00e9al\" \/>\n<meta property=\"article:modified_time\" content=\"2022-07-19T17:05:16+00:00\" \/>\n<meta name=\"twitter:card\" content=\"summary_large_image\" \/>\n<meta name=\"twitter:label1\" content=\"Est. reading time\" \/>\n\t<meta name=\"twitter:data1\" content=\"2 minutes\" \/>\n<script type=\"application\/ld+json\" class=\"yoast-schema-graph\">{\"@context\":\"https:\\\/\\\/schema.org\",\"@graph\":[{\"@type\":\"WebPage\",\"@id\":\"https:\\\/\\\/lasikmontreal.com\\\/en\\\/tax-and-tax-credit\\\/\",\"url\":\"https:\\\/\\\/lasikmontreal.com\\\/en\\\/tax-and-tax-credit\\\/\",\"name\":\"Tax and tax credit | IDODM\",\"isPartOf\":{\"@id\":\"https:\\\/\\\/lasikmontreal.com\\\/#website\"},\"datePublished\":\"2021-08-28T22:34:56+00:00\",\"dateModified\":\"2022-07-19T17:05:16+00:00\",\"description\":\"Eye surgery is not subject to any tax and may give you a tax credit. There is no tax on surgical fees.\",\"inLanguage\":\"en-US\",\"potentialAction\":[{\"@type\":\"ReadAction\",\"target\":[\"https:\\\/\\\/lasikmontreal.com\\\/en\\\/tax-and-tax-credit\\\/\"]}]},{\"@type\":\"WebSite\",\"@id\":\"https:\\\/\\\/lasikmontreal.com\\\/#website\",\"url\":\"https:\\\/\\\/lasikmontreal.com\\\/\",\"name\":\"L&#039;Institut de l&#039;oeil de Montr\u00e9al\",\"description\":\"Lasik Montr\u00e9al, Op\u00e9ration yeux au laser | IDODM\",\"potentialAction\":[{\"@type\":\"SearchAction\",\"target\":{\"@type\":\"EntryPoint\",\"urlTemplate\":\"https:\\\/\\\/lasikmontreal.com\\\/?s={search_term_string}\"},\"query-input\":{\"@type\":\"PropertyValueSpecification\",\"valueRequired\":true,\"valueName\":\"search_term_string\"}}],\"inLanguage\":\"en-US\"}]}<\/script>\n<!-- \/ Yoast SEO plugin. -->","yoast_head_json":{"title":"Tax and tax credit | IDODM","description":"Eye surgery is not subject to any tax and may give you a tax credit. There is no tax on surgical fees.","robots":{"index":"index","follow":"follow","max-snippet":"max-snippet:-1","max-image-preview":"max-image-preview:large","max-video-preview":"max-video-preview:-1"},"canonical":"https:\/\/lasikmontreal.com\/en\/tax-and-tax-credit\/","og_locale":"en_US","og_type":"article","og_title":"Tax and tax credit | IDODM","og_description":"Eye surgery is not subject to any tax and may give you a tax credit. There is no tax on surgical fees.","og_url":"https:\/\/lasikmontreal.com\/en\/tax-and-tax-credit\/","og_site_name":"L&#039;Institut de l&#039;oeil de Montr\u00e9al","article_modified_time":"2022-07-19T17:05:16+00:00","twitter_card":"summary_large_image","twitter_misc":{"Est. reading time":"2 minutes"},"schema":{"@context":"https:\/\/schema.org","@graph":[{"@type":"WebPage","@id":"https:\/\/lasikmontreal.com\/en\/tax-and-tax-credit\/","url":"https:\/\/lasikmontreal.com\/en\/tax-and-tax-credit\/","name":"Tax and tax credit | IDODM","isPartOf":{"@id":"https:\/\/lasikmontreal.com\/#website"},"datePublished":"2021-08-28T22:34:56+00:00","dateModified":"2022-07-19T17:05:16+00:00","description":"Eye surgery is not subject to any tax and may give you a tax credit. There is no tax on surgical fees.","inLanguage":"en-US","potentialAction":[{"@type":"ReadAction","target":["https:\/\/lasikmontreal.com\/en\/tax-and-tax-credit\/"]}]},{"@type":"WebSite","@id":"https:\/\/lasikmontreal.com\/#website","url":"https:\/\/lasikmontreal.com\/","name":"L&#039;Institut de l&#039;oeil de Montr\u00e9al","description":"Lasik Montr\u00e9al, Op\u00e9ration yeux au laser | IDODM","potentialAction":[{"@type":"SearchAction","target":{"@type":"EntryPoint","urlTemplate":"https:\/\/lasikmontreal.com\/?s={search_term_string}"},"query-input":{"@type":"PropertyValueSpecification","valueRequired":true,"valueName":"search_term_string"}}],"inLanguage":"en-US"}]}},"_links":{"self":[{"href":"https:\/\/lasikmontreal.com\/en\/wp-json\/wp\/v2\/pages\/12392","targetHints":{"allow":["GET"]}}],"collection":[{"href":"https:\/\/lasikmontreal.com\/en\/wp-json\/wp\/v2\/pages"}],"about":[{"href":"https:\/\/lasikmontreal.com\/en\/wp-json\/wp\/v2\/types\/page"}],"author":[{"embeddable":true,"href":"https:\/\/lasikmontreal.com\/en\/wp-json\/wp\/v2\/users\/1"}],"replies":[{"embeddable":true,"href":"https:\/\/lasikmontreal.com\/en\/wp-json\/wp\/v2\/comments?post=12392"}],"version-history":[{"count":3,"href":"https:\/\/lasikmontreal.com\/en\/wp-json\/wp\/v2\/pages\/12392\/revisions"}],"predecessor-version":[{"id":12913,"href":"https:\/\/lasikmontreal.com\/en\/wp-json\/wp\/v2\/pages\/12392\/revisions\/12913"}],"wp:attachment":[{"href":"https:\/\/lasikmontreal.com\/en\/wp-json\/wp\/v2\/media?parent=12392"}],"curies":[{"name":"wp","href":"https:\/\/api.w.org\/{rel}","templated":true}]}}