{"id":12391,"date":"2018-08-01T06:04:52","date_gmt":"2018-08-01T06:04:52","guid":{"rendered":"https:\/\/lasikmontreal.com\/soins-prives\/"},"modified":"2022-07-19T14:52:28","modified_gmt":"2022-07-19T14:52:28","slug":"private-care","status":"publish","type":"page","link":"https:\/\/lasikmontreal.com\/en\/private-care\/","title":{"rendered":"Private Care"},"content":{"rendered":"<section class=\"wpb-content-wrapper\"><p>[vc_row enable_overlay=&#8221;yes&#8221; css=&#8221;.vc_custom_1632859244159{padding-top: 280px !important;padding-bottom: 50px !important;background-image: url(https:\/\/lasikmontreal.com\/wp-content\/uploads\/2021\/09\/iStock-495624858.jpg?id=8634) !important;background-position: center !important;background-repeat: no-repeat !important;background-size: cover !important;}&#8221; overlay_bg=&#8221;rgba(0, 0, 0, 0.51)&#8221;][vc_column][\/vc_column][\/vc_row][vc_row css=&#8221;.vc_custom_1540479484361{margin-top: 100px !important;}&#8221;][vc_column enable_content_animation=&#8221;yes&#8221; ca_init_scale_x=&#8221;1&#8243; ca_init_scale_y=&#8221;1&#8243; ca_init_scale_z=&#8221;1&#8243; ca_init_opacity=&#8221;0&#8243; ca_an_scale_x=&#8221;1&#8243; ca_an_scale_y=&#8221;1&#8243; ca_an_scale_z=&#8221;1&#8243; ca_an_opacity=&#8221;1&#8243; offset=&#8221;vc_col-md-5&#8243; ca_duration=&#8221;1200&#8243; ca_delay=&#8221;160&#8243; ca_init_translate_x=&#8221;-46&#8243; responsive_css=&#8221;padding_left_medium:9.5%25&#8243;]<style>.ld_fancy_heading_69eb976463b85 h1{font-size:50px;line-height:1.25em;}.ld_fancy_heading_69eb976463b85 .lqd-highlight-inner{height:0.275em;bottom:0px;}<\/style><div class=\"ld-fancy-heading ld_fancy_heading_69eb976463b85\">\n\t<h1 class=\"lqd-highlight-underline lqd-highlight-grow-left\" data-fittext=\"true\" data-fittext-options='{\"compressor\":0.5,\"maxFontSize\":\"40\",\"minFontSize\":\"\"}'><span class=\"ld-fh-txt\">  Our <span style=\"color: #51bce5\">private<\/span> care<\/span><\/h1><\/div><style>.ld_spacer_69eb976463e1b{height:52px;}<\/style>\n<div class=\"ld-empty-space ld_spacer_69eb976463e1b\"><span class=\"liquid_empty_space_inner\"><\/span><\/div>[vc_row_inner][vc_column_inner offset=&#8221;vc_col-md-3&#8243;][vc_separator color=&#8221;custom&#8221; accent_color=&#8221;#51bce5&#8243; css=&#8221;.vc_custom_1629845911278{margin-top: 10px !important;}&#8221;][\/vc_column_inner][vc_column_inner offset=&#8221;vc_col-md-9&#8243;]<style>.ld_fancy_heading_69eb976463f18 p{font-size:24px;line-height:1.5em;color:rgb(0, 0, 0);}.ld_fancy_heading_69eb976463f18 .lqd-highlight-inner{height:0.275em;bottom:0px;}<\/style><div class=\"ld-fancy-heading ld_fancy_heading_69eb976463f18\">\n\t<p class=\"lqd-highlight-underline lqd-highlight-grow-left\" ><span class=\"ld-fh-txt\"> Fees are not covered by the RAMQ*.<\/span><\/p><\/div><style>.ld_fancy_heading_69eb976464059 p{font-size:14px;line-height:1.5em;color:rgba(0, 0, 0, 0.61);}.ld_fancy_heading_69eb976464059 .lqd-highlight-inner{height:0.275em;bottom:0px;}<\/style><div class=\"ld-fancy-heading ld_fancy_heading_69eb976464059\">\n\t<p class=\"lqd-highlight-underline lqd-highlight-grow-left\" ><span class=\"ld-fh-txt\"> *Quebec Health Insurance Plan<\/span><\/p><\/div><style>.ld_spacer_69eb97646411f{height:25px;}<\/style>\n<div class=\"ld-empty-space ld_spacer_69eb97646411f\"><span class=\"liquid_empty_space_inner\"><\/span><\/div><style>.ld_list_69eb976464189 li{margin-bottom:px;}.ld_list_69eb976464189 > li{font-size:18px;font-weight:400;}<\/style><div class=\"one-bullet-list\">\n\n\t<ul id=\"ld_list_69eb976464189\" class=\"reset-ul ld_list_69eb976464189\">\n\t\t<li>Refractive cataract surgery without blade<\/li><li>Surgical correction of presbyopia without blades<\/li><li>Bladeless laser vision correction<\/li><li>Surgical correction of advanced myopia<\/li>\t<\/ul>\n\n<\/div><!-- \/.one-bullet-list --><style>.ld_spacer_69eb976464253{height:25px;}<\/style>\n<div class=\"ld-empty-space ld_spacer_69eb976464253\"><span class=\"liquid_empty_space_inner\"><\/span><\/div>[\/vc_column_inner][\/vc_row_inner][\/vc_column][vc_column offset=&#8221;vc_col-md-offset-1 vc_col-md-5&#8243;]<div id=\"ld_images_group_container_69eb976464305\" class=\"liquid-img-group-container ld_images_group_container_69eb976464305\"  >\n\t<div class=\"liquid-img-group-inner\">\n\t\t<div id=\"ld_images_group_element_69eb976464440\" class=\"liquid-img-group-single ld_images_group_element_69eb976464440\" data-reveal=\"true\" data-reveal-options='{\"direction\":\"lr\",\"bgcolor\":\"\",\"delay\":\"\"}'>\n\t\n\t\t\n\t<div class=\"liquid-img-group-img-container\">\n\t\t\n\t\t\n\t\t\t\t\n\t\t\t\t<div class=\"liquid-img-container-inner\" data-parallax=\"true\" data-parallax-from='{\"translateY\":125}' data-parallax-to='{\"translateY\":-95}' data-parallax-options='{\"overflowHidden\":false,\"easing\":\"linear\"}'>\n\t\t\t<figure ><img loading=\"lazy\" decoding=\"async\" width=\"787\" height=\"836\" src=\"data:image\/svg+xml;charset=utf-8,&lt;svg xmlns%3D&#039;http%3A%2F%2Fwww.w3.org%2F2000%2Fsvg&#039; viewBox%3D&#039;0 0 787 836&#039;%2F&gt;\" class=\"attachment-full size-full ld-lazyload\" alt=\"\" srcset=\"\" sizes=\"auto, (max-width: 787px) 100vw, 787px\" data-src=\"https:\/\/lasikmontreal.com\/wp-content\/uploads\/2021\/09\/iStock-1297475344.jpg\" data-srcset=\"https:\/\/lasikmontreal.com\/wp-content\/uploads\/2021\/09\/iStock-1297475344.jpg 787w, https:\/\/lasikmontreal.com\/wp-content\/uploads\/2021\/09\/iStock-1297475344-282x300.jpg 282w\" data-aspect=\"0.94138755980861\" \/><\/figure>\t\t\t\t\t<\/div><!-- \/.liquid-img-container-inner -->\n\t\t\n\t<\/div><!-- \/.liquid-img-group-content -->\n<\/div><!-- \/.liquid-img-group-single -->\n\t\n\t<\/div><!-- \/.liquid-img-group-inner -->\n<\/div><!-- \/.liquid-img-group-container -->[vc_row_inner css=&#8221;.vc_custom_1533109756635{margin-top: -200px !important;}&#8221;][vc_column_inner parallax=&#8221;yes&#8221; scale_from_x=&#8221;1&#8243; scale_from_y=&#8221;1&#8243; scale_from_z=&#8221;1&#8243; from_opacity=&#8221;1&#8243; scale_to_x=&#8221;1&#8243; scale_to_y=&#8221;1&#8243; scale_to_z=&#8221;1&#8243; to_opacity=&#8221;1&#8243; css=&#8221;.vc_custom_1533109888890{padding-top: 30px !important;padding-right: 15px !important;padding-bottom: 15px !important;padding-left: 15px !important;background-color: #ffffff !important;}&#8221; translate_from_y=&#8221;-46&#8243; translate_to_y=&#8221;-114&#8243;]<style>.ld_fancy_heading_69eb97648abb7 h2{font-size:22px;line-height:1.1em;font-weight:400;}.ld_fancy_heading_69eb97648abb7 .lqd-highlight-inner{height:0.275em;bottom:0px;}<\/style><div class=\"ld-fancy-heading mask-text text-uppercase ld_fancy_heading_69eb97648abb7\">\n\t<h2 class=\"lqd-highlight-underline lqd-highlight-grow-left\" data-split-text=\"true\" data-custom-animations=\"true\" data-ca-options='{\"triggerHandler\":\"inview\",\"animationTarget\":\".lqd-lines .split-inner\",\"duration\":\"1200\",\"delay\":\"160\",\"easing\":\"easeOutQuint\",\"direction\":\"forward\",\"initValues\":{\"translateY\":91},\"animations\":{\"translateY\":0}}' data-split-options='{\"type\":\"lines\"}'><span class=\"ld-fh-txt\"> SURGICAL OPTIONS DEPENDING ON THE <span style=\"color: #51bce5\">NEEDS OF EACH PATIENT<\/span><\/span><\/h2><\/div>[\/vc_column_inner][\/vc_row_inner][\/vc_column][\/vc_row][vc_row enable_content_animation=&#8221;yes&#8221; ca_init_scale_x=&#8221;1&#8243; ca_init_scale_y=&#8221;1&#8243; ca_init_scale_z=&#8221;1&#8243; ca_init_opacity=&#8221;0&#8243; ca_an_scale_x=&#8221;1&#8243; ca_an_scale_y=&#8221;1&#8243; ca_an_scale_z=&#8221;1&#8243; ca_an_opacity=&#8221;1&#8243; css=&#8221;.vc_custom_1629851201469{padding-top: 150px !important;padding-bottom: 150px !important;}&#8221; ca_duration=&#8221;1200&#8243; ca_delay=&#8221;150&#8243; ca_init_translate_y=&#8221;60&#8243;][vc_column align=&#8221;text-center&#8221; offset=&#8221;vc_col-md-offset-3 vc_col-md-6&#8243;]<style>.ld_fancy_heading_69eb97648af2c h2{font-size:40px;}.ld_fancy_heading_69eb97648af2c .lqd-highlight-inner{height:0.275em;bottom:0px;}<\/style><div class=\"ld-fancy-heading ld_fancy_heading_69eb97648af2c\">\n\t<h2 class=\"lqd-highlight-underline lqd-highlight-grow-left\" ><span class=\"ld-fh-txt\"> Private care at the Montreal Eye Institute<\/span><\/h2><\/div><style>.ld_spacer_69eb97648aff2{height:50px;}<\/style>\n<div class=\"ld-empty-space ld_spacer_69eb97648aff2\"><span class=\"liquid_empty_space_inner\"><\/span><\/div>[\/vc_column][vc_column offset=&#8221;vc_col-md-4&#8243; css=&#8221;.vc_custom_1531990587404{padding-right: 20% !important;padding-left: 15% !important;}&#8221;]<style>.ld_icon_box_69eb97648b16c .iconbox-icon-container{color:rgb(81, 188, 229);border-radius:px;}.ld_icon_box_69eb97648b16c h3{color:rgb(0, 0, 0);}<\/style>\n<div class=\"iconbox text-left iconbox-xl iconbox-heading-md ld_icon_box_69eb97648b16c\" id=\"ld_icon_box_69eb97648b16c\"  data-plugin-options='{\"color\":\"rgb(81, 188, 229)\"}'  >\n\t\n\t\t<div class=\"iconbox-icon-wrap\"><span class=\"iconbox-icon-container\"><i class=\"icon-md-contacts\"><\/i><\/span><\/div><!-- \/.iconbox-icon-wrap -->\t\n\t\t\n\t<div class=\"contents\">\t\n\t<h3 class=\"font-weight-normal\" >Quality service and speed<\/h3>\t<p><span style=\"font-weight: 400\">Interaction is essential to us, which is why we take a real interest in responding effectively to your needs in a timely manner.<\/span><\/p>\n\t\t\n\t<\/div>\t\n\t\n<\/div>\n[\/vc_column][vc_column offset=&#8221;vc_col-md-4&#8243; css=&#8221;.vc_custom_1531990580962{padding-right: 20% !important;padding-left: 15% !important;}&#8221;]<style>.ld_icon_box_69eb97648e714 .iconbox-icon-container{color:rgb(81, 188, 229);border-radius:px;}.ld_icon_box_69eb97648e714 h3{color:rgb(0, 0, 0);}<\/style>\n<div class=\"iconbox text-left iconbox-xl iconbox-heading-md ld_icon_box_69eb97648e714\" id=\"ld_icon_box_69eb97648e714\"  data-plugin-options='{\"color\":\"rgb(81, 188, 229)\"}'  >\n\t\n\t\t<div class=\"iconbox-icon-wrap\"><span class=\"iconbox-icon-container\"><i class=\"icon-et-genius\"><\/i><\/span><\/div><!-- \/.iconbox-icon-wrap -->\t\n\t\t\n\t<div class=\"contents\">\t\n\t<h3 class=\"font-weight-normal\" >Technology<\/h3>\t<p>Thanks to our state-of-the-art equipment, a precise evaluation of your eyes will allow us to present you with the most suitable solution.<\/p>\n\t\t\n\t<\/div>\t\n\t\n<\/div>\n[\/vc_column][vc_column offset=&#8221;vc_col-md-4&#8243; css=&#8221;.vc_custom_1531990633769{padding-right: 20% !important;padding-left: 15% !important;}&#8221;]<style>.ld_icon_box_69eb976490c7c .iconbox-icon-container{color:rgb(81, 188, 229);border-radius:px;}.ld_icon_box_69eb976490c7c h3{color:rgb(0, 0, 0);}<\/style>\n<div class=\"iconbox text-left iconbox-xl iconbox-heading-md ld_icon_box_69eb976490c7c\" id=\"ld_icon_box_69eb976490c7c\"  data-plugin-options='{\"color\":\"rgb(81, 188, 229)\"}'  >\n\t\n\t\t<div class=\"iconbox-icon-wrap\"><span class=\"iconbox-icon-container\"><i class=\"icon-ion-ios-people\"><\/i><\/span><\/div><!-- \/.iconbox-icon-wrap -->\t\n\t\t\n\t<div class=\"contents\">\t\n\t<h3 class=\"font-weight-normal\" >Experienced doctor<\/h3>\t<p>With many years of experience, our specialists present you with the best possible surgical options.<\/p>\n\t\t\n\t<\/div>\t\n\t\n<\/div>\n[\/vc_column][\/vc_row][vc_row full_width=&#8221;stretch_row&#8221; gap=&#8221;0&#8243; equal_height=&#8221;yes&#8221; content_placement=&#8221;middle&#8221; css=&#8221;.vc_custom_1629851011918{background-color: #51bce5 !important;}&#8221; el_id=&#8221;services&#8221;][vc_column enable_content_animation=&#8221;yes&#8221; ca_init_scale_x=&#8221;1.25&#8243; ca_init_scale_y=&#8221;1.25&#8243; ca_init_scale_z=&#8221;1&#8243; ca_init_opacity=&#8221;0&#8243; ca_an_scale_x=&#8221;1&#8243; ca_an_scale_y=&#8221;1&#8243; ca_an_scale_z=&#8221;1&#8243; ca_an_opacity=&#8221;1&#8243; offset=&#8221;vc_col-lg-6&#8243; responsive_css=&#8221;padding_top_medium:0px|padding_right_medium:10vw|padding_bottom_medium:0px|padding_left_medium:10vw&#8221; css=&#8221;.vc_custom_1629851146116{margin-top: 100px !important;margin-bottom: 100px !important;padding-top: 60px !important;padding-right: 15px !important;padding-bottom: 60px !important;padding-left: 15px !important;}&#8221; ca_duration=&#8221;1600&#8243; ca_delay=&#8221;160&#8243; ca_init_translate_y=&#8221;46&#8243;]<style>.ld_fancy_heading_69eb9764917b8 h2{font-size:35px;line-height:1.2em;color:rgb(255, 255, 255);}.ld_fancy_heading_69eb9764917b8 h2 {margin-bottom:1.5em !important;  } .ld_fancy_heading_69eb9764917b8 .lqd-highlight-inner{height:0.275em;bottom:0px;}.ld_fancy_heading_69eb9764917b8 h2 {margin-bottom:1.5em !important;  } <\/style><div class=\"ld-fancy-heading ld_fancy_heading_69eb9764917b8\">\n\t<h2 class=\"lqd-highlight-underline lqd-highlight-grow-left\" ><span class=\"ld-fh-txt\"> Free consultation for an ophthalmic examination for vision correction surgery<\/span><\/h2><\/div>[vc_separator color=&#8221;custom&#8221; accent_color=&#8221;#ebebeb&#8221;]<style>.ld_icon_box_69eb976493774 .iconbox-icon-container{color:rgb(255, 255, 255);border-radius:px;}.ld_icon_box_69eb976493774 h3{color:rgb(255, 255, 255);margin-bottom:px;font-size:20px;}<\/style>\n<div class=\"iconbox iconbox-side text-left iconbox-lg ld_icon_box_69eb976493774 vc_custom_1657904547737\" id=\"ld_icon_box_69eb976493774\"  data-animate-icon=\"true\" data-plugin-options='{\"resetOnHover\":true,\"color\":\"rgb(255, 255, 255)\"}'  >\n\t\n\t\t<div class=\"iconbox-icon-wrap\"><span class=\"iconbox-icon-container\"><?xml version=\"1.0\" encoding=\"utf-8\"?>\r\n<!-- Generator: Adobe Illustrator 16.0.0, SVG Export Plug-In . SVG Version: 6.00 Build 0)  -->\r\n<!DOCTYPE svg PUBLIC \"-\/\/W3C\/\/DTD SVG 1.1\/\/EN\" \"http:\/\/www.w3.org\/Graphics\/SVG\/1.1\/DTD\/svg11.dtd\">\r\n<svg version=\"1.1\" id=\"Layer_1\" xmlns=\"http:\/\/www.w3.org\/2000\/svg\" xmlns:xlink=\"http:\/\/www.w3.org\/1999\/xlink\" x=\"0px\" y=\"0px\"\r\n\t width=\"64px\" height=\"64px\" viewBox=\"0 0 64 64\" enable-background=\"new 0 0 64 64\" xml:space=\"preserve\">\r\n<g>\r\n\t<polyline fill=\"none\" stroke=\"#000000\" stroke-width=\"2\" stroke-linejoin=\"bevel\" stroke-miterlimit=\"10\" points=\"13,33 25,45 \r\n\t\t49,21 \t\"\/>\r\n<\/g>\r\n<rect x=\"1\" y=\"1\" fill=\"none\" stroke=\"#000000\" stroke-width=\"2\" stroke-miterlimit=\"10\" width=\"62\" height=\"62\"\/>\r\n<\/svg>\r\n<\/span><\/div><!-- \/.iconbox-icon-wrap -->\t\n\t\t\n\t<div class=\"contents\">\t\n\t<h3 class=\"font-weight-normal\" >Fast and efficient<\/h3>\t<p><span style=\"color: #ffffff\">We offer a fast and efficient consultation service including the technical examinations necessary for refractive surgery.<\/span><\/p>\n\t\t\n\t<\/div>\t\n\t\n<\/div>\n<style>.ld_spacer_69eb9764a6a5a{height:25px;}<\/style>\n<div class=\"ld-empty-space ld_spacer_69eb9764a6a5a\"><span class=\"liquid_empty_space_inner\"><\/span><\/div><style>.ld_button_69eb9764a6bc1.btn-icon-solid .btn-icon{background:rgb(255, 255, 255);}.ld_button_69eb9764a6bc1.btn-icon-circle.btn-icon-ripple .btn-icon:before{border-color:rgb(255, 255, 255);}.ld_button_69eb9764a6bc1.btn-icon-solid:hover .btn-icon{background:rgba(0, 0, 0, 0.73);}.ld_button_69eb9764a6bc1{color:rgb(255, 255, 255);font-size:14px !important;letter-spacing:0.075em !important;}.ld_button_69eb9764a6bc1:hover{color:rgba(0, 0, 0, 0.73);}<\/style><a href=\"https:\/\/lasikmontreal.com\/en\/online-appointment\/\" title=\"Online appointment\" class=\"btn btn-naked text-uppercase ld_button_69eb9764a6bc1\">\n\t<span>\n\t\t\n\t\t\t\t\t<span class=\"btn-txt\">MAKE AN APPOINTMENT<\/span>\n\t\t\t\n\t<span class=\"btn-icon\"><i class=\"icon-md-arrow-forward\"><\/i><\/span>\t\t\t<\/span>\n<\/a>\n[\/vc_column][vc_column offset=&#8221;vc_col-lg-6&#8243; css=&#8221;.vc_custom_1632859465079{background-image: url(https:\/\/lasikmontreal.com\/wp-content\/uploads\/2021\/09\/iStock-1266098429-1.jpg?id=8639) !important;background-position: center !important;background-repeat: no-repeat !important;background-size: cover !important;}&#8221;][vc_single_image image=&#8221;8638&#8243; img_size=&#8221;full&#8221; alignment=&#8221;center&#8221; invisible=&#8221;yes&#8221;][\/vc_column][\/vc_row]<\/p>\n<\/section>","protected":false},"excerpt":{"rendered":"<p>[vc_row enable_overlay=&#8221;yes&#8221; css=&#8221;.vc_custom_1632859244159{padding-top: 280px !important;padding-bottom: 50px !important;background-image: url(https:\/\/lasikmontreal.com\/wp-content\/uploads\/2021\/09\/iStock-495624858.jpg?id=8634) !important;background-position: center !important;background-repeat: no-repeat !important;background-size: cover !important;}&#8221;&#8230;<\/p>\n","protected":false},"author":1,"featured_media":0,"parent":0,"menu_order":0,"comment_status":"closed","ping_status":"closed","template":"","meta":{"footnotes":""},"class_list":["post-12391","page","type-page","status-publish","hentry"],"yoast_head":"<!-- This site is optimized with the Yoast SEO plugin v27.4 - https:\/\/yoast.com\/product\/yoast-seo-wordpress\/ -->\n<title>Our Private Eye Care | Montreal Eye Institute<\/title>\n<meta name=\"description\" content=\"Free consultation for an ophthalmic examination for vision correction surgery (Lasik, Cataract, Presbyopia, Advanced Myopia)\" \/>\n<meta name=\"robots\" content=\"index, follow, max-snippet:-1, max-image-preview:large, max-video-preview:-1\" \/>\n<link rel=\"canonical\" href=\"https:\/\/lasikmontreal.com\/en\/private-care\/\" \/>\n<meta property=\"og:locale\" content=\"en_US\" \/>\n<meta property=\"og:type\" content=\"article\" \/>\n<meta property=\"og:title\" content=\"Our Private Eye Care | Montreal Eye Institute\" \/>\n<meta property=\"og:description\" content=\"Free consultation for an ophthalmic examination for vision correction surgery (Lasik, Cataract, Presbyopia, Advanced Myopia)\" \/>\n<meta property=\"og:url\" content=\"https:\/\/lasikmontreal.com\/en\/private-care\/\" \/>\n<meta property=\"og:site_name\" content=\"L&#039;Institut de l&#039;oeil de Montr\u00e9al\" \/>\n<meta property=\"article:modified_time\" content=\"2022-07-19T14:52:28+00:00\" \/>\n<meta name=\"twitter:card\" content=\"summary_large_image\" \/>\n<meta name=\"twitter:label1\" content=\"Est. reading time\" \/>\n\t<meta name=\"twitter:data1\" content=\"3 minutes\" \/>\n<script type=\"application\/ld+json\" class=\"yoast-schema-graph\">{\"@context\":\"https:\\\/\\\/schema.org\",\"@graph\":[{\"@type\":\"WebPage\",\"@id\":\"https:\\\/\\\/lasikmontreal.com\\\/en\\\/private-care\\\/\",\"url\":\"https:\\\/\\\/lasikmontreal.com\\\/en\\\/private-care\\\/\",\"name\":\"Our Private Eye Care | Montreal Eye Institute\",\"isPartOf\":{\"@id\":\"https:\\\/\\\/lasikmontreal.com\\\/#website\"},\"datePublished\":\"2018-08-01T06:04:52+00:00\",\"dateModified\":\"2022-07-19T14:52:28+00:00\",\"description\":\"Free consultation for an ophthalmic examination for vision correction surgery (Lasik, Cataract, Presbyopia, Advanced Myopia)\",\"inLanguage\":\"en-US\",\"potentialAction\":[{\"@type\":\"ReadAction\",\"target\":[\"https:\\\/\\\/lasikmontreal.com\\\/en\\\/private-care\\\/\"]}]},{\"@type\":\"WebSite\",\"@id\":\"https:\\\/\\\/lasikmontreal.com\\\/#website\",\"url\":\"https:\\\/\\\/lasikmontreal.com\\\/\",\"name\":\"L&#039;Institut de l&#039;oeil de Montr\u00e9al\",\"description\":\"Lasik Montr\u00e9al, Op\u00e9ration yeux au laser | IDODM\",\"potentialAction\":[{\"@type\":\"SearchAction\",\"target\":{\"@type\":\"EntryPoint\",\"urlTemplate\":\"https:\\\/\\\/lasikmontreal.com\\\/?s={search_term_string}\"},\"query-input\":{\"@type\":\"PropertyValueSpecification\",\"valueRequired\":true,\"valueName\":\"search_term_string\"}}],\"inLanguage\":\"en-US\"}]}<\/script>\n<!-- \/ Yoast SEO plugin. -->","yoast_head_json":{"title":"Our Private Eye Care | Montreal Eye Institute","description":"Free consultation for an ophthalmic examination for vision correction surgery (Lasik, Cataract, Presbyopia, Advanced Myopia)","robots":{"index":"index","follow":"follow","max-snippet":"max-snippet:-1","max-image-preview":"max-image-preview:large","max-video-preview":"max-video-preview:-1"},"canonical":"https:\/\/lasikmontreal.com\/en\/private-care\/","og_locale":"en_US","og_type":"article","og_title":"Our Private Eye Care | Montreal Eye Institute","og_description":"Free consultation for an ophthalmic examination for vision correction surgery (Lasik, Cataract, Presbyopia, Advanced Myopia)","og_url":"https:\/\/lasikmontreal.com\/en\/private-care\/","og_site_name":"L&#039;Institut de l&#039;oeil de Montr\u00e9al","article_modified_time":"2022-07-19T14:52:28+00:00","twitter_card":"summary_large_image","twitter_misc":{"Est. reading time":"3 minutes"},"schema":{"@context":"https:\/\/schema.org","@graph":[{"@type":"WebPage","@id":"https:\/\/lasikmontreal.com\/en\/private-care\/","url":"https:\/\/lasikmontreal.com\/en\/private-care\/","name":"Our Private Eye Care | Montreal Eye Institute","isPartOf":{"@id":"https:\/\/lasikmontreal.com\/#website"},"datePublished":"2018-08-01T06:04:52+00:00","dateModified":"2022-07-19T14:52:28+00:00","description":"Free consultation for an ophthalmic examination for vision correction surgery (Lasik, Cataract, Presbyopia, Advanced Myopia)","inLanguage":"en-US","potentialAction":[{"@type":"ReadAction","target":["https:\/\/lasikmontreal.com\/en\/private-care\/"]}]},{"@type":"WebSite","@id":"https:\/\/lasikmontreal.com\/#website","url":"https:\/\/lasikmontreal.com\/","name":"L&#039;Institut de l&#039;oeil de Montr\u00e9al","description":"Lasik Montr\u00e9al, Op\u00e9ration yeux au laser | IDODM","potentialAction":[{"@type":"SearchAction","target":{"@type":"EntryPoint","urlTemplate":"https:\/\/lasikmontreal.com\/?s={search_term_string}"},"query-input":{"@type":"PropertyValueSpecification","valueRequired":true,"valueName":"search_term_string"}}],"inLanguage":"en-US"}]}},"_links":{"self":[{"href":"https:\/\/lasikmontreal.com\/en\/wp-json\/wp\/v2\/pages\/12391","targetHints":{"allow":["GET"]}}],"collection":[{"href":"https:\/\/lasikmontreal.com\/en\/wp-json\/wp\/v2\/pages"}],"about":[{"href":"https:\/\/lasikmontreal.com\/en\/wp-json\/wp\/v2\/types\/page"}],"author":[{"embeddable":true,"href":"https:\/\/lasikmontreal.com\/en\/wp-json\/wp\/v2\/users\/1"}],"replies":[{"embeddable":true,"href":"https:\/\/lasikmontreal.com\/en\/wp-json\/wp\/v2\/comments?post=12391"}],"version-history":[{"count":5,"href":"https:\/\/lasikmontreal.com\/en\/wp-json\/wp\/v2\/pages\/12391\/revisions"}],"predecessor-version":[{"id":12868,"href":"https:\/\/lasikmontreal.com\/en\/wp-json\/wp\/v2\/pages\/12391\/revisions\/12868"}],"wp:attachment":[{"href":"https:\/\/lasikmontreal.com\/en\/wp-json\/wp\/v2\/media?parent=12391"}],"curies":[{"name":"wp","href":"https:\/\/api.w.org\/{rel}","templated":true}]}}