{"id":12390,"date":"2021-08-25T00:48:31","date_gmt":"2021-08-25T00:48:31","guid":{"rendered":"https:\/\/lasikmontreal.com\/soins-couverts-par-la-ramq\/"},"modified":"2022-07-19T14:54:08","modified_gmt":"2022-07-19T14:54:08","slug":"care-covered-by-the-ramq","status":"publish","type":"page","link":"https:\/\/lasikmontreal.com\/en\/care-covered-by-the-ramq\/","title":{"rendered":"Care covered by the RAMQ"},"content":{"rendered":"<section class=\"wpb-content-wrapper\"><p>[vc_row enable_overlay=&#8221;yes&#8221; css=&#8221;.vc_custom_1629852326001{padding-top: 280px !important;padding-bottom: 50px !important;background-image: url(https:\/\/lasikmontreal.com\/wp-content\/uploads\/2021\/08\/institut-Oeil_02_Bweb-1.jpeg?id=7119) !important;background-position: center !important;background-repeat: no-repeat !important;background-size: cover !important;}&#8221; overlay_bg=&#8221;rgba(0, 0, 0, 0.51)&#8221;][vc_column][\/vc_column][\/vc_row][vc_row css=&#8221;.vc_custom_1629853186676{margin-top: 100px !important;padding-bottom: 150px !important;}&#8221;][vc_column enable_content_animation=&#8221;yes&#8221; ca_init_scale_x=&#8221;1&#8243; ca_init_scale_y=&#8221;1&#8243; ca_init_scale_z=&#8221;1&#8243; ca_init_opacity=&#8221;0&#8243; ca_an_scale_x=&#8221;1&#8243; ca_an_scale_y=&#8221;1&#8243; ca_an_scale_z=&#8221;1&#8243; ca_an_opacity=&#8221;1&#8243; offset=&#8221;vc_col-md-5&#8243; ca_duration=&#8221;1200&#8243; ca_delay=&#8221;160&#8243; ca_init_translate_x=&#8221;-46&#8243; responsive_css=&#8221;padding_left_medium:9.5%25&#8243;]<style>.ld_fancy_heading_69eba9466efa5 h1{font-size:50px;line-height:1.25em;}.ld_fancy_heading_69eba9466efa5 .lqd-highlight-inner{height:0.275em;bottom:0px;}<\/style><div class=\"ld-fancy-heading ld_fancy_heading_69eba9466efa5\">\n\t<h1 class=\"lqd-highlight-underline lqd-highlight-grow-left\" data-fittext=\"true\" data-fittext-options='{\"compressor\":0.5,\"maxFontSize\":\"40\",\"minFontSize\":\"\"}'><span class=\"ld-fh-txt\"> Care covered by the<span style=\"color: #51bce5\"> RAMQ*<\/span><\/span><\/h1><\/div><style>.ld_spacer_69eba9466f1c8{height:52px;}<\/style>\n<div class=\"ld-empty-space ld_spacer_69eba9466f1c8\"><span class=\"liquid_empty_space_inner\"><\/span><\/div>[vc_row_inner][vc_column_inner offset=&#8221;vc_col-md-3&#8243;][vc_separator color=&#8221;custom&#8221; accent_color=&#8221;#51bce5&#8243; css=&#8221;.vc_custom_1629845911278{margin-top: 10px !important;}&#8221;][\/vc_column_inner][vc_column_inner offset=&#8221;vc_col-md-9&#8243;]<style>.ld_fancy_heading_69eba9466f2a8 p{font-size:24px;line-height:1.5em;color:rgb(0, 0, 0);}.ld_fancy_heading_69eba9466f2a8 .lqd-highlight-inner{height:0.275em;bottom:0px;}<\/style><div class=\"ld-fancy-heading ld_fancy_heading_69eba9466f2a8\">\n\t<p class=\"lqd-highlight-underline lqd-highlight-grow-left\" ><span class=\"ld-fh-txt\"> Are you eligible for Medicare?<\/span><\/p><\/div><style>.ld_spacer_69eba9466f36d{height:25px;}<\/style>\n<div class=\"ld-empty-space ld_spacer_69eba9466f36d\"><span class=\"liquid_empty_space_inner\"><\/span><\/div><style>.ld_fancy_heading_69eba9466f416 p{font-size:20px;line-height:1.5em;font-weight:300;color:rgba(0, 0, 0, 0.61);}.ld_fancy_heading_69eba9466f416 .lqd-highlight-inner{height:0.275em;bottom:0px;}<\/style><div class=\"ld-fancy-heading ld_fancy_heading_69eba9466f416\">\n\t<p class=\"lqd-highlight-underline lqd-highlight-grow-left\" ><span class=\"ld-fh-txt\"> We offer you:<\/span><\/p><\/div><style>.ld_spacer_69eba9466f4a7{height:25px;}<\/style>\n<div class=\"ld-empty-space ld_spacer_69eba9466f4a7\"><span class=\"liquid_empty_space_inner\"><\/span><\/div><style>.ld_list_69eba9466f51f li{margin-bottom:px;}.ld_list_69eba9466f51f > li{font-size:18px;font-weight:400;}<\/style><div class=\"one-bullet-list\">\n\n\t<ul id=\"ld_list_69eba9466f51f\" class=\"reset-ul ld_list_69eba9466f51f\">\n\t\t<li>General exam to assess the health of your eyes.<\/li><li>Specialized examination for a more complete evaluation of an ocular problem<\/li>\t<\/ul>\n\n<\/div><!-- \/.one-bullet-list --><style>.ld_spacer_69eba9466f5a3{height:25px;}<\/style>\n<div class=\"ld-empty-space ld_spacer_69eba9466f5a3\"><span class=\"liquid_empty_space_inner\"><\/span><\/div><style>.ld_fancy_heading_69eba9466f641 p{font-size:14px;line-height:1.5em;color:rgba(0, 0, 0, 0.61);}.ld_fancy_heading_69eba9466f641 .lqd-highlight-inner{height:0.275em;bottom:0px;}<\/style><div class=\"ld-fancy-heading ld_fancy_heading_69eba9466f641\">\n\t<p class=\"lqd-highlight-underline lqd-highlight-grow-left\" ><span class=\"ld-fh-txt\"> *Quebec Health Insurance Plan<\/span><\/p><\/div><style>.ld_spacer_69eba9466f6d1{height:25px;}<\/style>\n<div class=\"ld-empty-space ld_spacer_69eba9466f6d1\"><span class=\"liquid_empty_space_inner\"><\/span><\/div><style>.ld_button_69eba9466f7b8.btn-icon-solid .btn-icon{background:rgb(81, 188, 229);}.ld_button_69eba9466f7b8.btn-icon-circle.btn-icon-ripple .btn-icon:before{border-color:rgb(81, 188, 229);}.ld_button_69eba9466f7b8.btn-icon-solid:hover .btn-icon{background:rgba(0, 0, 0, 0.73);}.ld_button_69eba9466f7b8{color:rgb(81, 188, 229);font-size:14px !important;letter-spacing:0.075em !important;}.ld_button_69eba9466f7b8:hover{color:rgba(0, 0, 0, 0.73);}<\/style><a href=\"https:\/\/lasikmontreal.com\/en\/online-appointment\/\" title=\"Online appointment\" class=\"btn btn-naked text-uppercase ld_button_69eba9466f7b8\">\n\t<span>\n\t\t\n\t\t\t\t\t<span class=\"btn-txt\">MAKE AN APPOINTMENT<\/span>\n\t\t\t\n\t<span class=\"btn-icon\"><i class=\"icon-md-arrow-forward\"><\/i><\/span>\t\t\t<\/span>\n<\/a>\n[\/vc_column_inner][\/vc_row_inner][\/vc_column][vc_column offset=&#8221;vc_col-md-offset-1 vc_col-md-5&#8243;]<div id=\"ld_images_group_container_69eba94672fc2\" class=\"liquid-img-group-container ld_images_group_container_69eba94672fc2\"  >\n\t<div class=\"liquid-img-group-inner\">\n\t\t<div id=\"ld_images_group_element_69eba94673205\" class=\"liquid-img-group-single ld_images_group_element_69eba94673205\" data-reveal=\"true\" data-reveal-options='{\"direction\":\"lr\",\"bgcolor\":\"\",\"delay\":\"\"}'>\n\t\n\t\t\n\t<div class=\"liquid-img-group-img-container\">\n\t\t\n\t\t\n\t\t\t\t\n\t\t\t\t<div class=\"liquid-img-container-inner\" data-parallax=\"true\" data-parallax-from='{\"translateY\":125}' data-parallax-to='{\"translateY\":-95}' data-parallax-options='{\"overflowHidden\":false,\"easing\":\"linear\"}'>\n\t\t\t<figure ><img loading=\"lazy\" decoding=\"async\" width=\"1858\" height=\"2560\" src=\"data:image\/svg+xml;charset=utf-8,&lt;svg xmlns%3D&#039;http%3A%2F%2Fwww.w3.org%2F2000%2Fsvg&#039; viewBox%3D&#039;0 0 1858 2560&#039;%2F&gt;\" class=\"attachment-full size-full ld-lazyload\" alt=\"\" srcset=\"\" sizes=\"auto, (max-width: 1858px) 100vw, 1858px\" data-src=\"https:\/\/lasikmontreal.com\/wp-content\/uploads\/2021\/08\/0192_Ferlandphoto-compressor-copie-scaled.jpeg\" data-srcset=\"https:\/\/lasikmontreal.com\/wp-content\/uploads\/2021\/08\/0192_Ferlandphoto-compressor-copie-scaled.jpeg 1858w, https:\/\/lasikmontreal.com\/wp-content\/uploads\/2021\/08\/0192_Ferlandphoto-compressor-copie-218x300.jpeg 218w, https:\/\/lasikmontreal.com\/wp-content\/uploads\/2021\/08\/0192_Ferlandphoto-compressor-copie-743x1024.jpeg 743w\" data-aspect=\"0.72578125\" \/><\/figure>\t\t\t\t\t<\/div><!-- \/.liquid-img-container-inner -->\n\t\t\n\t<\/div><!-- \/.liquid-img-group-content -->\n<\/div><!-- \/.liquid-img-group-single -->\n\t\n\t<\/div><!-- \/.liquid-img-group-inner -->\n<\/div><!-- \/.liquid-img-group-container -->[vc_row_inner css=&#8221;.vc_custom_1533109756635{margin-top: -200px !important;}&#8221;][vc_column_inner parallax=&#8221;yes&#8221; scale_from_x=&#8221;1&#8243; scale_from_y=&#8221;1&#8243; scale_from_z=&#8221;1&#8243; from_opacity=&#8221;1&#8243; scale_to_x=&#8221;1&#8243; scale_to_y=&#8221;1&#8243; scale_to_z=&#8221;1&#8243; to_opacity=&#8221;1&#8243; css=&#8221;.vc_custom_1533109888890{padding-top: 30px !important;padding-right: 15px !important;padding-bottom: 15px !important;padding-left: 15px !important;background-color: #ffffff !important;}&#8221; translate_from_y=&#8221;-46&#8243; translate_to_y=&#8221;-114&#8243;]<style>.ld_fancy_heading_69eba9469efe7 h2{font-size:22px;line-height:1.1em;font-weight:400;}.ld_fancy_heading_69eba9469efe7 .lqd-highlight-inner{height:0.275em;bottom:0px;}<\/style><div class=\"ld-fancy-heading mask-text text-uppercase ld_fancy_heading_69eba9469efe7\">\n\t<h2 class=\"lqd-highlight-underline lqd-highlight-grow-left\" data-split-text=\"true\" data-custom-animations=\"true\" data-ca-options='{\"triggerHandler\":\"inview\",\"animationTarget\":\".lqd-lines .split-inner\",\"duration\":\"1200\",\"delay\":\"160\",\"easing\":\"easeOutQuint\",\"direction\":\"forward\",\"initValues\":{\"translateY\":91},\"animations\":{\"translateY\":0}}' data-split-options='{\"type\":\"lines\"}'><span class=\"ld-fh-txt\"> OUR OPHTHALMOLOGISTS AND OPTOMETRISTS OFFER MANY CONSULTATION HOURS COVERED BY THE RAMQ*.<\/p>\n<p><\/span><\/h2><\/div>[\/vc_column_inner][\/vc_row_inner][\/vc_column][\/vc_row]<\/p>\n<\/section>","protected":false},"excerpt":{"rendered":"<p>[vc_row enable_overlay=&#8221;yes&#8221; css=&#8221;.vc_custom_1629852326001{padding-top: 280px !important;padding-bottom: 50px !important;background-image: url(https:\/\/lasikmontreal.com\/wp-content\/uploads\/2021\/08\/institut-Oeil_02_Bweb-1.jpeg?id=7119) !important;background-position: center !important;background-repeat: no-repeat !important;background-size: cover !important;}&#8221;&#8230;<\/p>\n","protected":false},"author":1,"featured_media":0,"parent":0,"menu_order":0,"comment_status":"closed","ping_status":"closed","template":"","meta":{"footnotes":""},"class_list":["post-12390","page","type-page","status-publish","hentry"],"yoast_head":"<!-- This site is optimized with the Yoast SEO plugin v27.4 - https:\/\/yoast.com\/product\/yoast-seo-wordpress\/ -->\n<title>Care covered by the RAMQ | Montreal Eye Institute<\/title>\n<meta name=\"description\" content=\"Our ophthalmologists and optometrists offer many consultation hours covered by the RAMQ.\" \/>\n<meta name=\"robots\" content=\"index, follow, max-snippet:-1, max-image-preview:large, max-video-preview:-1\" \/>\n<link rel=\"canonical\" href=\"https:\/\/lasikmontreal.com\/en\/care-covered-by-the-ramq\/\" \/>\n<meta property=\"og:locale\" content=\"en_US\" \/>\n<meta property=\"og:type\" content=\"article\" \/>\n<meta property=\"og:title\" content=\"Care covered by the RAMQ | Montreal Eye Institute\" \/>\n<meta property=\"og:description\" content=\"Our ophthalmologists and optometrists offer many consultation hours covered by the RAMQ.\" \/>\n<meta property=\"og:url\" content=\"https:\/\/lasikmontreal.com\/en\/care-covered-by-the-ramq\/\" \/>\n<meta property=\"og:site_name\" content=\"L&#039;Institut de l&#039;oeil de Montr\u00e9al\" \/>\n<meta property=\"article:modified_time\" content=\"2022-07-19T14:54:08+00:00\" \/>\n<meta name=\"twitter:card\" content=\"summary_large_image\" \/>\n<meta name=\"twitter:label1\" content=\"Est. reading time\" \/>\n\t<meta name=\"twitter:data1\" content=\"2 minutes\" \/>\n<script type=\"application\/ld+json\" class=\"yoast-schema-graph\">{\"@context\":\"https:\\\/\\\/schema.org\",\"@graph\":[{\"@type\":\"WebPage\",\"@id\":\"https:\\\/\\\/lasikmontreal.com\\\/en\\\/care-covered-by-the-ramq\\\/\",\"url\":\"https:\\\/\\\/lasikmontreal.com\\\/en\\\/care-covered-by-the-ramq\\\/\",\"name\":\"Care covered by the RAMQ | Montreal Eye Institute\",\"isPartOf\":{\"@id\":\"https:\\\/\\\/lasikmontreal.com\\\/#website\"},\"datePublished\":\"2021-08-25T00:48:31+00:00\",\"dateModified\":\"2022-07-19T14:54:08+00:00\",\"description\":\"Our ophthalmologists and optometrists offer many consultation hours covered by the RAMQ.\",\"inLanguage\":\"en-US\",\"potentialAction\":[{\"@type\":\"ReadAction\",\"target\":[\"https:\\\/\\\/lasikmontreal.com\\\/en\\\/care-covered-by-the-ramq\\\/\"]}]},{\"@type\":\"WebSite\",\"@id\":\"https:\\\/\\\/lasikmontreal.com\\\/#website\",\"url\":\"https:\\\/\\\/lasikmontreal.com\\\/\",\"name\":\"L&#039;Institut de l&#039;oeil de Montr\u00e9al\",\"description\":\"Lasik Montr\u00e9al, Op\u00e9ration yeux au laser | IDODM\",\"potentialAction\":[{\"@type\":\"SearchAction\",\"target\":{\"@type\":\"EntryPoint\",\"urlTemplate\":\"https:\\\/\\\/lasikmontreal.com\\\/?s={search_term_string}\"},\"query-input\":{\"@type\":\"PropertyValueSpecification\",\"valueRequired\":true,\"valueName\":\"search_term_string\"}}],\"inLanguage\":\"en-US\"}]}<\/script>\n<!-- \/ Yoast SEO plugin. -->","yoast_head_json":{"title":"Care covered by the RAMQ | Montreal Eye Institute","description":"Our ophthalmologists and optometrists offer many consultation hours covered by the RAMQ.","robots":{"index":"index","follow":"follow","max-snippet":"max-snippet:-1","max-image-preview":"max-image-preview:large","max-video-preview":"max-video-preview:-1"},"canonical":"https:\/\/lasikmontreal.com\/en\/care-covered-by-the-ramq\/","og_locale":"en_US","og_type":"article","og_title":"Care covered by the RAMQ | Montreal Eye Institute","og_description":"Our ophthalmologists and optometrists offer many consultation hours covered by the RAMQ.","og_url":"https:\/\/lasikmontreal.com\/en\/care-covered-by-the-ramq\/","og_site_name":"L&#039;Institut de l&#039;oeil de Montr\u00e9al","article_modified_time":"2022-07-19T14:54:08+00:00","twitter_card":"summary_large_image","twitter_misc":{"Est. reading time":"2 minutes"},"schema":{"@context":"https:\/\/schema.org","@graph":[{"@type":"WebPage","@id":"https:\/\/lasikmontreal.com\/en\/care-covered-by-the-ramq\/","url":"https:\/\/lasikmontreal.com\/en\/care-covered-by-the-ramq\/","name":"Care covered by the RAMQ | Montreal Eye Institute","isPartOf":{"@id":"https:\/\/lasikmontreal.com\/#website"},"datePublished":"2021-08-25T00:48:31+00:00","dateModified":"2022-07-19T14:54:08+00:00","description":"Our ophthalmologists and optometrists offer many consultation hours covered by the RAMQ.","inLanguage":"en-US","potentialAction":[{"@type":"ReadAction","target":["https:\/\/lasikmontreal.com\/en\/care-covered-by-the-ramq\/"]}]},{"@type":"WebSite","@id":"https:\/\/lasikmontreal.com\/#website","url":"https:\/\/lasikmontreal.com\/","name":"L&#039;Institut de l&#039;oeil de Montr\u00e9al","description":"Lasik Montr\u00e9al, Op\u00e9ration yeux au laser | IDODM","potentialAction":[{"@type":"SearchAction","target":{"@type":"EntryPoint","urlTemplate":"https:\/\/lasikmontreal.com\/?s={search_term_string}"},"query-input":{"@type":"PropertyValueSpecification","valueRequired":true,"valueName":"search_term_string"}}],"inLanguage":"en-US"}]}},"_links":{"self":[{"href":"https:\/\/lasikmontreal.com\/en\/wp-json\/wp\/v2\/pages\/12390","targetHints":{"allow":["GET"]}}],"collection":[{"href":"https:\/\/lasikmontreal.com\/en\/wp-json\/wp\/v2\/pages"}],"about":[{"href":"https:\/\/lasikmontreal.com\/en\/wp-json\/wp\/v2\/types\/page"}],"author":[{"embeddable":true,"href":"https:\/\/lasikmontreal.com\/en\/wp-json\/wp\/v2\/users\/1"}],"replies":[{"embeddable":true,"href":"https:\/\/lasikmontreal.com\/en\/wp-json\/wp\/v2\/comments?post=12390"}],"version-history":[{"count":3,"href":"https:\/\/lasikmontreal.com\/en\/wp-json\/wp\/v2\/pages\/12390\/revisions"}],"predecessor-version":[{"id":12869,"href":"https:\/\/lasikmontreal.com\/en\/wp-json\/wp\/v2\/pages\/12390\/revisions\/12869"}],"wp:attachment":[{"href":"https:\/\/lasikmontreal.com\/en\/wp-json\/wp\/v2\/media?parent=12390"}],"curies":[{"name":"wp","href":"https:\/\/api.w.org\/{rel}","templated":true}]}}