{"id":12389,"date":"2018-08-01T11:50:11","date_gmt":"2018-08-01T11:50:11","guid":{"rendered":"https:\/\/lasikmontreal.com\/soins\/"},"modified":"2022-07-19T14:50:35","modified_gmt":"2022-07-19T14:50:35","slug":"care","status":"publish","type":"page","link":"https:\/\/lasikmontreal.com\/en\/care\/","title":{"rendered":"Care"},"content":{"rendered":"<section class=\"wpb-content-wrapper\"><p>[vc_row content_placement=&#8221;bottom&#8221; parallax=&#8221;enable_parallax&#8221; enable_overlay=&#8221;yes&#8221; css=&#8221;.vc_custom_1629842960353{padding-top: 300px !important;background-image: url(https:\/\/lasikmontreal.com\/wp-content\/uploads\/2021\/08\/iStock-1096524578.jpg?id=7173) !important;background-position: center;background-repeat: no-repeat !important;background-size: cover !important;}&#8221; overlay_bg=&#8221;rgba(0, 0, 0, 0.26)&#8221;][vc_column css=&#8221;.vc_custom_1629844933703{margin-bottom: -5px !important;padding-top: 60px !important;padding-right: 40px !important;padding-bottom: 5px !important;padding-left: 30px !important;background-color: #ffffff !important;border-radius: 5px !important;}&#8221; offset=&#8221;vc_col-md-12&#8243; responsive_css=&#8221;padding_right_medium:15px|padding_left_medium:15px&#8221;][vc_row_inner][vc_column_inner enable_content_animation=&#8221;yes&#8221; ca_init_scale_x=&#8221;1&#8243; ca_init_scale_y=&#8221;1&#8243; ca_init_scale_z=&#8221;1&#8243; ca_init_opacity=&#8221;0&#8243; ca_an_scale_x=&#8221;1&#8243; ca_an_scale_y=&#8221;1&#8243; ca_an_scale_z=&#8221;1&#8243; ca_an_opacity=&#8221;1&#8243; align=&#8221;text-center&#8221; offset=&#8221;vc_col-md-offset-1 vc_col-md-2&#8243; ca_duration=&#8221;1200&#8243; ca_init_translate_y=&#8221;31&#8243;]<style>.ld_spacer_69eb93833bd36{height:15px;}<\/style>\n<div class=\"ld-empty-space ld_spacer_69eb93833bd36\"><span class=\"liquid_empty_space_inner\"><\/span><\/div><style>.ld_fancy_heading_69eb93833bf48 h6{font-size:14px;line-height:1.5em;font-weight:500;letter-spacing:0.21em;color:rgb(0, 0, 0);}.ld_fancy_heading_69eb93833bf48 .lqd-highlight-inner{height:0.275em;bottom:0px;}<\/style><div class=\"ld-fancy-heading text-left text-uppercase ld_fancy_heading_69eb93833bf48\">\n\t<h6 class=\"lqd-highlight-underline lqd-highlight-grow-left\" ><span class=\"ld-fh-txt\"> CARE<\/span><\/h6><\/div>[\/vc_column_inner][vc_column_inner enable_content_animation=&#8221;yes&#8221; ca_init_scale_x=&#8221;1&#8243; ca_init_scale_y=&#8221;1&#8243; ca_init_scale_z=&#8221;1&#8243; ca_init_opacity=&#8221;0&#8243; ca_an_scale_x=&#8221;1&#8243; ca_an_scale_y=&#8221;1&#8243; ca_an_scale_z=&#8221;1&#8243; ca_an_opacity=&#8221;1&#8243; offset=&#8221;vc_col-md-9&#8243; css=&#8221;.vc_custom_1629844621555{margin-bottom: 30px !important;padding-right: 30px !important;}&#8221; ca_duration=&#8221;1200&#8243; ca_delay=&#8221;150&#8243; ca_init_translate_y=&#8221;33&#8243; responsive_css=&#8221;margin_bottom_medium:0px&#8221;]<style>.ld_fancy_heading_69eb93833c1cd .ld-fh-txt{background:-webkit-linear-gradient(315deg, rgb(15, 127, 195) 0%, rgb(81,188,229) 93.63057324840764%);background:linear-gradient(315deg, rgb(15, 127, 195) 0%, rgb(81,188,229) 93.63057324840764%);}.ld_fancy_heading_69eb93833c1cd .lqd-highlight-inner{height:0.275em;bottom:0px;}<\/style><div class=\"ld-fancy-heading ld_fancy_heading_69eb93833c1cd\">\n\t<h2 class=\"ld-gradient-heading lqd-highlight-underline lqd-highlight-grow-left\" data-split-text=\"true\" data-custom-animations=\"true\" data-ca-options='{\"triggerHandler\":\"inview\",\"animationTarget\":\".lqd-lines .split-inner\",\"duration\":700,\"delay\":100,\"easing\":\"easeOutQuint\",\"direction\":\"forward\",\"initValues\":{\"scale\":1},\"animations\":{\"scale\":1}}' data-split-options='{\"type\":\"lines\"}'><span class=\"ld-fh-txt\"> All ophthalmological services under one roof!<br \/>\n<\/span><\/h2><\/div><style>.ld_fancy_heading_69eb93833c37c p{font-size:16px;line-height:1.5em;font-weight:300;color:rgba(0, 0, 0, 0.51);}.ld_fancy_heading_69eb93833c37c .lqd-highlight-inner{height:0.275em;bottom:0px;}<\/style><div class=\"ld-fancy-heading ld_fancy_heading_69eb93833c37c\">\n\t<p class=\"lqd-highlight-underline lqd-highlight-grow-left\" ><span class=\"ld-fh-txt\"> Our mission is to offer each of our patients an individual evaluation that takes into account all of their symptoms as well as a treatment tailored to their specific needs, all in a relaxing and reassuring atmosphere.<\/span><\/p><\/div>[\/vc_column_inner][\/vc_row_inner][\/vc_column][\/vc_row][vc_row css=&#8221;.vc_custom_1629844980342{padding-top: 30px !important;padding-bottom: 100px !important;}&#8221;][vc_column][vc_row_inner][vc_column_inner]<style>.ld_spacer_69eb93833c488{height:50px;}<\/style>\n<div class=\"ld-empty-space ld_spacer_69eb93833c488\"><span class=\"liquid_empty_space_inner\"><\/span><\/div>[\/vc_column_inner][\/vc_row_inner][vc_row_inner enable_content_animation=&#8221;yes&#8221; ca_init_scale_x=&#8221;1&#8243; ca_init_scale_y=&#8221;1&#8243; ca_init_scale_z=&#8221;1&#8243; ca_init_opacity=&#8221;0&#8243; ca_an_scale_x=&#8221;1&#8243; ca_an_scale_y=&#8221;1&#8243; ca_an_scale_z=&#8221;1&#8243; ca_an_opacity=&#8221;1&#8243; ca_duration=&#8221;1200&#8243; ca_start_delay=&#8221;300&#8243; ca_delay=&#8221;150&#8243; ca_init_translate_y=&#8221;55&#8243;][vc_column_inner width=&#8221;1\/2&#8243;]<style>.ld_icon_box_69eb93833c647 h3{margin-bottom:px;font-size:25px;}.ld_icon_box_69eb93833c647:before{background:rgb(81, 188, 229);}.ld_icon_box_69eb93833c647 .iconbox-icon-container{border-radius:px;}<\/style>\n<div class=\"iconbox text-left iconbox-semiround iconbox-shadow iconbox-xl iconbox-filled iconbox-filled iconbox-filled-hover iconbox-scale-bg ld_icon_box_69eb93833c647 vc_custom_1657904823088\" id=\"ld_icon_box_69eb93833c647\"   >\n\t\n\t\t<div class=\"iconbox-icon-wrap\"><span class=\"iconbox-icon-container\"><i class=\"icon-ecommerce_diamond\"><\/i><\/span><\/div><!-- \/.iconbox-icon-wrap -->\t\n\t\t\n\t<div class=\"contents\">\t\n\t<h3>Private care<\/h3>\t<p class=\"p1\">We offer superior quality service and technology adapted to your needs for care not covered by the RAMQ*.<\/p>\n\t<style>.ld_button_69eb938341df8.btn-icon-solid .btn-icon{background:rgb(0, 0, 0);}.ld_button_69eb938341df8.btn-icon-circle.btn-icon-ripple .btn-icon:before{border-color:rgb(0, 0, 0);}.ld_button_69eb938341df8{color:rgb(0, 0, 0);font-size:12px !important;font-weight:500 !important;letter-spacing:0.2em !important;}.ld_button_69eb938341df8:before{background:-webkit-linear-gradient(to right, rgb(81, 188, 229) 0%, rgb(81, 188, 229) 100%);background:linear-gradient(to right, rgb(81, 188, 229) 0%, rgb(81, 188, 229) 100%);}.ld_button_69eb938341df8:after{background:rgb(255, 255, 255);}.ld_button_69eb938341df8.btn-bordered{border-color:rgb(81, 188, 229);}.ld_button_69eb938341df8.btn-bordered:hover{border-color:rgb(255, 255, 255);}<\/style><a href=\"https:\/\/lasikmontreal.com\/en\/private-care\/\" title=\"Private Care\" class=\"btn btn-underlined text-uppercase btn-bordered border-thin btn-bordered-gradient ld_button_69eb938341df8\">\n\t<span>\n\t\t\n\t\t\t\t\t<span class=\"btn-txt\">private care<\/span>\n\t\t\t\n\t\t\t\t<\/span>\n<\/a>\n\t\n\t<\/div>\t\n\t<a href=\"https:\/\/lasikmontreal.com\/en\/private-care\/\" title=\"Private Care\" class=\"liquid-overlay-link z-index-2\"><\/a>\n<\/div>\n[\/vc_column_inner][vc_column_inner width=&#8221;1\/2&#8243;]<style>.ld_icon_box_69eb938347c22 h3{margin-bottom:px;font-size:25px;}.ld_icon_box_69eb938347c22:before{background:rgb(81, 188, 229);}.ld_icon_box_69eb938347c22 .iconbox-icon-container{border-radius:px;}<\/style>\n<div class=\"iconbox text-left iconbox-semiround iconbox-shadow iconbox-xl iconbox-filled iconbox-filled iconbox-filled-hover iconbox-scale-bg ld_icon_box_69eb938347c22\" id=\"ld_icon_box_69eb938347c22\"   >\n\t\n\t\t<div class=\"iconbox-icon-wrap\"><span class=\"iconbox-icon-container\"><i class=\"icon-et-document\"><\/i><\/span><\/div><!-- \/.iconbox-icon-wrap -->\t\n\t\t\n\t<div class=\"contents\">\t\n\t<h3>Care covered by the RAMQ*.<\/h3>\t<p class=\"p1\">Nos ophtalmologistes et nos optom\u00e9tristes offrent de nombreuses plages horaires de consultation couvertes par la RAMQ*.<\/p>\n\t<style>.ld_button_69eb93834e4ab.btn-icon-solid .btn-icon{background:rgb(0, 0, 0);}.ld_button_69eb93834e4ab.btn-icon-circle.btn-icon-ripple .btn-icon:before{border-color:rgb(0, 0, 0);}.ld_button_69eb93834e4ab{color:rgb(0, 0, 0);font-size:12px !important;font-weight:500 !important;letter-spacing:0.2em !important;}.ld_button_69eb93834e4ab:before{background:-webkit-linear-gradient(to right, rgb(81, 188, 229) 0%, rgb(81, 188, 229) 100%);background:linear-gradient(to right, rgb(81, 188, 229) 0%, rgb(81, 188, 229) 100%);}.ld_button_69eb93834e4ab:after{background:rgb(255, 255, 255);}.ld_button_69eb93834e4ab.btn-bordered{border-color:rgb(81, 188, 229);}.ld_button_69eb93834e4ab.btn-bordered:hover{border-color:rgb(255, 255, 255);}<\/style><a href=\"https:\/\/lasikmontreal.com\/en\/care-covered-by-the-ramq\/\" title=\"Soins couverts par la RAMQ*\" class=\"btn btn-underlined text-uppercase btn-bordered border-thin btn-bordered-gradient ld_button_69eb93834e4ab\">\n\t<span>\n\t\t\n\t\t\t\t\t<span class=\"btn-txt\">Care covered by the RAMQ*<\/span>\n\t\t\t\n\t\t\t\t<\/span>\n<\/a>\n\t\n\t<\/div>\t\n\t<a href=\"https:\/\/lasikmontreal.com\/en\/care-covered-by-the-ramq\/\" title=\"Care covered by the RAMQ\" class=\"liquid-overlay-link z-index-2\"><\/a>\n<\/div>\n[\/vc_column_inner][\/vc_row_inner][\/vc_column][\/vc_row]<\/p>\n<\/section>","protected":false},"excerpt":{"rendered":"<p>[vc_row content_placement=&#8221;bottom&#8221; parallax=&#8221;enable_parallax&#8221; enable_overlay=&#8221;yes&#8221; css=&#8221;.vc_custom_1629842960353{padding-top: 300px !important;background-image: url(https:\/\/lasikmontreal.com\/wp-content\/uploads\/2021\/08\/iStock-1096524578.jpg?id=7173) !important;background-position: center;background-repeat: no-repeat !important;background-size: cover !important;}&#8221; overlay_bg=&#8221;rgba(0,&#8230;<\/p>\n","protected":false},"author":1,"featured_media":0,"parent":0,"menu_order":0,"comment_status":"closed","ping_status":"closed","template":"","meta":{"footnotes":""},"class_list":["post-12389","page","type-page","status-publish","hentry"],"yoast_head":"<!-- This site is optimized with the Yoast SEO plugin v27.4 - https:\/\/yoast.com\/product\/yoast-seo-wordpress\/ -->\n<title>RAMQ and private ophthalmologic care | Montreal Eye Institute<\/title>\n<meta name=\"description\" content=\"Our mission is to provide our patients with an evaluation that takes into account their symptoms and a customized treatment\" \/>\n<meta name=\"robots\" content=\"index, follow, max-snippet:-1, max-image-preview:large, max-video-preview:-1\" \/>\n<link rel=\"canonical\" href=\"https:\/\/lasikmontreal.com\/en\/care\/\" \/>\n<meta property=\"og:locale\" content=\"en_US\" \/>\n<meta property=\"og:type\" content=\"article\" \/>\n<meta property=\"og:title\" content=\"RAMQ and private ophthalmologic care | Montreal Eye Institute\" \/>\n<meta property=\"og:description\" content=\"Our mission is to provide our patients with an evaluation that takes into account their symptoms and a customized treatment\" \/>\n<meta property=\"og:url\" content=\"https:\/\/lasikmontreal.com\/en\/care\/\" \/>\n<meta property=\"og:site_name\" content=\"L&#039;Institut de l&#039;oeil de Montr\u00e9al\" \/>\n<meta property=\"article:modified_time\" content=\"2022-07-19T14:50:35+00:00\" \/>\n<meta name=\"twitter:card\" content=\"summary_large_image\" \/>\n<meta name=\"twitter:label1\" content=\"Est. reading time\" \/>\n\t<meta name=\"twitter:data1\" content=\"2 minutes\" \/>\n<script type=\"application\/ld+json\" class=\"yoast-schema-graph\">{\"@context\":\"https:\\\/\\\/schema.org\",\"@graph\":[{\"@type\":\"WebPage\",\"@id\":\"https:\\\/\\\/lasikmontreal.com\\\/en\\\/care\\\/\",\"url\":\"https:\\\/\\\/lasikmontreal.com\\\/en\\\/care\\\/\",\"name\":\"RAMQ and private ophthalmologic care | Montreal Eye Institute\",\"isPartOf\":{\"@id\":\"https:\\\/\\\/lasikmontreal.com\\\/#website\"},\"datePublished\":\"2018-08-01T11:50:11+00:00\",\"dateModified\":\"2022-07-19T14:50:35+00:00\",\"description\":\"Our mission is to provide our patients with an evaluation that takes into account their symptoms and a customized treatment\",\"inLanguage\":\"en-US\",\"potentialAction\":[{\"@type\":\"ReadAction\",\"target\":[\"https:\\\/\\\/lasikmontreal.com\\\/en\\\/care\\\/\"]}]},{\"@type\":\"WebSite\",\"@id\":\"https:\\\/\\\/lasikmontreal.com\\\/#website\",\"url\":\"https:\\\/\\\/lasikmontreal.com\\\/\",\"name\":\"L&#039;Institut de l&#039;oeil de Montr\u00e9al\",\"description\":\"Lasik Montr\u00e9al, Op\u00e9ration yeux au laser | IDODM\",\"potentialAction\":[{\"@type\":\"SearchAction\",\"target\":{\"@type\":\"EntryPoint\",\"urlTemplate\":\"https:\\\/\\\/lasikmontreal.com\\\/?s={search_term_string}\"},\"query-input\":{\"@type\":\"PropertyValueSpecification\",\"valueRequired\":true,\"valueName\":\"search_term_string\"}}],\"inLanguage\":\"en-US\"}]}<\/script>\n<!-- \/ Yoast SEO plugin. -->","yoast_head_json":{"title":"RAMQ and private ophthalmologic care | Montreal Eye Institute","description":"Our mission is to provide our patients with an evaluation that takes into account their symptoms and a customized treatment","robots":{"index":"index","follow":"follow","max-snippet":"max-snippet:-1","max-image-preview":"max-image-preview:large","max-video-preview":"max-video-preview:-1"},"canonical":"https:\/\/lasikmontreal.com\/en\/care\/","og_locale":"en_US","og_type":"article","og_title":"RAMQ and private ophthalmologic care | Montreal Eye Institute","og_description":"Our mission is to provide our patients with an evaluation that takes into account their symptoms and a customized treatment","og_url":"https:\/\/lasikmontreal.com\/en\/care\/","og_site_name":"L&#039;Institut de l&#039;oeil de Montr\u00e9al","article_modified_time":"2022-07-19T14:50:35+00:00","twitter_card":"summary_large_image","twitter_misc":{"Est. reading time":"2 minutes"},"schema":{"@context":"https:\/\/schema.org","@graph":[{"@type":"WebPage","@id":"https:\/\/lasikmontreal.com\/en\/care\/","url":"https:\/\/lasikmontreal.com\/en\/care\/","name":"RAMQ and private ophthalmologic care | Montreal Eye Institute","isPartOf":{"@id":"https:\/\/lasikmontreal.com\/#website"},"datePublished":"2018-08-01T11:50:11+00:00","dateModified":"2022-07-19T14:50:35+00:00","description":"Our mission is to provide our patients with an evaluation that takes into account their symptoms and a customized treatment","inLanguage":"en-US","potentialAction":[{"@type":"ReadAction","target":["https:\/\/lasikmontreal.com\/en\/care\/"]}]},{"@type":"WebSite","@id":"https:\/\/lasikmontreal.com\/#website","url":"https:\/\/lasikmontreal.com\/","name":"L&#039;Institut de l&#039;oeil de Montr\u00e9al","description":"Lasik Montr\u00e9al, Op\u00e9ration yeux au laser | IDODM","potentialAction":[{"@type":"SearchAction","target":{"@type":"EntryPoint","urlTemplate":"https:\/\/lasikmontreal.com\/?s={search_term_string}"},"query-input":{"@type":"PropertyValueSpecification","valueRequired":true,"valueName":"search_term_string"}}],"inLanguage":"en-US"}]}},"_links":{"self":[{"href":"https:\/\/lasikmontreal.com\/en\/wp-json\/wp\/v2\/pages\/12389","targetHints":{"allow":["GET"]}}],"collection":[{"href":"https:\/\/lasikmontreal.com\/en\/wp-json\/wp\/v2\/pages"}],"about":[{"href":"https:\/\/lasikmontreal.com\/en\/wp-json\/wp\/v2\/types\/page"}],"author":[{"embeddable":true,"href":"https:\/\/lasikmontreal.com\/en\/wp-json\/wp\/v2\/users\/1"}],"replies":[{"embeddable":true,"href":"https:\/\/lasikmontreal.com\/en\/wp-json\/wp\/v2\/comments?post=12389"}],"version-history":[{"count":8,"href":"https:\/\/lasikmontreal.com\/en\/wp-json\/wp\/v2\/pages\/12389\/revisions"}],"predecessor-version":[{"id":12420,"href":"https:\/\/lasikmontreal.com\/en\/wp-json\/wp\/v2\/pages\/12389\/revisions\/12420"}],"wp:attachment":[{"href":"https:\/\/lasikmontreal.com\/en\/wp-json\/wp\/v2\/media?parent=12389"}],"curies":[{"name":"wp","href":"https:\/\/api.w.org\/{rel}","templated":true}]}}