{"id":12387,"date":"2021-08-25T20:06:18","date_gmt":"2021-08-25T20:06:18","guid":{"rendered":"https:\/\/lasikmontreal.com\/saviez-vous\/"},"modified":"2022-07-19T14:48:43","modified_gmt":"2022-07-19T14:48:43","slug":"did-you-know","status":"publish","type":"page","link":"https:\/\/lasikmontreal.com\/en\/did-you-know\/","title":{"rendered":"Did you know"},"content":{"rendered":"<section class=\"wpb-content-wrapper\"><p>[vc_row enable_overlay=&#8221;yes&#8221; css=&#8221;.vc_custom_1629992658161{padding-top: 200px !important;padding-bottom: 150px !important;background-image: url(https:\/\/lasikmontreal.com\/wp-content\/uploads\/2021\/08\/institut-Oeil_02_Bweb-1.jpeg?id=7119) !important;background-position: center !important;background-repeat: no-repeat !important;background-size: cover !important;}&#8221; overlay_bg=&#8221;rgba(0, 0, 0, 0.5)&#8221;][vc_column][\/vc_column][\/vc_row][vc_row css=&#8221;.vc_custom_1629992674412{padding-top: 100px !important;padding-bottom: 100px !important;}&#8221;][vc_column parallax=&#8221;yes&#8221; width=&#8221;2\/3&#8243; scale_from_x=&#8221;1&#8243; scale_from_y=&#8221;1&#8243; scale_from_z=&#8221;1&#8243; from_opacity=&#8221;1&#8243; scale_to_x=&#8221;1&#8243; scale_to_y=&#8221;1&#8243; scale_to_z=&#8221;1&#8243; to_opacity=&#8221;1&#8243; enable_content_animation=&#8221;yes&#8221; ca_init_scale_x=&#8221;1&#8243; ca_init_scale_y=&#8221;1&#8243; ca_init_scale_z=&#8221;1&#8243; ca_init_opacity=&#8221;0&#8243; ca_an_scale_x=&#8221;1&#8243; ca_an_scale_y=&#8221;1&#8243; ca_an_scale_z=&#8221;1&#8243; ca_an_opacity=&#8221;1&#8243; ca_duration=&#8221;1600&#8243; ca_start_delay=&#8221;300&#8243; ca_delay=&#8221;150&#8243; ca_init_translate_x=&#8221;-130&#8243; translate_from_x=&#8221;0&#8243; translate_to_x=&#8221;94&#8243;]<style>.ld_fancy_heading_69eb94991a428 h1{font-size:100px;font-weight:600;color:rgb(81, 188, 229);}.ld_fancy_heading_69eb94991a428 .lqd-highlight-inner{height:0.275em;bottom:0px;}<\/style><div class=\"ld-fancy-heading ld_fancy_heading_69eb94991a428\">\n\t<h1 class=\"lqd-highlight-underline lqd-highlight-grow-left\" ><span class=\"ld-fh-txt\"> Did you know that ?<\/span><\/h1><\/div>[\/vc_column][vc_column width=&#8221;1\/3&#8243;][\/vc_column][\/vc_row][vc_row css=&#8221;.vc_custom_1629922862912{padding-top: 50px !important;padding-bottom: 50px !important;}&#8221;][vc_column width=&#8221;1\/4&#8243;][\/vc_column][vc_column parallax=&#8221;yes&#8221; width=&#8221;1\/2&#8243; scale_from_x=&#8221;1&#8243; scale_from_y=&#8221;1&#8243; scale_from_z=&#8221;1&#8243; from_opacity=&#8221;1&#8243; scale_to_x=&#8221;1&#8243; scale_to_y=&#8221;1&#8243; scale_to_z=&#8221;1&#8243; to_opacity=&#8221;1&#8243; enable_content_animation=&#8221;yes&#8221; ca_init_scale_x=&#8221;1&#8243; ca_init_scale_y=&#8221;1&#8243; ca_init_scale_z=&#8221;1&#8243; ca_init_opacity=&#8221;0&#8243; ca_an_scale_x=&#8221;1&#8243; ca_an_scale_y=&#8221;1&#8243; ca_an_scale_z=&#8221;1&#8243; ca_an_opacity=&#8221;1&#8243; ca_duration=&#8221;1600&#8243; ca_start_delay=&#8221;300&#8243; ca_delay=&#8221;150&#8243; ca_init_translate_x=&#8221;115&#8243; translate_to_x=&#8221;-45&#8243;]<style>.ld_fancy_heading_69eb94991a778 h1{font-size:22px;font-weight:400;letter-spacing:0em;color:rgb(69, 70, 70);}.ld_fancy_heading_69eb94991a778 .lqd-highlight-inner{height:0.275em;bottom:0px;}<\/style><div class=\"ld-fancy-heading ld_fancy_heading_69eb94991a778\">\n\t<h1 class=\"lqd-highlight-underline lqd-highlight-grow-left\" ><span class=\"ld-fh-txt\"> <span style=\"color: #51bce5\">En mars 2000<\/span>, Dr. Fanous was certified by the <strong>l&#8217;American College of Eye Surgery<\/strong> for maintaining a high level of excellence in laser refractive surgery (Lasik).<\/span><\/h1><\/div>[\/vc_column][vc_column width=&#8221;1\/4&#8243;][\/vc_column][\/vc_row][vc_row css=&#8221;.vc_custom_1629922853913{padding-top: 50px !important;padding-bottom: 50px !important;}&#8221;][vc_column parallax=&#8221;yes&#8221; width=&#8221;1\/2&#8243; scale_from_x=&#8221;1&#8243; scale_from_y=&#8221;1&#8243; scale_from_z=&#8221;1&#8243; from_opacity=&#8221;1&#8243; scale_to_x=&#8221;1&#8243; scale_to_y=&#8221;1&#8243; scale_to_z=&#8221;1&#8243; to_opacity=&#8221;1&#8243; enable_content_animation=&#8221;yes&#8221; ca_init_scale_x=&#8221;1&#8243; ca_init_scale_y=&#8221;1&#8243; ca_init_scale_z=&#8221;1&#8243; ca_init_opacity=&#8221;0&#8243; ca_an_scale_x=&#8221;1&#8243; ca_an_scale_y=&#8221;1&#8243; ca_an_scale_z=&#8221;1&#8243; ca_an_opacity=&#8221;1&#8243; ca_duration=&#8221;1600&#8243; ca_start_delay=&#8221;300&#8243; ca_delay=&#8221;150&#8243; ca_init_translate_x=&#8221;115&#8243; translate_to_x=&#8221;142&#8243;]<style>.ld_fancy_heading_69eb94991a98e h1{font-size:22px;font-weight:400;letter-spacing:0em;color:rgb(69, 70, 70);}.ld_fancy_heading_69eb94991a98e .lqd-highlight-inner{height:0.275em;bottom:0px;}<\/style><div class=\"ld-fancy-heading ld_fancy_heading_69eb94991a98e\">\n\t<h1 class=\"lqd-highlight-underline lqd-highlight-grow-left\" ><span class=\"ld-fh-txt\"> <span style=\"color: #51bce5\">In October 1998<\/span>, Dr. Fanous was <strong>one of the first surgeons<\/strong> in North America to <strong>implant<\/strong>\u00a0the <strong>ICL lens<\/strong> in the eye, while participating in a North American study of the lens.<\/span><\/h1><\/div>[\/vc_column][vc_column width=&#8221;1\/2&#8243;][\/vc_column][\/vc_row][vc_row css=&#8221;.vc_custom_1629922845440{padding-top: 50px !important;padding-bottom: 50px !important;}&#8221;][vc_column width=&#8221;1\/4&#8243;][\/vc_column][vc_column parallax=&#8221;yes&#8221; width=&#8221;3\/4&#8243; scale_from_x=&#8221;1&#8243; scale_from_y=&#8221;1&#8243; scale_from_z=&#8221;1&#8243; from_opacity=&#8221;1&#8243; scale_to_x=&#8221;1&#8243; scale_to_y=&#8221;1&#8243; scale_to_z=&#8221;1&#8243; to_opacity=&#8221;1&#8243; enable_content_animation=&#8221;yes&#8221; ca_init_scale_x=&#8221;1&#8243; ca_init_scale_y=&#8221;1&#8243; ca_init_scale_z=&#8221;1&#8243; ca_init_opacity=&#8221;0&#8243; ca_an_scale_x=&#8221;1&#8243; ca_an_scale_y=&#8221;1&#8243; ca_an_scale_z=&#8221;1&#8243; ca_an_opacity=&#8221;1&#8243; translate_to_x=&#8221;-119&#8243; ca_duration=&#8221;1600&#8243; ca_start_delay=&#8221;300&#8243; ca_delay=&#8221;150&#8243; ca_init_translate_x=&#8221;125&#8243;]<style>.ld_fancy_heading_69eb94991ab3e h1{font-size:22px;font-weight:400;letter-spacing:0em;color:rgb(69, 70, 70);}.ld_fancy_heading_69eb94991ab3e .lqd-highlight-inner{height:0.275em;bottom:0px;}<\/style><div class=\"ld-fancy-heading ld_fancy_heading_69eb94991ab3e\">\n\t<h1 class=\"lqd-highlight-underline lqd-highlight-grow-left\" ><span class=\"ld-fh-txt\"> <span style=\"color: #51bce5\">In 1993<\/span>, Dr. Sam Fanous was the first surgeon in Canada to implant the <strong>AMO Array Multifocal Lens<\/strong>, while participating in a North American study. He presented the results of this study at the annual meeting of the American Society of Cataract and Refractive Surgery on June 16, 1996. By the summer of 2002, Dr. Fanous had implanted over <strong>one thousand AMO Array multifocal lenses<\/strong>. Today, he is considered one of the <strong>most experienced surgeons in Canada in multifocal lens technology.<\/strong><\/span><\/h1><\/div>[\/vc_column][\/vc_row][vc_row css=&#8221;.vc_custom_1629922862912{padding-top: 50px !important;padding-bottom: 50px !important;}&#8221;][vc_column width=&#8221;1\/4&#8243;][\/vc_column][vc_column parallax=&#8221;yes&#8221; width=&#8221;1\/2&#8243; scale_from_x=&#8221;1&#8243; scale_from_y=&#8221;1&#8243; scale_from_z=&#8221;1&#8243; from_opacity=&#8221;1&#8243; scale_to_x=&#8221;1&#8243; scale_to_y=&#8221;1&#8243; scale_to_z=&#8221;1&#8243; to_opacity=&#8221;1&#8243; enable_content_animation=&#8221;yes&#8221; ca_init_scale_x=&#8221;1&#8243; ca_init_scale_y=&#8221;1&#8243; ca_init_scale_z=&#8221;1&#8243; ca_init_opacity=&#8221;0&#8243; ca_an_scale_x=&#8221;1&#8243; ca_an_scale_y=&#8221;1&#8243; ca_an_scale_z=&#8221;1&#8243; ca_an_opacity=&#8221;1&#8243; ca_duration=&#8221;1600&#8243; ca_start_delay=&#8221;300&#8243; ca_delay=&#8221;150&#8243; ca_init_translate_x=&#8221;115&#8243; translate_to_x=&#8221;139&#8243;]<style>.ld_fancy_heading_69eb94991acdd h1{font-size:22px;font-weight:400;letter-spacing:0em;color:rgb(69, 70, 70);}.ld_fancy_heading_69eb94991acdd .lqd-highlight-inner{height:0.275em;bottom:0px;}<\/style><div class=\"ld-fancy-heading ld_fancy_heading_69eb94991acdd\">\n\t<h1 class=\"lqd-highlight-underline lqd-highlight-grow-left\" ><span class=\"ld-fh-txt\"> Dr. Fanous was honored in <span style=\"color: #51bce5\">April 1999<\/span>, by <strong>the American College of Eye Surgery<\/strong> for maintaining a <strong>high level of excellence<\/strong> in <strong>cataract surgery<\/strong>. This was the first time in Quebec and only the second time that the American College honored a Canadian surgeon.<\/span><\/h1><\/div>[\/vc_column][vc_column width=&#8221;1\/4&#8243;][\/vc_column][\/vc_row][vc_row css=&#8221;.vc_custom_1629922853913{padding-top: 50px !important;padding-bottom: 50px !important;}&#8221;][vc_column parallax=&#8221;yes&#8221; width=&#8221;1\/2&#8243; scale_from_x=&#8221;1&#8243; scale_from_y=&#8221;1&#8243; scale_from_z=&#8221;1&#8243; from_opacity=&#8221;1&#8243; scale_to_x=&#8221;1&#8243; scale_to_y=&#8221;1&#8243; scale_to_z=&#8221;1&#8243; to_opacity=&#8221;1&#8243; enable_content_animation=&#8221;yes&#8221; ca_init_scale_x=&#8221;1&#8243; ca_init_scale_y=&#8221;1&#8243; ca_init_scale_z=&#8221;1&#8243; ca_init_opacity=&#8221;0&#8243; ca_an_scale_x=&#8221;1&#8243; ca_an_scale_y=&#8221;1&#8243; ca_an_scale_z=&#8221;1&#8243; ca_an_opacity=&#8221;1&#8243; ca_duration=&#8221;1600&#8243; ca_start_delay=&#8221;300&#8243; ca_delay=&#8221;150&#8243; ca_init_translate_x=&#8221;115&#8243; translate_to_x=&#8221;142&#8243;]<style>.ld_fancy_heading_69eb94991aea6 h1{font-size:22px;font-weight:400;letter-spacing:0em;color:rgb(69, 70, 70);}.ld_fancy_heading_69eb94991aea6 .lqd-highlight-inner{height:0.275em;bottom:0px;}<\/style><div class=\"ld-fancy-heading ld_fancy_heading_69eb94991aea6\">\n\t<h1 class=\"lqd-highlight-underline lqd-highlight-grow-left\" ><span class=\"ld-fh-txt\"> Your <strong>risk of developing glaucoma<\/strong> is higher if you are <strong>over 50 years old<\/strong>, <strong>nearsighted<\/strong>, <strong>diabetic<\/strong> or if there is a history of glaucoma in your <strong>family<\/strong>.<\/span><\/h1><\/div>[\/vc_column][vc_column width=&#8221;1\/2&#8243;][\/vc_column][\/vc_row][vc_row css=&#8221;.vc_custom_1629922845440{padding-top: 50px !important;padding-bottom: 50px !important;}&#8221;][vc_column width=&#8221;1\/3&#8243;][\/vc_column][vc_column width=&#8221;1\/3&#8243;][\/vc_column][vc_column parallax=&#8221;yes&#8221; width=&#8221;1\/3&#8243; scale_from_x=&#8221;1&#8243; scale_from_y=&#8221;1&#8243; scale_from_z=&#8221;1&#8243; from_opacity=&#8221;1&#8243; scale_to_x=&#8221;1&#8243; scale_to_y=&#8221;1&#8243; scale_to_z=&#8221;1&#8243; to_opacity=&#8221;1&#8243; enable_content_animation=&#8221;yes&#8221; ca_init_scale_x=&#8221;1&#8243; ca_init_scale_y=&#8221;1&#8243; ca_init_scale_z=&#8221;1&#8243; ca_init_opacity=&#8221;0&#8243; ca_an_scale_x=&#8221;1&#8243; ca_an_scale_y=&#8221;1&#8243; ca_an_scale_z=&#8221;1&#8243; ca_an_opacity=&#8221;1&#8243; translate_to_x=&#8221;-119&#8243; ca_duration=&#8221;1600&#8243; ca_start_delay=&#8221;300&#8243; ca_delay=&#8221;150&#8243; ca_init_translate_x=&#8221;125&#8243;]<style>.ld_fancy_heading_69eb94991b040 h1{font-size:22px;font-weight:400;letter-spacing:0em;color:rgb(69, 70, 70);}.ld_fancy_heading_69eb94991b040 .lqd-highlight-inner{height:0.275em;bottom:0px;}<\/style><div class=\"ld-fancy-heading ld_fancy_heading_69eb94991b040\">\n\t<h1 class=\"lqd-highlight-underline lqd-highlight-grow-left\" ><span class=\"ld-fh-txt\"> The leading cause of blindness in patients 50 years of age and older is <strong>macular degeneration<\/strong>, followed by glaucoma, cataract and diabetic retinopathy.<\/span><\/h1><\/div>[\/vc_column][\/vc_row][vc_row enable_overlay=&#8221;yes&#8221; css=&#8221;.vc_custom_1629992609581{padding-top: 150px !important;padding-bottom: 150px !important;background-image: url(https:\/\/lasikmontreal.com\/wp-content\/uploads\/2021\/08\/Dr.Fanous-1.jpg?id=7483) !important;background-position: center !important;background-repeat: no-repeat !important;background-size: cover !important;}&#8221; overlay_bg=&#8221;linear-gradient(90deg, rgba(0, 0, 0, 0.3) 0%, rgba(0,0,0,0) 100%)&#8221;][vc_column width=&#8221;1\/2&#8243;]<style>.ld_fancy_heading_69eb94991b179 h2{color:rgb(255, 255, 255);}.ld_fancy_heading_69eb94991b179 .lqd-highlight-inner{height:0.275em;bottom:0px;}<\/style><div class=\"ld-fancy-heading ld_fancy_heading_69eb94991b179\">\n\t<h2 class=\"lqd-highlight-underline lqd-highlight-grow-left\" ><span class=\"ld-fh-txt\"> Meet Dr. Sameh Fanous, Medical Director of the Montreal Eye Institute<\/span><\/h2><\/div><style>.ld_spacer_69eb94991b231{height:32px;}<\/style>\n<div class=\"ld-empty-space ld_spacer_69eb94991b231\"><span class=\"liquid_empty_space_inner\"><\/span><\/div><style>.ld_button_69eb94991b343.btn-icon-solid .btn-icon{background:rgb(81, 188, 229);}.ld_button_69eb94991b343.btn-icon-circle.btn-icon-ripple .btn-icon:before{border-color:rgb(81, 188, 229);}.ld_button_69eb94991b343.btn-icon-solid:hover .btn-icon{background:rgb(255, 255, 255);}.ld_button_69eb94991b343{background-color:rgb(81, 188, 229);border-color:rgb(81, 188, 229);color:rgb(255, 255, 255);}.ld_button_69eb94991b343:hover{background-color:rgb(255, 255, 255);border-color:rgb(255, 255, 255);color:rgb(81, 188, 229);}.ld_button_69eb94991b343 .btn-gradient-bg-hover{background:-webkit-linear-gradient(to right, rgb(255, 255, 255) 0%, rgb(255, 255, 255) 100%);background:linear-gradient(to right, rgb(255, 255, 255) 0%, rgb(255, 255, 255) 100%);}.ld_button_69eb94991b343 .btn-gradient-border defs stop:first-child{stop-color:rgb(81, 188, 229);}.ld_button_69eb94991b343 .btn-gradient-border defs stop:last-child{stop-color:rgb(81, 188, 229);}.ld_button_69eb94991b343:hover .btn-gradient-border defs stop:first-child{stop-color:rgb(255, 255, 255);}.ld_button_69eb94991b343:hover .btn-gradient-border defs stop:last-child{stop-color:rgb(255, 255, 255);}<\/style><a href=\"https:\/\/devinprogress.co\/lasik\/wp-content\/uploads\/2018\/11\/47507zz_dep-bio-ilovepdf-compressed-1.pdf\" class=\"btn btn-solid round btn-bordered border-thin ld_button_69eb94991b343\">\n\t<span>\n\t\t\n\t\t\t\t\t<span class=\"btn-txt\">View CV or download CV<\/span>\n\t\t\t\n\t\t\t\t<\/span>\n<\/a>\n[\/vc_column][vc_column width=&#8221;1\/2&#8243;][\/vc_column][\/vc_row]<\/p>\n<\/section>","protected":false},"excerpt":{"rendered":"<p>[vc_row enable_overlay=&#8221;yes&#8221; css=&#8221;.vc_custom_1629992658161{padding-top: 200px !important;padding-bottom: 150px !important;background-image: url(https:\/\/lasikmontreal.com\/wp-content\/uploads\/2021\/08\/institut-Oeil_02_Bweb-1.jpeg?id=7119) !important;background-position: center !important;background-repeat: no-repeat !important;background-size: cover !important;}&#8221;&#8230;<\/p>\n","protected":false},"author":1,"featured_media":0,"parent":0,"menu_order":0,"comment_status":"closed","ping_status":"closed","template":"","meta":{"footnotes":""},"class_list":["post-12387","page","type-page","status-publish","hentry"],"yoast_head":"<!-- This site is optimized with the Yoast SEO plugin v27.4 - https:\/\/yoast.com\/product\/yoast-seo-wordpress\/ -->\n<title>Did you know that... | IDODM<\/title>\n<meta name=\"description\" content=\"We tell the story of the Montreal Eye Institute and Dr. Sameh Fanous in a series of did you know...\" \/>\n<meta name=\"robots\" content=\"index, follow, max-snippet:-1, max-image-preview:large, max-video-preview:-1\" \/>\n<link rel=\"canonical\" href=\"https:\/\/lasikmontreal.com\/en\/did-you-know\/\" \/>\n<meta property=\"og:locale\" content=\"en_US\" \/>\n<meta property=\"og:type\" content=\"article\" \/>\n<meta property=\"og:title\" content=\"Did you know that... | IDODM\" \/>\n<meta property=\"og:description\" content=\"We tell the story of the Montreal Eye Institute and Dr. Sameh Fanous in a series of did you know...\" \/>\n<meta property=\"og:url\" content=\"https:\/\/lasikmontreal.com\/en\/did-you-know\/\" \/>\n<meta property=\"og:site_name\" content=\"L&#039;Institut de l&#039;oeil de Montr\u00e9al\" \/>\n<meta property=\"article:modified_time\" content=\"2022-07-19T14:48:43+00:00\" \/>\n<meta name=\"twitter:card\" content=\"summary_large_image\" \/>\n<meta name=\"twitter:label1\" content=\"Est. reading time\" \/>\n\t<meta name=\"twitter:data1\" content=\"3 minutes\" \/>\n<script type=\"application\/ld+json\" class=\"yoast-schema-graph\">{\"@context\":\"https:\\\/\\\/schema.org\",\"@graph\":[{\"@type\":\"WebPage\",\"@id\":\"https:\\\/\\\/lasikmontreal.com\\\/en\\\/did-you-know\\\/\",\"url\":\"https:\\\/\\\/lasikmontreal.com\\\/en\\\/did-you-know\\\/\",\"name\":\"Did you know that... | IDODM\",\"isPartOf\":{\"@id\":\"https:\\\/\\\/lasikmontreal.com\\\/#website\"},\"datePublished\":\"2021-08-25T20:06:18+00:00\",\"dateModified\":\"2022-07-19T14:48:43+00:00\",\"description\":\"We tell the story of the Montreal Eye Institute and Dr. Sameh Fanous in a series of did you know...\",\"inLanguage\":\"en-US\",\"potentialAction\":[{\"@type\":\"ReadAction\",\"target\":[\"https:\\\/\\\/lasikmontreal.com\\\/en\\\/did-you-know\\\/\"]}]},{\"@type\":\"WebSite\",\"@id\":\"https:\\\/\\\/lasikmontreal.com\\\/#website\",\"url\":\"https:\\\/\\\/lasikmontreal.com\\\/\",\"name\":\"L&#039;Institut de l&#039;oeil de Montr\u00e9al\",\"description\":\"Lasik Montr\u00e9al, Op\u00e9ration yeux au laser | IDODM\",\"potentialAction\":[{\"@type\":\"SearchAction\",\"target\":{\"@type\":\"EntryPoint\",\"urlTemplate\":\"https:\\\/\\\/lasikmontreal.com\\\/?s={search_term_string}\"},\"query-input\":{\"@type\":\"PropertyValueSpecification\",\"valueRequired\":true,\"valueName\":\"search_term_string\"}}],\"inLanguage\":\"en-US\"}]}<\/script>\n<!-- \/ Yoast SEO plugin. -->","yoast_head_json":{"title":"Did you know that... | IDODM","description":"We tell the story of the Montreal Eye Institute and Dr. Sameh Fanous in a series of did you know...","robots":{"index":"index","follow":"follow","max-snippet":"max-snippet:-1","max-image-preview":"max-image-preview:large","max-video-preview":"max-video-preview:-1"},"canonical":"https:\/\/lasikmontreal.com\/en\/did-you-know\/","og_locale":"en_US","og_type":"article","og_title":"Did you know that... | IDODM","og_description":"We tell the story of the Montreal Eye Institute and Dr. Sameh Fanous in a series of did you know...","og_url":"https:\/\/lasikmontreal.com\/en\/did-you-know\/","og_site_name":"L&#039;Institut de l&#039;oeil de Montr\u00e9al","article_modified_time":"2022-07-19T14:48:43+00:00","twitter_card":"summary_large_image","twitter_misc":{"Est. reading time":"3 minutes"},"schema":{"@context":"https:\/\/schema.org","@graph":[{"@type":"WebPage","@id":"https:\/\/lasikmontreal.com\/en\/did-you-know\/","url":"https:\/\/lasikmontreal.com\/en\/did-you-know\/","name":"Did you know that... | IDODM","isPartOf":{"@id":"https:\/\/lasikmontreal.com\/#website"},"datePublished":"2021-08-25T20:06:18+00:00","dateModified":"2022-07-19T14:48:43+00:00","description":"We tell the story of the Montreal Eye Institute and Dr. Sameh Fanous in a series of did you know...","inLanguage":"en-US","potentialAction":[{"@type":"ReadAction","target":["https:\/\/lasikmontreal.com\/en\/did-you-know\/"]}]},{"@type":"WebSite","@id":"https:\/\/lasikmontreal.com\/#website","url":"https:\/\/lasikmontreal.com\/","name":"L&#039;Institut de l&#039;oeil de Montr\u00e9al","description":"Lasik Montr\u00e9al, Op\u00e9ration yeux au laser | IDODM","potentialAction":[{"@type":"SearchAction","target":{"@type":"EntryPoint","urlTemplate":"https:\/\/lasikmontreal.com\/?s={search_term_string}"},"query-input":{"@type":"PropertyValueSpecification","valueRequired":true,"valueName":"search_term_string"}}],"inLanguage":"en-US"}]}},"_links":{"self":[{"href":"https:\/\/lasikmontreal.com\/en\/wp-json\/wp\/v2\/pages\/12387","targetHints":{"allow":["GET"]}}],"collection":[{"href":"https:\/\/lasikmontreal.com\/en\/wp-json\/wp\/v2\/pages"}],"about":[{"href":"https:\/\/lasikmontreal.com\/en\/wp-json\/wp\/v2\/types\/page"}],"author":[{"embeddable":true,"href":"https:\/\/lasikmontreal.com\/en\/wp-json\/wp\/v2\/users\/1"}],"replies":[{"embeddable":true,"href":"https:\/\/lasikmontreal.com\/en\/wp-json\/wp\/v2\/comments?post=12387"}],"version-history":[{"count":2,"href":"https:\/\/lasikmontreal.com\/en\/wp-json\/wp\/v2\/pages\/12387\/revisions"}],"predecessor-version":[{"id":12653,"href":"https:\/\/lasikmontreal.com\/en\/wp-json\/wp\/v2\/pages\/12387\/revisions\/12653"}],"wp:attachment":[{"href":"https:\/\/lasikmontreal.com\/en\/wp-json\/wp\/v2\/media?parent=12387"}],"curies":[{"name":"wp","href":"https:\/\/api.w.org\/{rel}","templated":true}]}}