{"id":12386,"date":"2021-08-29T02:27:41","date_gmt":"2021-08-29T02:27:41","guid":{"rendered":"https:\/\/lasikmontreal.com\/rendez-vous\/"},"modified":"2022-07-19T12:07:56","modified_gmt":"2022-07-19T12:07:56","slug":"online-appointment","status":"publish","type":"page","link":"https:\/\/lasikmontreal.com\/en\/online-appointment\/","title":{"rendered":"Online appointment"},"content":{"rendered":"<section class=\"wpb-content-wrapper\"><p>[vc_row enable_overlay=&#8221;yes&#8221; css=&#8221;.vc_custom_1632864461662{padding-top: 200px !important;padding-bottom: 200px !important;background-image: url(https:\/\/lasikmontreal.com\/wp-content\/uploads\/2021\/09\/iStock-1218957158.jpg?id=8726) !important;background-position: center !important;background-repeat: no-repeat !important;background-size: cover !important;}&#8221; overlay_bg=&#8221;rgba(0, 0, 0, 0.51)&#8221;][vc_column][\/vc_column][\/vc_row][vc_row css=&#8221;.vc_custom_1630205439740{margin-top: 20px !important;margin-bottom: 100px !important;}&#8221; row_hide=&#8221;hidden-xs hidden-sm&#8221;][vc_column enable_column_shadowbox=&#8221;yes&#8221; css=&#8221;.vc_custom_1630205605694{margin-top: -22% !important;padding-top: 45px !important;padding-right: 15px !important;padding-bottom: 30px !important;padding-left: 15px !important;background-color: #ffffff !important;}&#8221; column_box_shadow=&#8221;%5B%7B%22x_offset%22%3A%220%22%2C%22y_offset%22%3A%2215px%22%2C%22blur_radius%22%3A%2250px%22%2C%22shadow_color%22%3A%22rgba(0%2C%200%2C%200%2C%200.025)%22%7D%5D&#8221;][vc_row_inner css=&#8221;.vc_custom_1630205240145{border-bottom-width: 20px !important;padding-top: 20px !important;padding-right: 100px !important;padding-left: 100px !important;}&#8221;][vc_column_inner]<style>.ld_fancy_heading_69eb97b58d3d9 .lqd-highlight-inner{height:0.275em;bottom:0px;}<\/style><div class=\"ld-fancy-heading text-center ld_fancy_heading_69eb97b58d3d9\">\n\t<h2 class=\"lqd-highlight-underline lqd-highlight-grow-left\" ><span class=\"ld-fh-txt\"> Make an appointment online<\/span><\/h2><\/div>[vc_separator color=&#8221;custom&#8221; border_width=&#8221;2&#8243; el_width=&#8221;10&#8243; accent_color=&#8221;#51bce5&#8243; css=&#8221;.vc_custom_1630204230331{margin-top: 13px !important;margin-bottom: 15px !important;}&#8221;]<style>.ld_spacer_69eb97b58d5a3{height:15px;}<\/style>\n<div class=\"ld-empty-space ld_spacer_69eb97b58d5a3\"><span class=\"liquid_empty_space_inner\"><\/span><\/div><style>.ld_fancy_heading_69eb97b58d690 .lqd-highlight-inner{height:0.275em;bottom:0px;}<\/style><div class=\"ld-fancy-heading text-center ld_fancy_heading_69eb97b58d690\">\n\t<h3 class=\"lqd-highlight-underline lqd-highlight-grow-left\" ><span class=\"ld-fh-txt\"> <strong>(514) 461-0527<\/strong><\/span><\/h3><\/div><style>.ld_spacer_69eb97b58d75b{height:20px;}<\/style>\n<div class=\"ld-empty-space ld_spacer_69eb97b58d75b\"><span class=\"liquid_empty_space_inner\"><\/span><\/div><style>.ld_cf7_69eb97b58d7d7 input[type=\"submit\"], .ld_cf7_69eb97b58d7d7 button[type=\"submit\"]{font-size:13px;font-weight:700;letter-spacing:0.1em;background:rgb(81, 188, 229);border-color:rgba(255, 255, 255, 0);}.ld_cf7_69eb97b58d7d7 input, .ld_cf7_69eb97b58d7d7 select, .ld_cf7_69eb97b58d7d7 textarea, .ld_cf7_69eb97b58d7d7 .ui-selectmenu-button{color:rgba(0, 0, 0, 0.64);}.ld_cf7_69eb97b58d7d7 input:focus, .ld_cf7_69eb97b58d7d7 select:focus, .ld_cf7_69eb97b58d7d7 textarea:focus, .ld_cf7_69eb97b58d7d7 .ui-selectmenu-button:hover{color:rgb(81, 188, 229);}.ld_cf7_69eb97b58d7d7 input[type=\"submit\"]:focus,.ld_cf7_69eb97b58d7d7 input[type=\"submit\"]:hover, .ld_cf7_69eb97b58d7d7 button[type=\"submit\"]:focus, .ld_cf7_69eb97b58d7d7 button[type=\"submit\"]:hover{background:rgb(69, 70, 70);}<\/style><div id=\"ld_cf7_69eb97b58d7d7\" class=\"lqd-contact-form ld_cf7_69eb97b58d7d7\">\n\t\n<div class=\"wpcf7 no-js\" id=\"wpcf7-f12743-o1\" lang=\"en-US\" dir=\"ltr\" data-wpcf7-id=\"12743\">\n<div class=\"screen-reader-response\"><p role=\"status\" aria-live=\"polite\" aria-atomic=\"true\"><\/p> <ul><\/ul><\/div>\n<form action=\"\/en\/wp-json\/wp\/v2\/pages\/12386#wpcf7-f12743-o1\" method=\"post\" class=\"wpcf7-form init\" aria-label=\"Contact form\" novalidate=\"novalidate\" data-status=\"init\">\n<fieldset class=\"hidden-fields-container\"><input type=\"hidden\" name=\"_wpcf7\" value=\"12743\" \/><input type=\"hidden\" name=\"_wpcf7_version\" value=\"6.1.5\" \/><input type=\"hidden\" name=\"_wpcf7_locale\" value=\"en_US\" \/><input type=\"hidden\" name=\"_wpcf7_unit_tag\" value=\"wpcf7-f12743-o1\" \/><input type=\"hidden\" name=\"_wpcf7_container_post\" value=\"0\" \/><input type=\"hidden\" name=\"_wpcf7_posted_data_hash\" value=\"\" \/><input type=\"hidden\" name=\"_wpcf7_recaptcha_response\" value=\"\" \/>\n<\/fieldset>\n<div class=\"row\">\n\t<p class=\"col-md-6\"><br \/>\n<span class=\"wpcf7-form-control-wrap\" data-name=\"text-77\"><input size=\"40\" maxlength=\"400\" class=\"wpcf7-form-control wpcf7-text wpcf7-validates-as-required\" aria-required=\"true\" aria-invalid=\"false\" placeholder=\"First name\" value=\"\" type=\"text\" name=\"text-77\" \/><\/span><span class=\"wpcf7-form-control-wrap\" data-name=\"email-398\"><input size=\"40\" maxlength=\"400\" class=\"wpcf7-form-control wpcf7-email wpcf7-validates-as-required wpcf7-text wpcf7-validates-as-email\" aria-required=\"true\" aria-invalid=\"false\" placeholder=\"Email\" value=\"\" type=\"email\" name=\"email-398\" \/><\/span>\n\t<\/p>\n\t<p class=\"col-md-6\"><br \/>\n<span class=\"wpcf7-form-control-wrap\" data-name=\"text-77\"><input size=\"40\" maxlength=\"400\" class=\"wpcf7-form-control wpcf7-text wpcf7-validates-as-required\" aria-required=\"true\" aria-invalid=\"false\" placeholder=\"Last Name\" value=\"\" type=\"text\" name=\"text-77\" \/><\/span><span class=\"wpcf7-form-control-wrap\" data-name=\"tel-771\"><input size=\"40\" maxlength=\"400\" class=\"wpcf7-form-control wpcf7-tel wpcf7-validates-as-required wpcf7-text wpcf7-validates-as-tel\" aria-required=\"true\" aria-invalid=\"false\" placeholder=\"Phone number\" value=\"\" type=\"tel\" name=\"tel-771\" \/><\/span>\n\t<\/p>\n\t<p class=\"col-sm-12\"><br \/>\n<span class=\"wpcf7-form-control-wrap\" data-name=\"menu-658\"><select class=\"wpcf7-form-control wpcf7-select wpcf7-validates-as-required\" aria-required=\"true\" aria-invalid=\"false\" name=\"menu-658\"><option value=\"Branch Office\">Branch Office<\/option><option value=\"Montreal (St-Laurent) - 30 min\">Montreal (St-Laurent) - 30 min<\/option><option value=\"Boucherville - 30 min\">Boucherville - 30 min<\/option><option value=\"Virtual consultation - 30 min\">Virtual consultation - 30 min<\/option><\/select><\/span><input class=\"wpcf7-form-control wpcf7-submit has-spinner\" type=\"submit\" value=\"Next*\" \/>\n\t<\/p>\n<\/div><div class=\"wpcf7-response-output\" aria-hidden=\"true\"><\/div>\n<\/form>\n<\/div>\n<\/div><style>.ld_fancy_heading_69eb97b58de63 .lqd-highlight-inner{height:0.275em;bottom:0px;}<\/style><div class=\"ld-fancy-heading text-center ld_fancy_heading_69eb97b58de63\">\n\t<p class=\"lqd-highlight-underline lqd-highlight-grow-left\" ><span class=\"ld-fh-txt\"> *Step 1 of 2<\/p>\n<p>Enter your information in the form above to get a free no-obligation online appointment. Your information is confidential and we do not send out any spam or newsletters.<\/span><\/p><\/div><style>.ld_spacer_69eb97b58df30{height:20px;}<\/style>\n<div class=\"ld-empty-space ld_spacer_69eb97b58df30\"><span class=\"liquid_empty_space_inner\"><\/span><\/div>[\/vc_column_inner][\/vc_row_inner][\/vc_column][\/vc_row][vc_row css=&#8221;.vc_custom_1658232382893{margin-top: 20px !important;margin-bottom: 100px !important;}&#8221; el_id=&#8221;Mobile_EN&#8221; row_hide=&#8221;hidden-md hidden-lg&#8221;][vc_column enable_column_shadowbox=&#8221;yes&#8221; css=&#8221;.vc_custom_1630205547117{margin-top: -60% !important;padding-top: 45px !important;padding-right: 15px !important;padding-bottom: 30px !important;padding-left: 15px !important;background-color: #ffffff !important;}&#8221; column_box_shadow=&#8221;%5B%7B%22x_offset%22%3A%220%22%2C%22y_offset%22%3A%2215px%22%2C%22blur_radius%22%3A%2250px%22%2C%22shadow_color%22%3A%22rgba(0%2C%200%2C%200%2C%200.025)%22%7D%5D&#8221;][vc_row_inner css=&#8221;.vc_custom_1630205133708{padding-right: 25px !important;padding-left: 25px !important;}&#8221;][vc_column_inner]<style>.ld_fancy_heading_69eb97b58dfcf .lqd-highlight-inner{height:0.275em;bottom:0px;}<\/style><div class=\"ld-fancy-heading text-center ld_fancy_heading_69eb97b58dfcf\">\n\t<h2 class=\"lqd-highlight-underline lqd-highlight-grow-left\" ><span class=\"ld-fh-txt\"> Make an appointment online<\/span><\/h2><\/div>[vc_separator color=&#8221;custom&#8221; border_width=&#8221;2&#8243; el_width=&#8221;10&#8243; accent_color=&#8221;#51bce5&#8243; css=&#8221;.vc_custom_1630204230331{margin-top: 13px !important;margin-bottom: 15px !important;}&#8221;]<style>.ld_spacer_69eb97b58e05c{height:15px;}<\/style>\n<div class=\"ld-empty-space ld_spacer_69eb97b58e05c\"><span class=\"liquid_empty_space_inner\"><\/span><\/div><style>.ld_fancy_heading_69eb97b58e10b .lqd-highlight-inner{height:0.275em;bottom:0px;}<\/style><div class=\"ld-fancy-heading text-center ld_fancy_heading_69eb97b58e10b\">\n\t<h3 class=\"lqd-highlight-underline lqd-highlight-grow-left\" ><span class=\"ld-fh-txt\"> <strong>(514) 461-0527<\/strong><\/span><\/h3><\/div><style>.ld_spacer_69eb97b58e1ab{height:20px;}<\/style>\n<div class=\"ld-empty-space ld_spacer_69eb97b58e1ab\"><span class=\"liquid_empty_space_inner\"><\/span><\/div><style>.ld_cf7_69eb97b58e215 input[type=\"submit\"], .ld_cf7_69eb97b58e215 button[type=\"submit\"]{font-size:13px;font-weight:700;letter-spacing:0.1em;background:rgb(81, 188, 229);border-color:rgba(255, 255, 255, 0);}.ld_cf7_69eb97b58e215 input, .ld_cf7_69eb97b58e215 select, .ld_cf7_69eb97b58e215 textarea, .ld_cf7_69eb97b58e215 .ui-selectmenu-button{color:rgba(0, 0, 0, 0.64);}.ld_cf7_69eb97b58e215 input:focus, .ld_cf7_69eb97b58e215 select:focus, .ld_cf7_69eb97b58e215 textarea:focus, .ld_cf7_69eb97b58e215 .ui-selectmenu-button:hover{color:rgb(81, 188, 229);}.ld_cf7_69eb97b58e215 input[type=\"submit\"]:focus,.ld_cf7_69eb97b58e215 input[type=\"submit\"]:hover, .ld_cf7_69eb97b58e215 button[type=\"submit\"]:focus, .ld_cf7_69eb97b58e215 button[type=\"submit\"]:hover{background:rgb(69, 70, 70);}<\/style><div id=\"ld_cf7_69eb97b58e215\" class=\"lqd-contact-form ld_cf7_69eb97b58e215\">\n\t\n<div class=\"wpcf7 no-js\" id=\"wpcf7-f8192-o2\" lang=\"en-US\" dir=\"ltr\" data-wpcf7-id=\"8192\">\n<div class=\"screen-reader-response\"><p role=\"status\" aria-live=\"polite\" aria-atomic=\"true\"><\/p> <ul><\/ul><\/div>\n<form action=\"\/en\/wp-json\/wp\/v2\/pages\/12386#wpcf7-f8192-o2\" method=\"post\" class=\"wpcf7-form init\" aria-label=\"Contact form\" novalidate=\"novalidate\" data-status=\"init\">\n<fieldset class=\"hidden-fields-container\"><input type=\"hidden\" name=\"_wpcf7\" value=\"8192\" \/><input type=\"hidden\" name=\"_wpcf7_version\" value=\"6.1.5\" \/><input type=\"hidden\" name=\"_wpcf7_locale\" value=\"en_US\" \/><input type=\"hidden\" name=\"_wpcf7_unit_tag\" value=\"wpcf7-f8192-o2\" \/><input type=\"hidden\" name=\"_wpcf7_container_post\" value=\"0\" \/><input type=\"hidden\" name=\"_wpcf7_posted_data_hash\" value=\"\" \/><input type=\"hidden\" name=\"_wpcf7_recaptcha_response\" value=\"\" \/>\n<\/fieldset>\n<div class=\"row\">\n\t<p class=\"col-md-6\"><br \/>\n<span class=\"wpcf7-form-control-wrap\" data-name=\"text-77\"><input size=\"40\" maxlength=\"400\" class=\"wpcf7-form-control wpcf7-text wpcf7-validates-as-required\" aria-required=\"true\" aria-invalid=\"false\" placeholder=\"Pr\u00e9nom\" value=\"\" type=\"text\" name=\"text-77\" \/><\/span><span class=\"wpcf7-form-control-wrap\" data-name=\"email-398\"><input size=\"40\" maxlength=\"400\" class=\"wpcf7-form-control wpcf7-email wpcf7-validates-as-required wpcf7-text wpcf7-validates-as-email\" aria-required=\"true\" aria-invalid=\"false\" placeholder=\"Courriel\" value=\"\" type=\"email\" name=\"email-398\" \/><\/span>\n\t<\/p>\n\t<p class=\"col-md-6\"><br \/>\n<span class=\"wpcf7-form-control-wrap\" data-name=\"text-77\"><input size=\"40\" maxlength=\"400\" class=\"wpcf7-form-control wpcf7-text wpcf7-validates-as-required\" aria-required=\"true\" aria-invalid=\"false\" placeholder=\"Nom\" value=\"\" type=\"text\" name=\"text-77\" \/><\/span><span class=\"wpcf7-form-control-wrap\" data-name=\"tel-771\"><input size=\"40\" maxlength=\"400\" class=\"wpcf7-form-control wpcf7-tel wpcf7-validates-as-required wpcf7-text wpcf7-validates-as-tel\" aria-required=\"true\" aria-invalid=\"false\" placeholder=\"Num\u00e9ro de t\u00e9l\u00e9phone\" value=\"\" type=\"tel\" name=\"tel-771\" \/><\/span>\n\t<\/p>\n\t<p class=\"col-sm-12\"><br \/>\n<span class=\"wpcf7-form-control-wrap\" data-name=\"menu-658\"><select class=\"wpcf7-form-control wpcf7-select wpcf7-validates-as-required\" aria-required=\"true\" aria-invalid=\"false\" name=\"menu-658\"><option value=\"Succursale\">Succursale<\/option><option value=\"Montr\u00e9al (St-Laurent) - 30 min\">Montr\u00e9al (St-Laurent) - 30 min<\/option><option value=\"Boucherville - 30 min\">Boucherville - 30 min<\/option><option value=\"Consultation virtuelle - 30 min\">Consultation virtuelle - 30 min<\/option><\/select><\/span><input class=\"wpcf7-form-control wpcf7-submit has-spinner\" type=\"submit\" value=\"Suivant*\" \/>\n\t<\/p>\n<\/div><div class=\"wpcf7-response-output\" aria-hidden=\"true\"><\/div>\n<\/form>\n<\/div>\n<\/div><style>.ld_fancy_heading_69eb97b58e62e .lqd-highlight-inner{height:0.275em;bottom:0px;}<\/style><div class=\"ld-fancy-heading text-center ld_fancy_heading_69eb97b58e62e\">\n\t<p class=\"lqd-highlight-underline lqd-highlight-grow-left\" ><span class=\"ld-fh-txt\"> *Step 1 of 2<\/p>\n<p>Enter your information in the form above to get a free no-obligation online appointment. Your information is confidential and we do not send out any spam or newsletters.<\/span><\/p><\/div>[\/vc_column_inner][\/vc_row_inner][\/vc_column][\/vc_row]<\/p>\n<\/section>","protected":false},"excerpt":{"rendered":"<p>[vc_row enable_overlay=&#8221;yes&#8221; css=&#8221;.vc_custom_1632864461662{padding-top: 200px !important;padding-bottom: 200px !important;background-image: url(https:\/\/lasikmontreal.com\/wp-content\/uploads\/2021\/09\/iStock-1218957158.jpg?id=8726) !important;background-position: center !important;background-repeat: no-repeat !important;background-size: cover !important;}&#8221;&#8230;<\/p>\n","protected":false},"author":1,"featured_media":0,"parent":0,"menu_order":0,"comment_status":"closed","ping_status":"closed","template":"","meta":{"footnotes":""},"class_list":["post-12386","page","type-page","status-publish","hentry"],"yoast_head":"<!-- This site is optimized with the Yoast SEO plugin v27.4 - https:\/\/yoast.com\/product\/yoast-seo-wordpress\/ -->\n<title>Online appointment | IDODM<\/title>\n<meta name=\"description\" content=\"Book your consultation online to schedule an appointment with our eye care specialists who can guide you.\" \/>\n<meta name=\"robots\" content=\"index, follow, max-snippet:-1, max-image-preview:large, max-video-preview:-1\" \/>\n<link rel=\"canonical\" href=\"https:\/\/lasikmontreal.com\/en\/online-appointment\/\" \/>\n<meta property=\"og:locale\" content=\"en_US\" \/>\n<meta property=\"og:type\" content=\"article\" \/>\n<meta property=\"og:title\" content=\"Online appointment | IDODM\" \/>\n<meta property=\"og:description\" content=\"Book your consultation online to schedule an appointment with our eye care specialists who can guide you.\" \/>\n<meta property=\"og:url\" content=\"https:\/\/lasikmontreal.com\/en\/online-appointment\/\" \/>\n<meta property=\"og:site_name\" content=\"L&#039;Institut de l&#039;oeil de Montr\u00e9al\" \/>\n<meta property=\"article:modified_time\" content=\"2022-07-19T12:07:56+00:00\" \/>\n<meta name=\"twitter:card\" content=\"summary_large_image\" \/>\n<meta name=\"twitter:label1\" content=\"Est. reading time\" \/>\n\t<meta name=\"twitter:data1\" content=\"2 minutes\" \/>\n<script type=\"application\/ld+json\" class=\"yoast-schema-graph\">{\"@context\":\"https:\\\/\\\/schema.org\",\"@graph\":[{\"@type\":\"WebPage\",\"@id\":\"https:\\\/\\\/lasikmontreal.com\\\/en\\\/online-appointment\\\/\",\"url\":\"https:\\\/\\\/lasikmontreal.com\\\/en\\\/online-appointment\\\/\",\"name\":\"Online appointment | IDODM\",\"isPartOf\":{\"@id\":\"https:\\\/\\\/lasikmontreal.com\\\/#website\"},\"datePublished\":\"2021-08-29T02:27:41+00:00\",\"dateModified\":\"2022-07-19T12:07:56+00:00\",\"description\":\"Book your consultation online to schedule an appointment with our eye care specialists who can guide you.\",\"inLanguage\":\"en-US\",\"potentialAction\":[{\"@type\":\"ReadAction\",\"target\":[\"https:\\\/\\\/lasikmontreal.com\\\/en\\\/online-appointment\\\/\"]}]},{\"@type\":\"WebSite\",\"@id\":\"https:\\\/\\\/lasikmontreal.com\\\/#website\",\"url\":\"https:\\\/\\\/lasikmontreal.com\\\/\",\"name\":\"L&#039;Institut de l&#039;oeil de Montr\u00e9al\",\"description\":\"Lasik Montr\u00e9al, Op\u00e9ration yeux au laser | IDODM\",\"potentialAction\":[{\"@type\":\"SearchAction\",\"target\":{\"@type\":\"EntryPoint\",\"urlTemplate\":\"https:\\\/\\\/lasikmontreal.com\\\/?s={search_term_string}\"},\"query-input\":{\"@type\":\"PropertyValueSpecification\",\"valueRequired\":true,\"valueName\":\"search_term_string\"}}],\"inLanguage\":\"en-US\"}]}<\/script>\n<!-- \/ Yoast SEO plugin. -->","yoast_head_json":{"title":"Online appointment | IDODM","description":"Book your consultation online to schedule an appointment with our eye care specialists who can guide you.","robots":{"index":"index","follow":"follow","max-snippet":"max-snippet:-1","max-image-preview":"max-image-preview:large","max-video-preview":"max-video-preview:-1"},"canonical":"https:\/\/lasikmontreal.com\/en\/online-appointment\/","og_locale":"en_US","og_type":"article","og_title":"Online appointment | IDODM","og_description":"Book your consultation online to schedule an appointment with our eye care specialists who can guide you.","og_url":"https:\/\/lasikmontreal.com\/en\/online-appointment\/","og_site_name":"L&#039;Institut de l&#039;oeil de Montr\u00e9al","article_modified_time":"2022-07-19T12:07:56+00:00","twitter_card":"summary_large_image","twitter_misc":{"Est. reading time":"2 minutes"},"schema":{"@context":"https:\/\/schema.org","@graph":[{"@type":"WebPage","@id":"https:\/\/lasikmontreal.com\/en\/online-appointment\/","url":"https:\/\/lasikmontreal.com\/en\/online-appointment\/","name":"Online appointment | IDODM","isPartOf":{"@id":"https:\/\/lasikmontreal.com\/#website"},"datePublished":"2021-08-29T02:27:41+00:00","dateModified":"2022-07-19T12:07:56+00:00","description":"Book your consultation online to schedule an appointment with our eye care specialists who can guide you.","inLanguage":"en-US","potentialAction":[{"@type":"ReadAction","target":["https:\/\/lasikmontreal.com\/en\/online-appointment\/"]}]},{"@type":"WebSite","@id":"https:\/\/lasikmontreal.com\/#website","url":"https:\/\/lasikmontreal.com\/","name":"L&#039;Institut de l&#039;oeil de Montr\u00e9al","description":"Lasik Montr\u00e9al, Op\u00e9ration yeux au laser | IDODM","potentialAction":[{"@type":"SearchAction","target":{"@type":"EntryPoint","urlTemplate":"https:\/\/lasikmontreal.com\/?s={search_term_string}"},"query-input":{"@type":"PropertyValueSpecification","valueRequired":true,"valueName":"search_term_string"}}],"inLanguage":"en-US"}]}},"_links":{"self":[{"href":"https:\/\/lasikmontreal.com\/en\/wp-json\/wp\/v2\/pages\/12386","targetHints":{"allow":["GET"]}}],"collection":[{"href":"https:\/\/lasikmontreal.com\/en\/wp-json\/wp\/v2\/pages"}],"about":[{"href":"https:\/\/lasikmontreal.com\/en\/wp-json\/wp\/v2\/types\/page"}],"author":[{"embeddable":true,"href":"https:\/\/lasikmontreal.com\/en\/wp-json\/wp\/v2\/users\/1"}],"replies":[{"embeddable":true,"href":"https:\/\/lasikmontreal.com\/en\/wp-json\/wp\/v2\/comments?post=12386"}],"version-history":[{"count":4,"href":"https:\/\/lasikmontreal.com\/en\/wp-json\/wp\/v2\/pages\/12386\/revisions"}],"predecessor-version":[{"id":12749,"href":"https:\/\/lasikmontreal.com\/en\/wp-json\/wp\/v2\/pages\/12386\/revisions\/12749"}],"wp:attachment":[{"href":"https:\/\/lasikmontreal.com\/en\/wp-json\/wp\/v2\/media?parent=12386"}],"curies":[{"name":"wp","href":"https:\/\/api.w.org\/{rel}","templated":true}]}}