{"id":12385,"date":"2021-08-25T19:15:39","date_gmt":"2021-08-25T19:15:39","guid":{"rendered":"https:\/\/lasikmontreal.com\/nos-specialistes\/"},"modified":"2023-05-04T16:43:12","modified_gmt":"2023-05-04T16:43:12","slug":"our-specialists","status":"publish","type":"page","link":"https:\/\/lasikmontreal.com\/en\/our-specialists\/","title":{"rendered":"Our specialists"},"content":{"rendered":"<section class=\"wpb-content-wrapper\"><p>[vc_row enable_overlay=&#8221;yes&#8221; css=&#8221;.vc_custom_1632860652609{padding-top: 300px !important;padding-bottom: 150px !important;background-image: url(https:\/\/lasikmontreal.com\/wp-content\/uploads\/2021\/09\/iStock-600072006.jpg?id=8665) !important;background-position: center !important;background-repeat: no-repeat !important;background-size: cover !important;}&#8221; overlay_bg=&#8221;rgba(0, 0, 0, 0.5)&#8221;][vc_column width=&#8221;5\/6&#8243;]<style>.ld_fancy_heading_69eb939673d22 h1{color:rgb(255, 255, 255);}.ld_fancy_heading_69eb939673d22 .lqd-highlight-inner{height:0.275em;bottom:0px;}<\/style><div class=\"ld-fancy-heading ld_fancy_heading_69eb939673d22\">\n\t<h1 class=\"lqd-highlight-underline lqd-highlight-grow-left\" ><span class=\"ld-fh-txt\"> Our specialists<\/span><\/h1><\/div>[vc_separator color=&#8221;custom&#8221; align=&#8221;align_left&#8221; border_width=&#8221;2&#8243; el_width=&#8221;10&#8243; accent_color=&#8221;#51bce5&#8243;]<style>.ld_fancy_heading_69eb939673fb4 h3{color:rgb(255, 255, 255);}.ld_fancy_heading_69eb939673fb4 .lqd-highlight-inner{height:0.275em;bottom:0px;}<\/style><div class=\"ld-fancy-heading ld_fancy_heading_69eb939673fb4\">\n\t<h3 class=\"lqd-highlight-underline lqd-highlight-grow-left\" ><span class=\"ld-fh-txt\"> Meet our specialists with degrees in ophthalmology.<\/span><\/h3><\/div><style>.ld_fancy_heading_69eb939674175 h6{font-size:15px;letter-spacing:0.3em;color:rgb(255, 255, 255);}.ld_fancy_heading_69eb939674175 .ld-fh-underline{height:1px;width:100%;background:rgba(0, 0, 0, 0.147);}.ld_fancy_heading_69eb939674175 .lqd-highlight-inner{height:0.275em;bottom:0px;}<\/style><div class=\"ld-fancy-heading text-uppercase ld_fancy_heading_69eb939674175\">\n\t<h6 class=\"lqd-highlight-underline lqd-highlight-grow-left\" ><span class=\"ld-fh-txt\"><span class=\"ld-fh-underline\"><\/span> EXPERIENCED DOCTORS<\/span><\/h6><\/div>[\/vc_column][vc_column width=&#8221;1\/6&#8243;][\/vc_column][\/vc_row][vc_row css=&#8221;.vc_custom_1630337116776{margin-bottom: 20px !important;padding-top: 100px !important;}&#8221;][vc_column offset=&#8221;vc_col-md-4&#8243;]<style>.ld_content_box_69eb939674348 .fancy-box-header h3{font-size:25px;}<\/style><div id=\"ld_content_box_69eb939674348\" class=\"fancy-box fancy-box-heading-custom fancy-box-classic ld_content_box_69eb939674348\">\n\t\n\t<div class=\"cb-img-container mb-4\">\n\n\t\t<figure class=\"fancy-box-image\"><img loading=\"lazy\" decoding=\"async\" width=\"336\" height=\"388\" src=\"data:image\/svg+xml;charset=utf-8,&lt;svg xmlns%3D&#039;http%3A%2F%2Fwww.w3.org%2F2000%2Fsvg&#039; viewBox%3D&#039;0 0 336 388&#039;%2F&gt;\" class=\"attachment-full size-full ld-lazyload\" alt=\"\" srcset=\"\" sizes=\"auto, (max-width: 336px) 100vw, 336px\" data-src=\"https:\/\/lasikmontreal.com\/wp-content\/uploads\/2021\/08\/fanous1.jpg\" data-srcset=\"https:\/\/lasikmontreal.com\/wp-content\/uploads\/2021\/08\/fanous1.jpg 336w, https:\/\/lasikmontreal.com\/wp-content\/uploads\/2021\/08\/fanous1-260x300.jpg 260w\" data-aspect=\"0.8659793814433\" \/><\/figure>\t\t\t\t\n\t\t\t\t<div class=\"cb-img-btn\">\n\t\t\t<div class=\"cb-img-btn-bg\"><\/div>\n\t\t\t<a href=\"https:\/\/lasikmontreal.com\/en\/dr-sameh-fanous\/\" title=\"Dr. Sameh Fanous\" class=\"liquid-overlay-link\"><\/a>\t\t\t<div class=\"cb-img-btn-inner\">\n\t\t\t\t<style>.ld_button_69eb9396bca31{color:rgb(0, 0, 0);font-size:18px !important;font-weight:300 !important;}.ld_button_69eb9396bca31:hover{color:rgb(81, 188, 229);}<\/style><a href=\"#\" class=\"btn btn-naked ld_button_69eb9396bca31\">\n\t<span>\n\t\t\n\t\t\t\t\t<span class=\"btn-txt\">Meet Dr. Fanous<\/span>\n\t\t\t\n\t<span class=\"btn-icon\"><i class=\"fas fa-angle-right\"><\/i><\/span>\t\t\t<\/span>\n<\/a>\n\t\t\t<\/div><!-- \/.cb-img-btn-inner -->\n\t\t<\/div><!-- \/.cb-img-btn -->\n\t\t\n\t<\/div><!-- \/.cb-img-container -->\n\n\t<div class=\"fancy-box-contents\">\n\t\t\n\t\t<div class=\"fancy-box-header\">\n\t\t\t<h3 class=\"font-weight-medium\" >Dr. Sameh Fanous<\/h3>\t\t\t\t\t<\/div><!-- \/.fancy-box-header -->\n\t\t\n\t\t\t\t\n\t<\/div><!-- \/.fancy-box-contents -->\n\t\n\t<a href=\"https:\/\/lasikmontreal.com\/en\/dr-sameh-fanous\/\" title=\"Dr. Sameh Fanous\" class=\"liquid-overlay-link\"><\/a>\t\n<\/div><!-- \/.fancy-box fancy-box-classes -->[\/vc_column][vc_column offset=&#8221;vc_col-md-4&#8243;]<style>.ld_content_box_69eb9396c0d4d .fancy-box-header h3{font-size:25px;}<\/style><div id=\"ld_content_box_69eb9396c0d4d\" class=\"fancy-box fancy-box-heading-custom fancy-box-classic ld_content_box_69eb9396c0d4d\">\n\t\n\t<div class=\"cb-img-container mb-4\">\n\n\t\t<figure class=\"fancy-box-image\"><img loading=\"lazy\" decoding=\"async\" width=\"336\" height=\"388\" src=\"data:image\/svg+xml;charset=utf-8,&lt;svg xmlns%3D&#039;http%3A%2F%2Fwww.w3.org%2F2000%2Fsvg&#039; viewBox%3D&#039;0 0 336 388&#039;%2F&gt;\" class=\"attachment-full size-full ld-lazyload\" alt=\"\" srcset=\"\" sizes=\"auto, (max-width: 336px) 100vw, 336px\" data-src=\"https:\/\/lasikmontreal.com\/wp-content\/uploads\/2023\/05\/2023-5-4-1.png\" data-srcset=\"https:\/\/lasikmontreal.com\/wp-content\/uploads\/2023\/05\/2023-5-4-1.png 336w, https:\/\/lasikmontreal.com\/wp-content\/uploads\/2023\/05\/2023-5-4-1-260x300.png 260w\" data-aspect=\"0.8659793814433\" \/><\/figure>\t\t\t\t\n\t\t\t\t<div class=\"cb-img-btn\">\n\t\t\t<div class=\"cb-img-btn-bg\"><\/div>\n\t\t\t<a href=\"https:\/\/lasikmontreal.com\/en\/dr-gabriel-fanous\/\" title=\"Dr. Gabriel Fanous\" class=\"liquid-overlay-link\"><\/a>\t\t\t<div class=\"cb-img-btn-inner\">\n\t\t\t\t<style>.ld_button_69eb939726714{color:rgb(0, 0, 0);font-size:18px !important;font-weight:300 !important;}.ld_button_69eb939726714:hover{color:rgb(81, 188, 229);}<\/style><a href=\"#\" class=\"btn btn-naked ld_button_69eb939726714\">\n\t<span>\n\t\t\n\t\t\t\t\t<span class=\"btn-txt\">Meet Dr. Fanous<\/span>\n\t\t\t\n\t<span class=\"btn-icon\"><i class=\"fas fa-angle-right\"><\/i><\/span>\t\t\t<\/span>\n<\/a>\n\t\t\t<\/div><!-- \/.cb-img-btn-inner -->\n\t\t<\/div><!-- \/.cb-img-btn -->\n\t\t\n\t<\/div><!-- \/.cb-img-container -->\n\n\t<div class=\"fancy-box-contents\">\n\t\t\n\t\t<div class=\"fancy-box-header\">\n\t\t\t<h3 class=\"font-weight-medium\" >Dr. Gabriel Fanous OD<\/h3>\t\t\t\t\t<\/div><!-- \/.fancy-box-header -->\n\t\t\n\t\t\t\t\n\t<\/div><!-- \/.fancy-box-contents -->\n\t\n\t<a href=\"https:\/\/lasikmontreal.com\/en\/dr-gabriel-fanous\/\" title=\"Dr. Gabriel Fanous\" class=\"liquid-overlay-link\"><\/a>\t\n<\/div><!-- \/.fancy-box fancy-box-classes -->[\/vc_column][vc_column offset=&#8221;vc_col-md-4&#8243;]<style>.ld_content_box_69eb93972a6d3 .fancy-box-header h3{font-size:25px;}<\/style><div id=\"ld_content_box_69eb93972a6d3\" class=\"fancy-box fancy-box-heading-custom fancy-box-classic ld_content_box_69eb93972a6d3\">\n\t\n\t<div class=\"cb-img-container mb-4\">\n\n\t\t<figure class=\"fancy-box-image\"><img loading=\"lazy\" decoding=\"async\" width=\"336\" height=\"388\" src=\"data:image\/svg+xml;charset=utf-8,&lt;svg xmlns%3D&#039;http%3A%2F%2Fwww.w3.org%2F2000%2Fsvg&#039; viewBox%3D&#039;0 0 336 388&#039;%2F&gt;\" class=\"attachment-full size-full ld-lazyload\" alt=\"\" srcset=\"\" sizes=\"auto, (max-width: 336px) 100vw, 336px\" data-src=\"https:\/\/lasikmontreal.com\/wp-content\/uploads\/2023\/05\/2023-5-4-2.png\" data-srcset=\"https:\/\/lasikmontreal.com\/wp-content\/uploads\/2023\/05\/2023-5-4-2.png 336w, https:\/\/lasikmontreal.com\/wp-content\/uploads\/2023\/05\/2023-5-4-2-260x300.png 260w\" data-aspect=\"0.8659793814433\" \/><\/figure>\t\t\t\t\n\t\t\t\t<div class=\"cb-img-btn\">\n\t\t\t<div class=\"cb-img-btn-bg\"><\/div>\n\t\t\t<a href=\"https:\/\/lasikmontreal.com\/en\/dr-antranik-allahourian\/\" title=\"Dr. Antranik Allahourian\" class=\"liquid-overlay-link\"><\/a>\t\t\t<div class=\"cb-img-btn-inner\">\n\t\t\t\t<style>.ld_button_69eb93975e366{color:rgb(0, 0, 0);font-size:18px !important;font-weight:300 !important;}.ld_button_69eb93975e366:hover{color:rgb(81, 188, 229);}<\/style><a href=\"#\" class=\"btn btn-naked ld_button_69eb93975e366\">\n\t<span>\n\t\t\n\t\t\t\t\t<span class=\"btn-txt\">Meet Dr. Allahourian<\/span>\n\t\t\t\n\t<span class=\"btn-icon\"><i class=\"fas fa-angle-right\"><\/i><\/span>\t\t\t<\/span>\n<\/a>\n\t\t\t<\/div><!-- \/.cb-img-btn-inner -->\n\t\t<\/div><!-- \/.cb-img-btn -->\n\t\t\n\t<\/div><!-- \/.cb-img-container -->\n\n\t<div class=\"fancy-box-contents\">\n\t\t\n\t\t<div class=\"fancy-box-header\">\n\t\t\t<h3 class=\"font-weight-medium\" >Dr. Antranik Allahourian OD<\/h3>\t\t\t\t\t<\/div><!-- \/.fancy-box-header -->\n\t\t\n\t\t\t\t\n\t<\/div><!-- \/.fancy-box-contents -->\n\t\n\t<a href=\"https:\/\/lasikmontreal.com\/en\/dr-antranik-allahourian\/\" title=\"Dr. Antranik Allahourian\" class=\"liquid-overlay-link\"><\/a>\t\n<\/div><!-- \/.fancy-box fancy-box-classes -->[\/vc_column][\/vc_row][vc_row disable_element=&#8221;yes&#8221; css=&#8221;.vc_custom_1683218540304{margin-bottom: 20px !important;padding-top: 100px !important;}&#8221;][vc_column offset=&#8221;vc_col-md-4&#8243;]<style>.ld_content_box_69eb939762d05 .fancy-box-header h3{font-size:25px;}<\/style><div id=\"ld_content_box_69eb939762d05\" class=\"fancy-box fancy-box-heading-custom fancy-box-classic ld_content_box_69eb939762d05\">\n\t\n\t<div class=\"cb-img-container mb-4\">\n\n\t\t<figure class=\"fancy-box-image\"><img loading=\"lazy\" decoding=\"async\" width=\"336\" height=\"388\" src=\"data:image\/svg+xml;charset=utf-8,&lt;svg xmlns%3D&#039;http%3A%2F%2Fwww.w3.org%2F2000%2Fsvg&#039; viewBox%3D&#039;0 0 336 388&#039;%2F&gt;\" class=\"attachment-full size-full ld-lazyload\" alt=\"\" srcset=\"\" sizes=\"auto, (max-width: 336px) 100vw, 336px\" data-src=\"https:\/\/lasikmontreal.com\/wp-content\/uploads\/2021\/08\/fanous1.jpg\" data-srcset=\"https:\/\/lasikmontreal.com\/wp-content\/uploads\/2021\/08\/fanous1.jpg 336w, https:\/\/lasikmontreal.com\/wp-content\/uploads\/2021\/08\/fanous1-260x300.jpg 260w\" data-aspect=\"0.8659793814433\" \/><\/figure>\t\t\t\t\n\t\t\t\t<div class=\"cb-img-btn\">\n\t\t\t<div class=\"cb-img-btn-bg\"><\/div>\n\t\t\t<a href=\"https:\/\/lasikmontreal.com\/en\/dr-sameh-fanous\/\" title=\"Dr. Sameh Fanous\" class=\"liquid-overlay-link\"><\/a>\t\t\t<div class=\"cb-img-btn-inner\">\n\t\t\t\t<style>.ld_button_69eb939795ee7{color:rgb(0, 0, 0);font-size:18px !important;font-weight:300 !important;}.ld_button_69eb939795ee7:hover{color:rgb(81, 188, 229);}<\/style><a href=\"#\" class=\"btn btn-naked ld_button_69eb939795ee7\">\n\t<span>\n\t\t\n\t\t\t\t\t<span class=\"btn-txt\">Meet Dr. Fanous<\/span>\n\t\t\t\n\t<span class=\"btn-icon\"><i class=\"fas fa-angle-right\"><\/i><\/span>\t\t\t<\/span>\n<\/a>\n\t\t\t<\/div><!-- \/.cb-img-btn-inner -->\n\t\t<\/div><!-- \/.cb-img-btn -->\n\t\t\n\t<\/div><!-- \/.cb-img-container -->\n\n\t<div class=\"fancy-box-contents\">\n\t\t\n\t\t<div class=\"fancy-box-header\">\n\t\t\t<h3 class=\"font-weight-medium\" >Dr. Sameh Fanous<\/h3>\t\t\t\t\t<\/div><!-- \/.fancy-box-header -->\n\t\t\n\t\t\t\t\n\t<\/div><!-- \/.fancy-box-contents -->\n\t\n\t<a href=\"https:\/\/lasikmontreal.com\/en\/dr-sameh-fanous\/\" title=\"Dr. Sameh Fanous\" class=\"liquid-overlay-link\"><\/a>\t\n<\/div><!-- \/.fancy-box fancy-box-classes -->[\/vc_column][vc_column offset=&#8221;vc_col-md-4&#8243;]<style>.ld_content_box_69eb939799e85 .fancy-box-header h3{font-size:25px;}<\/style><div id=\"ld_content_box_69eb939799e85\" class=\"fancy-box fancy-box-heading-custom fancy-box-classic ld_content_box_69eb939799e85\">\n\t\n\t<div class=\"cb-img-container mb-4\">\n\n\t\t<figure class=\"fancy-box-image\"><img loading=\"lazy\" decoding=\"async\" width=\"336\" height=\"388\" src=\"data:image\/svg+xml;charset=utf-8,&lt;svg xmlns%3D&#039;http%3A%2F%2Fwww.w3.org%2F2000%2Fsvg&#039; viewBox%3D&#039;0 0 336 388&#039;%2F&gt;\" class=\"attachment-full size-full ld-lazyload\" alt=\"\" srcset=\"\" sizes=\"auto, (max-width: 336px) 100vw, 336px\" data-src=\"https:\/\/lasikmontreal.com\/wp-content\/uploads\/2021\/08\/belliveau-2.jpeg\" data-srcset=\"https:\/\/lasikmontreal.com\/wp-content\/uploads\/2021\/08\/belliveau-2.jpeg 336w, https:\/\/lasikmontreal.com\/wp-content\/uploads\/2021\/08\/belliveau-2-260x300.jpeg 260w\" data-aspect=\"0.8659793814433\" \/><\/figure>\t\t\t\t\n\t\t\t\t<div class=\"cb-img-btn\">\n\t\t\t<div class=\"cb-img-btn-bg\"><\/div>\n\t\t\t<a href=\"https:\/\/lasikmontreal.com\/en\/dr-daniel-belliveau\/\" title=\"Dr. Daniel Belliveau\" class=\"liquid-overlay-link\"><\/a>\t\t\t<div class=\"cb-img-btn-inner\">\n\t\t\t\t<style>.ld_button_69eb9397cddc0{color:rgb(0, 0, 0);font-size:18px !important;font-weight:300 !important;}.ld_button_69eb9397cddc0:hover{color:rgb(81, 188, 229);}<\/style><a href=\"#\" class=\"btn btn-naked ld_button_69eb9397cddc0\">\n\t<span>\n\t\t\n\t\t\t\t\t<span class=\"btn-txt\">Meet Dr. Belliveau<\/span>\n\t\t\t\n\t<span class=\"btn-icon\"><i class=\"fas fa-angle-right\"><\/i><\/span>\t\t\t<\/span>\n<\/a>\n\t\t\t<\/div><!-- \/.cb-img-btn-inner -->\n\t\t<\/div><!-- \/.cb-img-btn -->\n\t\t\n\t<\/div><!-- \/.cb-img-container -->\n\n\t<div class=\"fancy-box-contents\">\n\t\t\n\t\t<div class=\"fancy-box-header\">\n\t\t\t<h3 class=\"font-weight-medium\" >Dr. Daniel Belliveau<\/h3>\t\t\t\t\t<\/div><!-- \/.fancy-box-header -->\n\t\t\n\t\t\t\t\n\t<\/div><!-- \/.fancy-box-contents -->\n\t\n\t<a href=\"https:\/\/lasikmontreal.com\/en\/dr-daniel-belliveau\/\" title=\"Dr. Daniel Belliveau\" class=\"liquid-overlay-link\"><\/a>\t\n<\/div><!-- \/.fancy-box fancy-box-classes -->[\/vc_column][vc_column offset=&#8221;vc_col-md-4&#8243;]<style>.ld_content_box_69eb9397d158f .fancy-box-header h3{font-size:25px;}<\/style><div id=\"ld_content_box_69eb9397d158f\" class=\"fancy-box fancy-box-heading-custom fancy-box-classic ld_content_box_69eb9397d158f\">\n\t\n\t<div class=\"cb-img-container mb-4\">\n\n\t\t<figure class=\"fancy-box-image\"><img loading=\"lazy\" decoding=\"async\" width=\"336\" height=\"388\" src=\"data:image\/svg+xml;charset=utf-8,&lt;svg xmlns%3D&#039;http%3A%2F%2Fwww.w3.org%2F2000%2Fsvg&#039; viewBox%3D&#039;0 0 336 388&#039;%2F&gt;\" class=\"attachment-full size-full ld-lazyload\" alt=\"\" srcset=\"\" sizes=\"auto, (max-width: 336px) 100vw, 336px\" data-src=\"https:\/\/lasikmontreal.com\/wp-content\/uploads\/2021\/08\/kavalec1.jpg\" data-srcset=\"https:\/\/lasikmontreal.com\/wp-content\/uploads\/2021\/08\/kavalec1.jpg 336w, https:\/\/lasikmontreal.com\/wp-content\/uploads\/2021\/08\/kavalec1-260x300.jpg 260w\" data-aspect=\"0.8659793814433\" \/><\/figure>\t\t\t\t\n\t\t\t\t<div class=\"cb-img-btn\">\n\t\t\t<div class=\"cb-img-btn-bg\"><\/div>\n\t\t\t<a href=\"https:\/\/lasikmontreal.com\/en\/dr-conrad-kavalec\/\" title=\"Dr. Conrad Kavalec\" class=\"liquid-overlay-link\"><\/a>\t\t\t<div class=\"cb-img-btn-inner\">\n\t\t\t\t<style>.ld_button_69eb9398113fe{color:rgb(0, 0, 0);font-size:18px !important;font-weight:300 !important;}.ld_button_69eb9398113fe:hover{color:rgb(81, 188, 229);}<\/style><a href=\"#\" class=\"btn btn-naked ld_button_69eb9398113fe\">\n\t<span>\n\t\t\n\t\t\t\t\t<span class=\"btn-txt\">Meet Dr. Kavalec<\/span>\n\t\t\t\n\t<span class=\"btn-icon\"><i class=\"fas fa-angle-right\"><\/i><\/span>\t\t\t<\/span>\n<\/a>\n\t\t\t<\/div><!-- \/.cb-img-btn-inner -->\n\t\t<\/div><!-- \/.cb-img-btn -->\n\t\t\n\t<\/div><!-- \/.cb-img-container -->\n\n\t<div class=\"fancy-box-contents\">\n\t\t\n\t\t<div class=\"fancy-box-header\">\n\t\t\t<h3 class=\"font-weight-medium\" >Dr. Conrad Kavalec<\/h3>\t\t\t\t\t<\/div><!-- \/.fancy-box-header -->\n\t\t\n\t\t\t\t\n\t<\/div><!-- \/.fancy-box-contents -->\n\t\n\t<a href=\"https:\/\/lasikmontreal.com\/en\/dr-conrad-kavalec\/\" title=\"Dr. Conrad Kavalec\" class=\"liquid-overlay-link\"><\/a>\t\n<\/div><!-- \/.fancy-box fancy-box-classes -->[\/vc_column][\/vc_row][vc_row css=&#8221;.vc_custom_1630337131807{margin-bottom: 20px !important;padding-top: 20px !important;padding-bottom: 80px !important;}&#8221;][vc_column offset=&#8221;vc_col-md-4&#8243;][\/vc_column][vc_column offset=&#8221;vc_col-md-4&#8243;][\/vc_column][vc_column offset=&#8221;vc_col-md-4&#8243;][\/vc_column][\/vc_row]<\/p>\n<\/section>","protected":false},"excerpt":{"rendered":"<p>[vc_row enable_overlay=&#8221;yes&#8221; css=&#8221;.vc_custom_1632860652609{padding-top: 300px !important;padding-bottom: 150px !important;background-image: url(https:\/\/lasikmontreal.com\/wp-content\/uploads\/2021\/09\/iStock-600072006.jpg?id=8665) !important;background-position: center !important;background-repeat: no-repeat !important;background-size: cover !important;}&#8221;&#8230;<\/p>\n","protected":false},"author":1,"featured_media":0,"parent":0,"menu_order":0,"comment_status":"closed","ping_status":"closed","template":"","meta":{"footnotes":""},"class_list":["post-12385","page","type-page","status-publish","hentry"],"yoast_head":"<!-- This site is optimized with the Yoast SEO plugin v27.4 - https:\/\/yoast.com\/product\/yoast-seo-wordpress\/ -->\n<title>Our specialists in ophthalmology | IDODM<\/title>\n<meta name=\"description\" content=\"Meet the specialists at the Montreal Eye Institute, all of whom have degrees in medicine or ophthalmology.\" \/>\n<meta name=\"robots\" content=\"index, follow, max-snippet:-1, max-image-preview:large, max-video-preview:-1\" \/>\n<link rel=\"canonical\" href=\"https:\/\/lasikmontreal.com\/en\/our-specialists\/\" \/>\n<meta property=\"og:locale\" content=\"en_US\" \/>\n<meta property=\"og:type\" content=\"article\" \/>\n<meta property=\"og:title\" content=\"Our specialists in ophthalmology | IDODM\" \/>\n<meta property=\"og:description\" content=\"Meet the specialists at the Montreal Eye Institute, all of whom have degrees in medicine or ophthalmology.\" \/>\n<meta property=\"og:url\" content=\"https:\/\/lasikmontreal.com\/en\/our-specialists\/\" \/>\n<meta property=\"og:site_name\" content=\"L&#039;Institut de l&#039;oeil de Montr\u00e9al\" \/>\n<meta property=\"article:modified_time\" content=\"2023-05-04T16:43:12+00:00\" \/>\n<meta name=\"twitter:card\" content=\"summary_large_image\" \/>\n<meta name=\"twitter:label1\" content=\"Est. reading time\" \/>\n\t<meta name=\"twitter:data1\" content=\"2 minutes\" \/>\n<script type=\"application\/ld+json\" class=\"yoast-schema-graph\">{\"@context\":\"https:\\\/\\\/schema.org\",\"@graph\":[{\"@type\":\"WebPage\",\"@id\":\"https:\\\/\\\/lasikmontreal.com\\\/en\\\/our-specialists\\\/\",\"url\":\"https:\\\/\\\/lasikmontreal.com\\\/en\\\/our-specialists\\\/\",\"name\":\"Our specialists in ophthalmology | IDODM\",\"isPartOf\":{\"@id\":\"https:\\\/\\\/lasikmontreal.com\\\/#website\"},\"datePublished\":\"2021-08-25T19:15:39+00:00\",\"dateModified\":\"2023-05-04T16:43:12+00:00\",\"description\":\"Meet the specialists at the Montreal Eye Institute, all of whom have degrees in medicine or ophthalmology.\",\"inLanguage\":\"en-US\",\"potentialAction\":[{\"@type\":\"ReadAction\",\"target\":[\"https:\\\/\\\/lasikmontreal.com\\\/en\\\/our-specialists\\\/\"]}]},{\"@type\":\"WebSite\",\"@id\":\"https:\\\/\\\/lasikmontreal.com\\\/#website\",\"url\":\"https:\\\/\\\/lasikmontreal.com\\\/\",\"name\":\"L&#039;Institut de l&#039;oeil de Montr\u00e9al\",\"description\":\"Lasik Montr\u00e9al, Op\u00e9ration yeux au laser | IDODM\",\"potentialAction\":[{\"@type\":\"SearchAction\",\"target\":{\"@type\":\"EntryPoint\",\"urlTemplate\":\"https:\\\/\\\/lasikmontreal.com\\\/?s={search_term_string}\"},\"query-input\":{\"@type\":\"PropertyValueSpecification\",\"valueRequired\":true,\"valueName\":\"search_term_string\"}}],\"inLanguage\":\"en-US\"}]}<\/script>\n<!-- \/ Yoast SEO plugin. -->","yoast_head_json":{"title":"Our specialists in ophthalmology | IDODM","description":"Meet the specialists at the Montreal Eye Institute, all of whom have degrees in medicine or ophthalmology.","robots":{"index":"index","follow":"follow","max-snippet":"max-snippet:-1","max-image-preview":"max-image-preview:large","max-video-preview":"max-video-preview:-1"},"canonical":"https:\/\/lasikmontreal.com\/en\/our-specialists\/","og_locale":"en_US","og_type":"article","og_title":"Our specialists in ophthalmology | IDODM","og_description":"Meet the specialists at the Montreal Eye Institute, all of whom have degrees in medicine or ophthalmology.","og_url":"https:\/\/lasikmontreal.com\/en\/our-specialists\/","og_site_name":"L&#039;Institut de l&#039;oeil de Montr\u00e9al","article_modified_time":"2023-05-04T16:43:12+00:00","twitter_card":"summary_large_image","twitter_misc":{"Est. reading time":"2 minutes"},"schema":{"@context":"https:\/\/schema.org","@graph":[{"@type":"WebPage","@id":"https:\/\/lasikmontreal.com\/en\/our-specialists\/","url":"https:\/\/lasikmontreal.com\/en\/our-specialists\/","name":"Our specialists in ophthalmology | IDODM","isPartOf":{"@id":"https:\/\/lasikmontreal.com\/#website"},"datePublished":"2021-08-25T19:15:39+00:00","dateModified":"2023-05-04T16:43:12+00:00","description":"Meet the specialists at the Montreal Eye Institute, all of whom have degrees in medicine or ophthalmology.","inLanguage":"en-US","potentialAction":[{"@type":"ReadAction","target":["https:\/\/lasikmontreal.com\/en\/our-specialists\/"]}]},{"@type":"WebSite","@id":"https:\/\/lasikmontreal.com\/#website","url":"https:\/\/lasikmontreal.com\/","name":"L&#039;Institut de l&#039;oeil de Montr\u00e9al","description":"Lasik Montr\u00e9al, Op\u00e9ration yeux au laser | IDODM","potentialAction":[{"@type":"SearchAction","target":{"@type":"EntryPoint","urlTemplate":"https:\/\/lasikmontreal.com\/?s={search_term_string}"},"query-input":{"@type":"PropertyValueSpecification","valueRequired":true,"valueName":"search_term_string"}}],"inLanguage":"en-US"}]}},"_links":{"self":[{"href":"https:\/\/lasikmontreal.com\/en\/wp-json\/wp\/v2\/pages\/12385","targetHints":{"allow":["GET"]}}],"collection":[{"href":"https:\/\/lasikmontreal.com\/en\/wp-json\/wp\/v2\/pages"}],"about":[{"href":"https:\/\/lasikmontreal.com\/en\/wp-json\/wp\/v2\/types\/page"}],"author":[{"embeddable":true,"href":"https:\/\/lasikmontreal.com\/en\/wp-json\/wp\/v2\/users\/1"}],"replies":[{"embeddable":true,"href":"https:\/\/lasikmontreal.com\/en\/wp-json\/wp\/v2\/comments?post=12385"}],"version-history":[{"count":4,"href":"https:\/\/lasikmontreal.com\/en\/wp-json\/wp\/v2\/pages\/12385\/revisions"}],"predecessor-version":[{"id":15661,"href":"https:\/\/lasikmontreal.com\/en\/wp-json\/wp\/v2\/pages\/12385\/revisions\/15661"}],"wp:attachment":[{"href":"https:\/\/lasikmontreal.com\/en\/wp-json\/wp\/v2\/media?parent=12385"}],"curies":[{"name":"wp","href":"https:\/\/api.w.org\/{rel}","templated":true}]}}