{"id":12384,"date":"2021-08-29T01:31:39","date_gmt":"2021-08-29T01:31:39","guid":{"rendered":"https:\/\/lasikmontreal.com\/medias\/"},"modified":"2022-07-19T16:58:35","modified_gmt":"2022-07-19T16:58:35","slug":"media","status":"publish","type":"page","link":"https:\/\/lasikmontreal.com\/en\/media\/","title":{"rendered":"Media"},"content":{"rendered":"<section class=\"wpb-content-wrapper\"><p>[vc_row enable_overlay=&#8221;yes&#8221; css=&#8221;.vc_custom_1629997651960{padding-top: 300px !important;padding-bottom: 150px !important;background-image: url(https:\/\/lasikmontreal.com\/wp-content\/uploads\/2021\/08\/institut-Oeil_02_Bweb-1.jpeg?id=7119) !important;background-position: center !important;background-repeat: no-repeat !important;background-size: cover !important;}&#8221; overlay_bg=&#8221;rgba(0, 0, 0, 0.5)&#8221;][vc_column]<style>.ld_fancy_heading_6a071b7358f56 h1{color:rgb(255, 255, 255);}.ld_fancy_heading_6a071b7358f56 .lqd-highlight-inner{height:0.275em;bottom:0px;}<\/style><div class=\"ld-fancy-heading ld_fancy_heading_6a071b7358f56\">\n\t<h1 class=\"lqd-highlight-underline lqd-highlight-grow-left\" ><span class=\"ld-fh-txt\"> In the media<\/span><\/h1><\/div>[vc_separator color=&#8221;custom&#8221; align=&#8221;align_left&#8221; border_width=&#8221;2&#8243; el_width=&#8221;10&#8243; accent_color=&#8221;#51bce5&#8243;][\/vc_column][\/vc_row][vc_row content_placement=&#8221;middle&#8221; css=&#8221;.vc_custom_1630200731683{padding-top: 50px !important;padding-bottom: 50px !important;}&#8221;][vc_column width=&#8221;1\/2&#8243; align=&#8221;text-center&#8221;][vc_single_image image=&#8221;8107&#8243; img_size=&#8221;full&#8221; alignment=&#8221;center&#8221; onclick=&#8221;link_image&#8221;][vc_single_image image=&#8221;8109&#8243; img_size=&#8221;full&#8221; alignment=&#8221;center&#8221; onclick=&#8221;link_image&#8221;][vc_single_image image=&#8221;8111&#8243; img_size=&#8221;full&#8221; alignment=&#8221;center&#8221; onclick=&#8221;link_image&#8221;][vc_single_image image=&#8221;8113&#8243; img_size=&#8221;full&#8221; alignment=&#8221;center&#8221; onclick=&#8221;link_image&#8221;][vc_single_image image=&#8221;8116&#8243; img_size=&#8221;full&#8221; alignment=&#8221;center&#8221; onclick=&#8221;link_image&#8221;][vc_single_image image=&#8221;8118&#8243; img_size=&#8221;full&#8221; alignment=&#8221;center&#8221; onclick=&#8221;link_image&#8221;][vc_single_image image=&#8221;8120&#8243; img_size=&#8221;full&#8221; alignment=&#8221;center&#8221; onclick=&#8221;link_image&#8221;][\/vc_column][vc_column width=&#8221;1\/2&#8243; align=&#8221;text-center&#8221;][vc_single_image image=&#8221;8108&#8243; img_size=&#8221;full&#8221; alignment=&#8221;center&#8221; onclick=&#8221;link_image&#8221;][vc_single_image image=&#8221;8110&#8243; img_size=&#8221;full&#8221; alignment=&#8221;center&#8221; onclick=&#8221;link_image&#8221;][vc_single_image image=&#8221;8112&#8243; img_size=&#8221;full&#8221; alignment=&#8221;center&#8221; onclick=&#8221;link_image&#8221;][vc_single_image image=&#8221;8115&#8243; img_size=&#8221;full&#8221; alignment=&#8221;center&#8221; onclick=&#8221;link_image&#8221;][vc_single_image image=&#8221;8117&#8243; img_size=&#8221;full&#8221; alignment=&#8221;center&#8221; onclick=&#8221;link_image&#8221;][vc_single_image image=&#8221;8119&#8243; img_size=&#8221;full&#8221; alignment=&#8221;center&#8221; onclick=&#8221;link_image&#8221;][vc_single_image image=&#8221;8121&#8243; img_size=&#8221;full&#8221; alignment=&#8221;center&#8221; onclick=&#8221;link_image&#8221;][\/vc_column][\/vc_row][vc_row parallax=&#8221;enable_parallax&#8221; enable_overlay=&#8221;yes&#8221; css=&#8221;.vc_custom_1632864002139{padding-top: 220px !important;padding-bottom: 220px !important;background-image: url(https:\/\/lasikmontreal.com\/wp-content\/uploads\/2021\/09\/iStock-966951480.jpg?id=8714) !important;background-position: center;background-repeat: no-repeat !important;background-size: cover !important;}&#8221; overlay_bg=&#8221;rgba(0, 0, 0, 0.29)&#8221;][vc_column width=&#8221;1\/2&#8243;]<style>.ld_fancy_heading_6a071b7359184 h2{font-size:36px;line-height:1,111em;color:rgb(255, 255, 255);}.ld_fancy_heading_6a071b7359184 .lqd-highlight-inner{height:0.275em;bottom:0px;}<\/style><div class=\"ld-fancy-heading text-uppercase ld_fancy_heading_6a071b7359184\">\n\t<h2 class=\"lqd-highlight-underline lqd-highlight-grow-left\" ><span class=\"ld-fh-txt\"> See the difference<\/span><\/h2><\/div><style>.ld_spacer_6a071b7359238{height:22px;}<\/style>\n<div class=\"ld-empty-space ld_spacer_6a071b7359238\"><span class=\"liquid_empty_space_inner\"><\/span><\/div><style>.ld_fancy_heading_6a071b73592f9 h4{font-size:20px;line-height:25px;color:rgba(255, 255, 255, 0.8);}.ld_fancy_heading_6a071b73592f9 .lqd-highlight-inner{height:0.275em;bottom:0px;}<\/style><div class=\"ld-fancy-heading ld_fancy_heading_6a071b73592f9\">\n\t<h4 class=\"lqd-highlight-underline lqd-highlight-grow-left\" ><span class=\"ld-fh-txt\"> Enjoy a personalized experience.<\/span><\/h4><\/div><style>.ld_spacer_6a071b7359392{height:52px;}<\/style>\n<div class=\"ld-empty-space ld_spacer_6a071b7359392\"><span class=\"liquid_empty_space_inner\"><\/span><\/div>[vc_row_inner gap=&#8221;1&#8243;][vc_column_inner width=&#8221;1\/2&#8243;]<style>.ld_button_6a071b7359461.btn-icon-solid .btn-icon{background:rgb(81, 188, 229);}.ld_button_6a071b7359461.btn-icon-circle.btn-icon-ripple .btn-icon:before{border-color:rgb(81, 188, 229);}.ld_button_6a071b7359461{color:rgb(81, 188, 229);border-color:rgb(81, 188, 229);line-height:1.5em !important;font-size:13px !important;letter-spacing:0.1em !important;}.ld_button_6a071b7359461:hover{background-color:rgb(81, 188, 229);}<\/style><a href=\"https:\/\/lasikmontreal.com\/en\/interventions\/\" title=\"Interventions\" class=\"btn btn-default text-uppercase round btn-bordered border-thin ld_button_6a071b7359461 vc_custom_1658249887309\">\n\t<span>\n\t\t\n\t\t\t\t\t<span class=\"btn-txt\">Our interventions<\/span>\n\t\t\t\n\t\t\t\t<\/span>\n<\/a>\n[\/vc_column_inner][vc_column_inner width=&#8221;1\/2&#8243;]<style>.ld_button_6a071b735c424.btn-icon-solid .btn-icon{background:rgba(81, 188, 229, 0.75);}.ld_button_6a071b735c424.btn-icon-circle.btn-icon-ripple .btn-icon:before{border-color:rgba(81, 188, 229, 0.75);}.ld_button_6a071b735c424.btn-icon-solid:hover .btn-icon{background:rgb(81, 188, 229);}.ld_button_6a071b735c424{background-color:rgba(81, 188, 229, 0.75);border-color:rgba(81, 188, 229, 0.75);line-height:1.5em !important;font-size:13px !important;letter-spacing:0.1em !important;}.ld_button_6a071b735c424:hover{background-color:rgb(81, 188, 229);border-color:rgb(81, 188, 229);}.ld_button_6a071b735c424 .btn-gradient-bg-hover{background:-webkit-linear-gradient(to right, rgb(81, 188, 229) 0%, rgb(81, 188, 229) 100%);background:linear-gradient(to right, rgb(81, 188, 229) 0%, rgb(81, 188, 229) 100%);}.ld_button_6a071b735c424 .btn-gradient-border defs stop:first-child{stop-color:rgba(81, 188, 229, 0.75);}.ld_button_6a071b735c424 .btn-gradient-border defs stop:last-child{stop-color:rgba(81, 188, 229, 0.75);}.ld_button_6a071b735c424:hover .btn-gradient-border defs stop:first-child{stop-color:rgb(81, 188, 229);}.ld_button_6a071b735c424:hover .btn-gradient-border defs stop:last-child{stop-color:rgb(81, 188, 229);}<\/style><a href=\"https:\/\/lasikmontreal.com\/en\/our-specialists\/\" title=\"Our specialists\" class=\"btn btn-solid text-uppercase round btn-bordered border-thin ld_button_6a071b735c424 vc_custom_1658249903576\">\n\t<span>\n\t\t\n\t\t\t\t\t<span class=\"btn-txt\">Our specialists<\/span>\n\t\t\t\n\t\t\t\t<\/span>\n<\/a>\n[\/vc_column_inner][\/vc_row_inner][\/vc_column][vc_column width=&#8221;1\/2&#8243;][\/vc_column][\/vc_row]<\/p>\n<\/section>","protected":false},"excerpt":{"rendered":"<p>[vc_row enable_overlay=&#8221;yes&#8221; css=&#8221;.vc_custom_1629997651960{padding-top: 300px !important;padding-bottom: 150px !important;background-image: url(https:\/\/lasikmontreal.com\/wp-content\/uploads\/2021\/08\/institut-Oeil_02_Bweb-1.jpeg?id=7119) !important;background-position: center !important;background-repeat: no-repeat !important;background-size: cover !important;}&#8221;&#8230;<\/p>\n","protected":false},"author":1,"featured_media":0,"parent":0,"menu_order":0,"comment_status":"closed","ping_status":"closed","template":"","meta":{"footnotes":""},"class_list":["post-12384","page","type-page","status-publish","hentry"],"yoast_head":"<!-- This site is optimized with the Yoast SEO plugin v27.6 - https:\/\/yoast.com\/product\/yoast-seo-wordpress\/ -->\n<title>Report and articles about the institute and Dr Fanous | IDODM<\/title>\n<meta name=\"description\" content=\"Read our newspaper articles and reports on Dr. Sameh Fanous, Medical Director of the Montreal Eye Institute.\" \/>\n<meta name=\"robots\" content=\"index, follow, max-snippet:-1, max-image-preview:large, max-video-preview:-1\" \/>\n<link rel=\"canonical\" href=\"https:\/\/lasikmontreal.com\/en\/media\/\" \/>\n<meta property=\"og:locale\" content=\"en_US\" \/>\n<meta property=\"og:type\" content=\"article\" \/>\n<meta property=\"og:title\" content=\"Report and articles about the institute and Dr Fanous | IDODM\" \/>\n<meta property=\"og:description\" content=\"Read our newspaper articles and reports on Dr. Sameh Fanous, Medical Director of the Montreal Eye Institute.\" \/>\n<meta property=\"og:url\" content=\"https:\/\/lasikmontreal.com\/en\/media\/\" \/>\n<meta property=\"og:site_name\" content=\"L&#039;Institut de l&#039;oeil de Montr\u00e9al\" \/>\n<meta property=\"article:modified_time\" content=\"2022-07-19T16:58:35+00:00\" \/>\n<meta name=\"twitter:card\" content=\"summary_large_image\" \/>\n<meta name=\"twitter:label1\" content=\"Est. reading time\" \/>\n\t<meta name=\"twitter:data1\" content=\"1 minute\" \/>\n<script type=\"application\/ld+json\" class=\"yoast-schema-graph\">{\"@context\":\"https:\\\/\\\/schema.org\",\"@graph\":[{\"@type\":\"WebPage\",\"@id\":\"https:\\\/\\\/lasikmontreal.com\\\/en\\\/media\\\/\",\"url\":\"https:\\\/\\\/lasikmontreal.com\\\/en\\\/media\\\/\",\"name\":\"Report and articles about the institute and Dr Fanous | IDODM\",\"isPartOf\":{\"@id\":\"https:\\\/\\\/lasikmontreal.com\\\/#website\"},\"datePublished\":\"2021-08-29T01:31:39+00:00\",\"dateModified\":\"2022-07-19T16:58:35+00:00\",\"description\":\"Read our newspaper articles and reports on Dr. Sameh Fanous, Medical Director of the Montreal Eye Institute.\",\"inLanguage\":\"en-US\",\"potentialAction\":[{\"@type\":\"ReadAction\",\"target\":[\"https:\\\/\\\/lasikmontreal.com\\\/en\\\/media\\\/\"]}]},{\"@type\":\"WebSite\",\"@id\":\"https:\\\/\\\/lasikmontreal.com\\\/#website\",\"url\":\"https:\\\/\\\/lasikmontreal.com\\\/\",\"name\":\"L&#039;Institut de l&#039;oeil de Montr\u00e9al\",\"description\":\"Lasik Montr\u00e9al, Op\u00e9ration yeux au laser | IDODM\",\"potentialAction\":[{\"@type\":\"SearchAction\",\"target\":{\"@type\":\"EntryPoint\",\"urlTemplate\":\"https:\\\/\\\/lasikmontreal.com\\\/?s={search_term_string}\"},\"query-input\":{\"@type\":\"PropertyValueSpecification\",\"valueRequired\":true,\"valueName\":\"search_term_string\"}}],\"inLanguage\":\"en-US\"}]}<\/script>\n<!-- \/ Yoast SEO plugin. -->","yoast_head_json":{"title":"Report and articles about the institute and Dr Fanous | IDODM","description":"Read our newspaper articles and reports on Dr. Sameh Fanous, Medical Director of the Montreal Eye Institute.","robots":{"index":"index","follow":"follow","max-snippet":"max-snippet:-1","max-image-preview":"max-image-preview:large","max-video-preview":"max-video-preview:-1"},"canonical":"https:\/\/lasikmontreal.com\/en\/media\/","og_locale":"en_US","og_type":"article","og_title":"Report and articles about the institute and Dr Fanous | IDODM","og_description":"Read our newspaper articles and reports on Dr. Sameh Fanous, Medical Director of the Montreal Eye Institute.","og_url":"https:\/\/lasikmontreal.com\/en\/media\/","og_site_name":"L&#039;Institut de l&#039;oeil de Montr\u00e9al","article_modified_time":"2022-07-19T16:58:35+00:00","twitter_card":"summary_large_image","twitter_misc":{"Est. reading time":"1 minute"},"schema":{"@context":"https:\/\/schema.org","@graph":[{"@type":"WebPage","@id":"https:\/\/lasikmontreal.com\/en\/media\/","url":"https:\/\/lasikmontreal.com\/en\/media\/","name":"Report and articles about the institute and Dr Fanous | IDODM","isPartOf":{"@id":"https:\/\/lasikmontreal.com\/#website"},"datePublished":"2021-08-29T01:31:39+00:00","dateModified":"2022-07-19T16:58:35+00:00","description":"Read our newspaper articles and reports on Dr. Sameh Fanous, Medical Director of the Montreal Eye Institute.","inLanguage":"en-US","potentialAction":[{"@type":"ReadAction","target":["https:\/\/lasikmontreal.com\/en\/media\/"]}]},{"@type":"WebSite","@id":"https:\/\/lasikmontreal.com\/#website","url":"https:\/\/lasikmontreal.com\/","name":"L&#039;Institut de l&#039;oeil de Montr\u00e9al","description":"Lasik Montr\u00e9al, Op\u00e9ration yeux au laser | IDODM","potentialAction":[{"@type":"SearchAction","target":{"@type":"EntryPoint","urlTemplate":"https:\/\/lasikmontreal.com\/?s={search_term_string}"},"query-input":{"@type":"PropertyValueSpecification","valueRequired":true,"valueName":"search_term_string"}}],"inLanguage":"en-US"}]}},"_links":{"self":[{"href":"https:\/\/lasikmontreal.com\/en\/wp-json\/wp\/v2\/pages\/12384","targetHints":{"allow":["GET"]}}],"collection":[{"href":"https:\/\/lasikmontreal.com\/en\/wp-json\/wp\/v2\/pages"}],"about":[{"href":"https:\/\/lasikmontreal.com\/en\/wp-json\/wp\/v2\/types\/page"}],"author":[{"embeddable":true,"href":"https:\/\/lasikmontreal.com\/en\/wp-json\/wp\/v2\/users\/1"}],"replies":[{"embeddable":true,"href":"https:\/\/lasikmontreal.com\/en\/wp-json\/wp\/v2\/comments?post=12384"}],"version-history":[{"count":3,"href":"https:\/\/lasikmontreal.com\/en\/wp-json\/wp\/v2\/pages\/12384\/revisions"}],"predecessor-version":[{"id":12910,"href":"https:\/\/lasikmontreal.com\/en\/wp-json\/wp\/v2\/pages\/12384\/revisions\/12910"}],"wp:attachment":[{"href":"https:\/\/lasikmontreal.com\/en\/wp-json\/wp\/v2\/media?parent=12384"}],"curies":[{"name":"wp","href":"https:\/\/api.w.org\/{rel}","templated":true}]}}