{"id":12376,"date":"2021-08-28T21:05:56","date_gmt":"2021-08-28T21:05:56","guid":{"rendered":"https:\/\/lasikmontreal.com\/garantie-du-meilleur-prix\/"},"modified":"2022-07-19T17:03:15","modified_gmt":"2022-07-19T17:03:15","slug":"best-price-guarantee","status":"publish","type":"page","link":"https:\/\/lasikmontreal.com\/en\/best-price-guarantee\/","title":{"rendered":"Best price guarantee"},"content":{"rendered":"<section class=\"wpb-content-wrapper\"><p>[vc_row enable_overlay=&#8221;yes&#8221; css=&#8221;.vc_custom_1632864141205{padding-top: 300px !important;padding-bottom: 150px !important;background-image: url(https:\/\/lasikmontreal.com\/wp-content\/uploads\/2021\/09\/iStock-1288844323.jpg?id=8718) !important;background-position: center !important;background-repeat: no-repeat !important;background-size: cover !important;}&#8221; overlay_bg=&#8221;rgba(0, 0, 0, 0.5)&#8221; row_hide=&#8221;hidden-xs hidden-sm&#8221;][vc_column width=&#8221;2\/3&#8243;]<style>.ld_fancy_heading_6a071d27b63bc h1{color:rgb(255, 255, 255);}.ld_fancy_heading_6a071d27b63bc .lqd-highlight-inner{height:0.275em;bottom:0px;}<\/style><div class=\"ld-fancy-heading ld_fancy_heading_6a071d27b63bc\">\n\t<h1 class=\"lqd-highlight-underline lqd-highlight-grow-left\" ><span class=\"ld-fh-txt\"> Best price guarantee<\/span><\/h1><\/div>[vc_separator color=&#8221;custom&#8221; align=&#8221;align_left&#8221; border_width=&#8221;2&#8243; el_width=&#8221;10&#8243; accent_color=&#8221;#51bce5&#8243;][\/vc_column][vc_column width=&#8221;1\/3&#8243;][\/vc_column][\/vc_row][vc_row enable_overlay=&#8221;yes&#8221; css=&#8221;.vc_custom_1658230245906{padding-top: 80px !important;padding-bottom: 50px !important;background-image: url(https:\/\/lasikmontreal.com\/wp-content\/uploads\/2021\/09\/iStock-1288844323.jpg?id=8718) !important;background-position: center !important;background-repeat: no-repeat !important;background-size: cover !important;}&#8221; overlay_bg=&#8221;rgba(0, 0, 0, 0.5)&#8221; el_id=&#8221;mobile header garantie du meilleur prix-EN&#8221; row_hide=&#8221;hidden-md hidden-lg&#8221;][vc_column width=&#8221;2\/3&#8243;]<style>.ld_fancy_heading_6a071d27b6650 h1{color:rgb(255, 255, 255);}.ld_fancy_heading_6a071d27b6650 .lqd-highlight-inner{height:0.275em;bottom:0px;}<\/style><div class=\"ld-fancy-heading ld_fancy_heading_6a071d27b6650\">\n\t<h1 class=\"lqd-highlight-underline lqd-highlight-grow-left\" ><span class=\"ld-fh-txt\"> Best price guarantee<\/span><\/h1><\/div>[vc_separator color=&#8221;custom&#8221; align=&#8221;align_left&#8221; border_width=&#8221;2&#8243; el_width=&#8221;10&#8243; accent_color=&#8221;#51bce5&#8243;][\/vc_column][vc_column width=&#8221;1\/3&#8243;][\/vc_column][\/vc_row][vc_row css=&#8221;.vc_custom_1630188494348{padding-top: 80px !important;padding-bottom: 50px !important;}&#8221;][vc_column width=&#8221;2\/3&#8243;]<style>.ld_icon_box_6a071d27b683a .iconbox-icon-container{color:rgb(255, 255, 255);width:60px !important;height:60px !important;border-radius:px;}.ld_icon_box_6a071d27b683a h3{margin-bottom:px;}<\/style>\n<div class=\"iconbox text-left iconbox-icon-shadow iconbox-circle iconbox-sm ld_icon_box_6a071d27b683a\" id=\"ld_icon_box_6a071d27b683a\"  data-plugin-options='{\"color\":\"rgb(255, 255, 255)\"}'  >\n\t\n\t\t<div class=\"iconbox-icon-wrap\"><span class=\"iconbox-icon-container\"><i class=\"fas fa-comment-dollar\"><\/i><\/span><\/div><!-- \/.iconbox-icon-wrap -->\t\n\t\t\n\t\t\n\t\t\t\t\n\t\t\n\t\n<\/div>\n<style>.ld_fancy_heading_6a071d27b8b75 h2 {padding-bottom:10px !important;  } .ld_fancy_heading_6a071d27b8b75 .lqd-highlight-inner{height:0.275em;bottom:0px;}.ld_fancy_heading_6a071d27b8b75 h2 {padding-bottom:10px !important;  } <\/style><div class=\"ld-fancy-heading ld_fancy_heading_6a071d27b8b75\">\n\t<h2 class=\"lqd-highlight-underline lqd-highlight-grow-left\" ><span class=\"ld-fh-txt\"> Best price guarantee<\/span><\/h2><\/div><style>.ld_fancy_heading_6a071d27bacd5 p {padding-bottom:10px !important;  } .ld_fancy_heading_6a071d27bacd5 .lqd-highlight-inner{height:0.275em;bottom:0px;}.ld_fancy_heading_6a071d27bacd5 p {padding-bottom:10px !important;  } <\/style><div class=\"ld-fancy-heading ld_fancy_heading_6a071d27bacd5\">\n\t<p class=\"lqd-highlight-underline lqd-highlight-grow-left\" ><span class=\"ld-fh-txt\"> Have you looked at the prices and services offered by our competitors and another clinic has offered you a better price? Come see us and we will match the competitor&#8217;s price*.<\/span><\/p><\/div>[vc_column_text css=&#8221;.vc_custom_1658229710203{margin-bottom: 30px !important;padding-right: 5% !important;}&#8221;]<span style=\"font-size: 17px; line-height: 29px; color: #5b6674;\">*see conditions below<\/span>[\/vc_column_text][\/vc_column][vc_column width=&#8221;1\/3&#8243;][\/vc_column][\/vc_row][vc_row enable_overlay=&#8221;yes&#8221; css=&#8221;.vc_custom_1630188103922{padding-top: 150px !important;padding-bottom: 300px !important;background-image: url(https:\/\/lasikmontreal.com\/wp-content\/uploads\/2021\/08\/5b3002cb4a7ded8918484375_Dr-Seltzer-CCFS-LENSX.jpeg?id=7931) !important;background-position: center !important;background-repeat: no-repeat !important;background-size: cover !important;}&#8221; overlay_bg=&#8221;rgba(0, 0, 0, 0.5)&#8221;][vc_column]<style>.ld_fancy_heading_6a071d27be8a2 h3{font-size:35px;font-weight:700;letter-spacing:0.2em;color:rgb(255, 255, 255);}.ld_fancy_heading_6a071d27be8a2 .lqd-highlight-inner{height:0.275em;bottom:0px;}<\/style><div class=\"ld-fancy-heading ld_fancy_heading_6a071d27be8a2\">\n\t<h3 class=\"lqd-highlight-underline lqd-highlight-grow-left\" ><span class=\"ld-fh-txt\"> BEST PRICE GUARANTEE: GENERAL CONDITIONS<\/span><\/h3><\/div>[\/vc_column][\/vc_row][vc_row css=&#8221;.vc_custom_1630186957137{padding-bottom: 50px !important;}&#8221;][vc_column][vc_row_inner css=&#8221;.vc_custom_1630185838304{margin-top: -200px !important;}&#8221;][vc_column_inner enable_column_shadowbox=&#8221;yes&#8221; css=&#8221;.vc_custom_1630185515515{padding-top: 35px !important;padding-right: 35px !important;padding-left: 35px !important;background-color: #ffffff !important;}&#8221; column_box_shadow=&#8221;%5B%7B%22x_offset%22%3A%220%22%2C%22y_offset%22%3A%222px%22%2C%22blur_radius%22%3A%2214px%22%2C%22shadow_color%22%3A%22rgba(0%2C%200%2C%200%2C%200.21)%22%7D%5D&#8221;]<style>.ld_icon_box_6a071d27bf6c9 .iconbox-icon-container{width:20px !important;height:20px !important;border-radius:px;}.ld_icon_box_6a071d27bf6c9 h3{margin-bottom:px;font-size:16px;}<\/style>\n<div class=\"iconbox iconbox-inline iconbox-circle iconbox-xs ld_icon_box_6a071d27bf6c9\" id=\"ld_icon_box_6a071d27bf6c9\"   >\n\t\n\t\t<div class=\"iconbox-icon-wrap\"><span class=\"iconbox-icon-container\"><i class=\"icon-ion-ios-checkmark\"><\/i><\/span><\/div><!-- \/.iconbox-icon-wrap -->\t\n\t<h3 class=\"font-weight-normal\" >You must have written proof of the service offered by the competitor and its price. The treatment must be tailored to your ophthalmic needs. This proof must not be older than six months.<\/h3>\t\n\t\t\n\t\t\t\t\n\t\t\n\t\n<\/div>\n<style>.ld_icon_box_6a071d27c0fbb .iconbox-icon-container{width:20px !important;height:20px !important;border-radius:px;}.ld_icon_box_6a071d27c0fbb h3{margin-bottom:px;font-size:16px;}<\/style>\n<div class=\"iconbox iconbox-inline iconbox-circle iconbox-xs ld_icon_box_6a071d27c0fbb\" id=\"ld_icon_box_6a071d27c0fbb\"   >\n\t\n\t\t<div class=\"iconbox-icon-wrap\"><span class=\"iconbox-icon-container\"><i class=\"icon-ion-ios-checkmark\"><\/i><\/span><\/div><!-- \/.iconbox-icon-wrap -->\t\n\t<h3 class=\"font-weight-normal\" >Only competitors practicing in the city of Montreal will be considered for the promotion.<\/h3>\t\n\t\t\n\t\t\t\t\n\t\t\n\t\n<\/div>\n<style>.ld_icon_box_6a071d27c3369 .iconbox-icon-container{width:20px !important;height:20px !important;border-radius:px;}.ld_icon_box_6a071d27c3369 h3{margin-bottom:px;font-size:16px;}<\/style>\n<div class=\"iconbox iconbox-inline iconbox-circle iconbox-xs ld_icon_box_6a071d27c3369\" id=\"ld_icon_box_6a071d27c3369\"   >\n\t\n\t\t<div class=\"iconbox-icon-wrap\"><span class=\"iconbox-icon-container\"><i class=\"icon-ion-ios-checkmark\"><\/i><\/span><\/div><!-- \/.iconbox-icon-wrap -->\t\n\t<h3 class=\"font-weight-normal\" >The Montreal Eye Institute guarantees to match the competitor's price for an equivalent service for a given prescription. The Institute may also offer an additional discount on the price of the procedure based on its current promotions.<\/h3>\t\n\t\t\n\t\t\t\t\n\t\t\n\t\n<\/div>\n<style>.ld_icon_box_6a071d27c3f14 .iconbox-icon-container{width:20px !important;height:20px !important;border-radius:px;}.ld_icon_box_6a071d27c3f14 h3{margin-bottom:px;font-size:16px;}<\/style>\n<div class=\"iconbox iconbox-inline iconbox-circle iconbox-xs ld_icon_box_6a071d27c3f14\" id=\"ld_icon_box_6a071d27c3f14\"   >\n\t\n\t\t<div class=\"iconbox-icon-wrap\"><span class=\"iconbox-icon-container\"><i class=\"icon-ion-ios-checkmark\"><\/i><\/span><\/div><!-- \/.iconbox-icon-wrap -->\t\n\t<h3 class=\"font-weight-normal\" >The best price guarantee will be granted only if the competitor's technology corresponds to the one used at the Montreal Eye Institute, i.e. personalized Lasik without blades (iLASIK).<\/h3>\t\n\t\t\n\t\t\t\t\n\t\t\n\t\n<\/div>\n<style>.ld_icon_box_6a071d27c4239 .iconbox-icon-container{width:20px !important;height:20px !important;border-radius:px;}.ld_icon_box_6a071d27c4239 h3{margin-bottom:px;font-size:16px;}<\/style>\n<div class=\"iconbox iconbox-inline iconbox-circle iconbox-xs ld_icon_box_6a071d27c4239\" id=\"ld_icon_box_6a071d27c4239\"   >\n\t\n\t\t<div class=\"iconbox-icon-wrap\"><span class=\"iconbox-icon-container\"><i class=\"icon-ion-ios-checkmark\"><\/i><\/span><\/div><!-- \/.iconbox-icon-wrap -->\t\n\t<h3 class=\"font-weight-normal\" >The Montreal Eye Institute will not issue any refunds once the vision correction surgery has been performed.<\/h3>\t\n\t\t\n\t\t\t\t\n\t\t\n\t\n<\/div>\n<style>.ld_icon_box_6a071d27c4383 .iconbox-icon-container{width:20px !important;height:20px !important;border-radius:px;}.ld_icon_box_6a071d27c4383 h3{margin-bottom:px;font-size:16px;}<\/style>\n<div class=\"iconbox iconbox-inline iconbox-circle iconbox-xs ld_icon_box_6a071d27c4383\" id=\"ld_icon_box_6a071d27c4383\"   >\n\t\n\t\t<div class=\"iconbox-icon-wrap\"><span class=\"iconbox-icon-container\"><i class=\"icon-ion-ios-checkmark\"><\/i><\/span><\/div><!-- \/.iconbox-icon-wrap -->\t\n\t<h3 class=\"font-weight-normal\" >No other promotional offer can be combined with this offer.<\/h3>\t\n\t\t\n\t\t\t\t\n\t\t\n\t\n<\/div>\n<style>.ld_icon_box_6a071d27c44ca .iconbox-icon-container{width:20px !important;height:20px !important;border-radius:px;}.ld_icon_box_6a071d27c44ca h3{margin-bottom:px;font-size:16px;}<\/style>\n<div class=\"iconbox iconbox-inline iconbox-circle iconbox-xs ld_icon_box_6a071d27c44ca\" id=\"ld_icon_box_6a071d27c44ca\"   >\n\t\n\t\t<div class=\"iconbox-icon-wrap\"><span class=\"iconbox-icon-container\"><i class=\"icon-ion-ios-checkmark\"><\/i><\/span><\/div><!-- \/.iconbox-icon-wrap -->\t\n\t<h3 class=\"font-weight-normal\" >Depending on the patient's condition and health history, the Montreal Eye Institute reserves the right to refuse the patient's application for laser vision correction.<\/h3>\t\n\t\t\n\t\t\t\t\n\t\t\n\t\n<\/div>\n[\/vc_column_inner][\/vc_row_inner][\/vc_column][\/vc_row][vc_row parallax=&#8221;enable_parallax&#8221; enable_overlay=&#8221;yes&#8221; css=&#8221;.vc_custom_1632864201403{padding-top: 220px !important;padding-bottom: 220px !important;background-image: url(https:\/\/lasikmontreal.com\/wp-content\/uploads\/2021\/09\/iStock-994122290.jpg?id=8719) !important;background-position: center;background-repeat: no-repeat !important;background-size: cover !important;}&#8221; overlay_bg=&#8221;rgba(0, 0, 0, 0.29)&#8221; row_hide=&#8221;hidden-xs hidden-sm&#8221;][vc_column width=&#8221;1\/2&#8243;]<style>.ld_fancy_heading_6a071d27c4641 h2{font-size:36px;line-height:1,111em;color:rgb(255, 255, 255);}.ld_fancy_heading_6a071d27c4641 .lqd-highlight-inner{height:0.275em;bottom:0px;}<\/style><div class=\"ld-fancy-heading text-uppercase ld_fancy_heading_6a071d27c4641\">\n\t<h2 class=\"lqd-highlight-underline lqd-highlight-grow-left\" ><span class=\"ld-fh-txt\"> SEE THE DIFFERENCE<br \/>\n<\/span><\/h2><\/div><style>.ld_spacer_6a071d27c57e1{height:22px;}<\/style>\n<div class=\"ld-empty-space ld_spacer_6a071d27c57e1\"><span class=\"liquid_empty_space_inner\"><\/span><\/div><style>.ld_fancy_heading_6a071d27c58e7 p{font-size:20px;line-height:25px;letter-spacing:0.2em;color:rgba(255, 255, 255, 0.8);}.ld_fancy_heading_6a071d27c58e7 .lqd-highlight-inner{height:0.275em;bottom:0px;}<\/style><div class=\"ld-fancy-heading text-uppercase ld_fancy_heading_6a071d27c58e7\">\n\t<p class=\"lqd-highlight-underline lqd-highlight-grow-left\" ><span class=\"ld-fh-txt\"> Live a personalized experience.<\/span><\/p><\/div><style>.ld_spacer_6a071d27c7869{height:52px;}<\/style>\n<div class=\"ld-empty-space ld_spacer_6a071d27c7869\"><span class=\"liquid_empty_space_inner\"><\/span><\/div>[vc_row_inner gap=&#8221;1&#8243;][vc_column_inner width=&#8221;1\/2&#8243;]<style>.ld_button_6a071d27c79cb.btn-icon-solid .btn-icon{background:rgb(81, 188, 229);}.ld_button_6a071d27c79cb.btn-icon-circle.btn-icon-ripple .btn-icon:before{border-color:rgb(81, 188, 229);}.ld_button_6a071d27c79cb{color:rgb(81, 188, 229);border-color:rgb(81, 188, 229);line-height:1.5em !important;font-size:13px !important;letter-spacing:0.1em !important;}.ld_button_6a071d27c79cb:hover{background-color:rgb(81, 188, 229);}<\/style><a href=\"https:\/\/lasikmontreal.com\/en\/interventions\/\" title=\"Interventions\" class=\"btn btn-default text-uppercase round btn-bordered border-thin ld_button_6a071d27c79cb vc_custom_1658250131213\">\n\t<span>\n\t\t\n\t\t\t\t\t<span class=\"btn-txt\">OUR INTERVENTIONS<\/span>\n\t\t\t\n\t\t\t\t<\/span>\n<\/a>\n[vc_empty_space][\/vc_column_inner][vc_column_inner width=&#8221;1\/2&#8243;]<style>.ld_button_6a071d27ca80b.btn-icon-solid .btn-icon{background:rgba(81, 188, 229, 0.75);}.ld_button_6a071d27ca80b.btn-icon-circle.btn-icon-ripple .btn-icon:before{border-color:rgba(81, 188, 229, 0.75);}.ld_button_6a071d27ca80b.btn-icon-solid:hover .btn-icon{background:rgb(81, 188, 229);}.ld_button_6a071d27ca80b{background-color:rgba(81, 188, 229, 0.75);border-color:rgba(81, 188, 229, 0.75);line-height:1.5em !important;font-size:13px !important;letter-spacing:0.1em !important;}.ld_button_6a071d27ca80b:hover{background-color:rgb(81, 188, 229);border-color:rgb(81, 188, 229);}.ld_button_6a071d27ca80b .btn-gradient-bg-hover{background:-webkit-linear-gradient(to right, rgb(81, 188, 229) 0%, rgb(81, 188, 229) 100%);background:linear-gradient(to right, rgb(81, 188, 229) 0%, rgb(81, 188, 229) 100%);}.ld_button_6a071d27ca80b .btn-gradient-border defs stop:first-child{stop-color:rgba(81, 188, 229, 0.75);}.ld_button_6a071d27ca80b .btn-gradient-border defs stop:last-child{stop-color:rgba(81, 188, 229, 0.75);}.ld_button_6a071d27ca80b:hover .btn-gradient-border defs stop:first-child{stop-color:rgb(81, 188, 229);}.ld_button_6a071d27ca80b:hover .btn-gradient-border defs stop:last-child{stop-color:rgb(81, 188, 229);}<\/style><a href=\"https:\/\/lasikmontreal.com\/en\/our-specialists\/\" title=\"Our specialists\" class=\"btn btn-solid text-uppercase round btn-bordered border-thin ld_button_6a071d27ca80b vc_custom_1658250145356\">\n\t<span>\n\t\t\n\t\t\t\t\t<span class=\"btn-txt\">OUR SPECIALISTS<\/span>\n\t\t\t\n\t\t\t\t<\/span>\n<\/a>\n[\/vc_column_inner][\/vc_row_inner][\/vc_column][vc_column width=&#8221;1\/2&#8243;][\/vc_column][\/vc_row][vc_row parallax=&#8221;enable_parallax&#8221; enable_overlay=&#8221;yes&#8221; css=&#8221;.vc_custom_1658230229795{padding-top: 80px !important;padding-bottom: 100px !important;background-image: url(https:\/\/lasikmontreal.com\/wp-content\/uploads\/2021\/09\/iStock-994122290.jpg?id=8719) !important;background-position: center;background-repeat: no-repeat !important;background-size: cover !important;}&#8221; overlay_bg=&#8221;rgba(0, 0, 0, 0.29)&#8221; el_id=&#8221;mobile bas de page-EN&#8221; row_hide=&#8221;hidden-md hidden-lg&#8221;][vc_column width=&#8221;1\/2&#8243;]<style>.ld_fancy_heading_6a071d27cc688 h2{font-size:36px;line-height:1,111em;color:rgb(255, 255, 255);}.ld_fancy_heading_6a071d27cc688 .lqd-highlight-inner{height:0.275em;bottom:0px;}<\/style><div class=\"ld-fancy-heading text-uppercase ld_fancy_heading_6a071d27cc688\">\n\t<h2 class=\"lqd-highlight-underline lqd-highlight-grow-left\" ><span class=\"ld-fh-txt\"> SEE THE DIFFERENCE<br \/>\n<\/span><\/h2><\/div><style>.ld_spacer_6a071d27ce128{height:22px;}<\/style>\n<div class=\"ld-empty-space ld_spacer_6a071d27ce128\"><span class=\"liquid_empty_space_inner\"><\/span><\/div><style>.ld_fancy_heading_6a071d27ce286 p{font-size:20px;line-height:25px;letter-spacing:0.2em;color:rgba(255, 255, 255, 0.8);}.ld_fancy_heading_6a071d27ce286 .lqd-highlight-inner{height:0.275em;bottom:0px;}<\/style><div class=\"ld-fancy-heading text-uppercase ld_fancy_heading_6a071d27ce286\">\n\t<p class=\"lqd-highlight-underline lqd-highlight-grow-left\" ><span class=\"ld-fh-txt\"> Live a personalized experience.<\/span><\/p><\/div><style>.ld_spacer_6a071d27cfd3f{height:52px;}<\/style>\n<div class=\"ld-empty-space ld_spacer_6a071d27cfd3f\"><span class=\"liquid_empty_space_inner\"><\/span><\/div>[vc_row_inner gap=&#8221;1&#8243;][vc_column_inner width=&#8221;1\/2&#8243;]<style>.ld_button_6a071d27cfe7d.btn-icon-solid .btn-icon{background:rgb(81, 188, 229);}.ld_button_6a071d27cfe7d.btn-icon-circle.btn-icon-ripple .btn-icon:before{border-color:rgb(81, 188, 229);}.ld_button_6a071d27cfe7d{color:rgb(81, 188, 229);border-color:rgb(81, 188, 229);line-height:1.5em !important;font-size:13px !important;letter-spacing:0.1em !important;}.ld_button_6a071d27cfe7d:hover{background-color:rgb(81, 188, 229);}<\/style><a href=\"https:\/\/lasikmontreal.com\/en\/interventions\/\" title=\"Interventions\" class=\"btn btn-default text-uppercase round btn-bordered border-thin ld_button_6a071d27cfe7d vc_custom_1658250165319\">\n\t<span>\n\t\t\n\t\t\t\t\t<span class=\"btn-txt\">OUR INTERVENTIONS<\/span>\n\t\t\t\n\t\t\t\t<\/span>\n<\/a>\n[vc_empty_space][\/vc_column_inner][vc_column_inner width=&#8221;1\/2&#8243;]<style>.ld_button_6a071d27d1cf0.btn-icon-solid .btn-icon{background:rgba(81, 188, 229, 0.75);}.ld_button_6a071d27d1cf0.btn-icon-circle.btn-icon-ripple .btn-icon:before{border-color:rgba(81, 188, 229, 0.75);}.ld_button_6a071d27d1cf0.btn-icon-solid:hover .btn-icon{background:rgb(81, 188, 229);}.ld_button_6a071d27d1cf0{background-color:rgba(81, 188, 229, 0.75);border-color:rgba(81, 188, 229, 0.75);line-height:1.5em !important;font-size:13px !important;letter-spacing:0.1em !important;}.ld_button_6a071d27d1cf0:hover{background-color:rgb(81, 188, 229);border-color:rgb(81, 188, 229);}.ld_button_6a071d27d1cf0 .btn-gradient-bg-hover{background:-webkit-linear-gradient(to right, rgb(81, 188, 229) 0%, rgb(81, 188, 229) 100%);background:linear-gradient(to right, rgb(81, 188, 229) 0%, rgb(81, 188, 229) 100%);}.ld_button_6a071d27d1cf0 .btn-gradient-border defs stop:first-child{stop-color:rgba(81, 188, 229, 0.75);}.ld_button_6a071d27d1cf0 .btn-gradient-border defs stop:last-child{stop-color:rgba(81, 188, 229, 0.75);}.ld_button_6a071d27d1cf0:hover .btn-gradient-border defs stop:first-child{stop-color:rgb(81, 188, 229);}.ld_button_6a071d27d1cf0:hover .btn-gradient-border defs stop:last-child{stop-color:rgb(81, 188, 229);}<\/style><a href=\"https:\/\/lasikmontreal.com\/en\/our-specialists\/\" title=\"Our specialists\" class=\"btn btn-solid text-uppercase round btn-bordered border-thin ld_button_6a071d27d1cf0 vc_custom_1658250182370\">\n\t<span>\n\t\t\n\t\t\t\t\t<span class=\"btn-txt\">OUR SPECIALISTS<\/span>\n\t\t\t\n\t\t\t\t<\/span>\n<\/a>\n[\/vc_column_inner][\/vc_row_inner][\/vc_column][vc_column width=&#8221;1\/2&#8243;][\/vc_column][\/vc_row]<\/p>\n<\/section>","protected":false},"excerpt":{"rendered":"<p>[vc_row enable_overlay=&#8221;yes&#8221; css=&#8221;.vc_custom_1632864141205{padding-top: 300px !important;padding-bottom: 150px !important;background-image: url(https:\/\/lasikmontreal.com\/wp-content\/uploads\/2021\/09\/iStock-1288844323.jpg?id=8718) !important;background-position: center !important;background-repeat: no-repeat !important;background-size: cover !important;}&#8221;&#8230;<\/p>\n","protected":false},"author":1,"featured_media":0,"parent":0,"menu_order":0,"comment_status":"closed","ping_status":"closed","template":"","meta":{"footnotes":""},"class_list":["post-12376","page","type-page","status-publish","hentry"],"yoast_head":"<!-- This site is optimized with the Yoast SEO plugin v27.6 - https:\/\/yoast.com\/product\/yoast-seo-wordpress\/ -->\n<title>Best Price Guarantee | IDODM<\/title>\n<meta name=\"description\" content=\"Have you looked at the prices and services offered by our competitors? Come and meet us and we will match the competitor&#039;s price.\" \/>\n<meta name=\"robots\" content=\"index, follow, max-snippet:-1, max-image-preview:large, max-video-preview:-1\" \/>\n<link rel=\"canonical\" href=\"https:\/\/lasikmontreal.com\/en\/best-price-guarantee\/\" \/>\n<meta property=\"og:locale\" content=\"en_US\" \/>\n<meta property=\"og:type\" content=\"article\" \/>\n<meta property=\"og:title\" content=\"Best Price Guarantee | IDODM\" \/>\n<meta property=\"og:description\" content=\"Have you looked at the prices and services offered by our competitors? Come and meet us and we will match the competitor&#039;s price.\" \/>\n<meta property=\"og:url\" content=\"https:\/\/lasikmontreal.com\/en\/best-price-guarantee\/\" \/>\n<meta property=\"og:site_name\" content=\"L&#039;Institut de l&#039;oeil de Montr\u00e9al\" \/>\n<meta property=\"article:modified_time\" content=\"2022-07-19T17:03:15+00:00\" \/>\n<meta name=\"twitter:card\" content=\"summary_large_image\" \/>\n<meta name=\"twitter:label1\" content=\"Est. reading time\" \/>\n\t<meta name=\"twitter:data1\" content=\"4 minutes\" \/>\n<script type=\"application\/ld+json\" class=\"yoast-schema-graph\">{\"@context\":\"https:\\\/\\\/schema.org\",\"@graph\":[{\"@type\":\"WebPage\",\"@id\":\"https:\\\/\\\/lasikmontreal.com\\\/en\\\/best-price-guarantee\\\/\",\"url\":\"https:\\\/\\\/lasikmontreal.com\\\/en\\\/best-price-guarantee\\\/\",\"name\":\"Best Price Guarantee | IDODM\",\"isPartOf\":{\"@id\":\"https:\\\/\\\/lasikmontreal.com\\\/#website\"},\"datePublished\":\"2021-08-28T21:05:56+00:00\",\"dateModified\":\"2022-07-19T17:03:15+00:00\",\"description\":\"Have you looked at the prices and services offered by our competitors? Come and meet us and we will match the competitor's price.\",\"inLanguage\":\"en-US\",\"potentialAction\":[{\"@type\":\"ReadAction\",\"target\":[\"https:\\\/\\\/lasikmontreal.com\\\/en\\\/best-price-guarantee\\\/\"]}]},{\"@type\":\"WebSite\",\"@id\":\"https:\\\/\\\/lasikmontreal.com\\\/#website\",\"url\":\"https:\\\/\\\/lasikmontreal.com\\\/\",\"name\":\"L&#039;Institut de l&#039;oeil de Montr\u00e9al\",\"description\":\"Lasik Montr\u00e9al, Op\u00e9ration yeux au laser | IDODM\",\"potentialAction\":[{\"@type\":\"SearchAction\",\"target\":{\"@type\":\"EntryPoint\",\"urlTemplate\":\"https:\\\/\\\/lasikmontreal.com\\\/?s={search_term_string}\"},\"query-input\":{\"@type\":\"PropertyValueSpecification\",\"valueRequired\":true,\"valueName\":\"search_term_string\"}}],\"inLanguage\":\"en-US\"}]}<\/script>\n<!-- \/ Yoast SEO plugin. -->","yoast_head_json":{"title":"Best Price Guarantee | IDODM","description":"Have you looked at the prices and services offered by our competitors? Come and meet us and we will match the competitor's price.","robots":{"index":"index","follow":"follow","max-snippet":"max-snippet:-1","max-image-preview":"max-image-preview:large","max-video-preview":"max-video-preview:-1"},"canonical":"https:\/\/lasikmontreal.com\/en\/best-price-guarantee\/","og_locale":"en_US","og_type":"article","og_title":"Best Price Guarantee | IDODM","og_description":"Have you looked at the prices and services offered by our competitors? Come and meet us and we will match the competitor's price.","og_url":"https:\/\/lasikmontreal.com\/en\/best-price-guarantee\/","og_site_name":"L&#039;Institut de l&#039;oeil de Montr\u00e9al","article_modified_time":"2022-07-19T17:03:15+00:00","twitter_card":"summary_large_image","twitter_misc":{"Est. reading time":"4 minutes"},"schema":{"@context":"https:\/\/schema.org","@graph":[{"@type":"WebPage","@id":"https:\/\/lasikmontreal.com\/en\/best-price-guarantee\/","url":"https:\/\/lasikmontreal.com\/en\/best-price-guarantee\/","name":"Best Price Guarantee | IDODM","isPartOf":{"@id":"https:\/\/lasikmontreal.com\/#website"},"datePublished":"2021-08-28T21:05:56+00:00","dateModified":"2022-07-19T17:03:15+00:00","description":"Have you looked at the prices and services offered by our competitors? Come and meet us and we will match the competitor's price.","inLanguage":"en-US","potentialAction":[{"@type":"ReadAction","target":["https:\/\/lasikmontreal.com\/en\/best-price-guarantee\/"]}]},{"@type":"WebSite","@id":"https:\/\/lasikmontreal.com\/#website","url":"https:\/\/lasikmontreal.com\/","name":"L&#039;Institut de l&#039;oeil de Montr\u00e9al","description":"Lasik Montr\u00e9al, Op\u00e9ration yeux au laser | IDODM","potentialAction":[{"@type":"SearchAction","target":{"@type":"EntryPoint","urlTemplate":"https:\/\/lasikmontreal.com\/?s={search_term_string}"},"query-input":{"@type":"PropertyValueSpecification","valueRequired":true,"valueName":"search_term_string"}}],"inLanguage":"en-US"}]}},"_links":{"self":[{"href":"https:\/\/lasikmontreal.com\/en\/wp-json\/wp\/v2\/pages\/12376","targetHints":{"allow":["GET"]}}],"collection":[{"href":"https:\/\/lasikmontreal.com\/en\/wp-json\/wp\/v2\/pages"}],"about":[{"href":"https:\/\/lasikmontreal.com\/en\/wp-json\/wp\/v2\/types\/page"}],"author":[{"embeddable":true,"href":"https:\/\/lasikmontreal.com\/en\/wp-json\/wp\/v2\/users\/1"}],"replies":[{"embeddable":true,"href":"https:\/\/lasikmontreal.com\/en\/wp-json\/wp\/v2\/comments?post=12376"}],"version-history":[{"count":3,"href":"https:\/\/lasikmontreal.com\/en\/wp-json\/wp\/v2\/pages\/12376\/revisions"}],"predecessor-version":[{"id":12912,"href":"https:\/\/lasikmontreal.com\/en\/wp-json\/wp\/v2\/pages\/12376\/revisions\/12912"}],"wp:attachment":[{"href":"https:\/\/lasikmontreal.com\/en\/wp-json\/wp\/v2\/media?parent=12376"}],"curies":[{"name":"wp","href":"https:\/\/api.w.org\/{rel}","templated":true}]}}