{"id":12364,"date":"2018-09-12T10:19:09","date_gmt":"2018-09-12T10:19:09","guid":{"rendered":"https:\/\/lasikmontreal.com\/contact\/"},"modified":"2026-01-28T11:14:16","modified_gmt":"2026-01-28T11:14:16","slug":"contact","status":"publish","type":"page","link":"https:\/\/lasikmontreal.com\/en\/contact\/","title":{"rendered":"Contact"},"content":{"rendered":"<section class=\"wpb-content-wrapper\"><p>[vc_row enable_overlay=&#8221;yes&#8221; css=&#8221;.vc_custom_1632864411075{padding-top: 225px !important;padding-bottom: 100px !important;background-image: url(https:\/\/lasikmontreal.com\/wp-content\/uploads\/2021\/09\/iStock-1181266644.jpg?id=8653) !important;background-position: center !important;background-repeat: no-repeat !important;background-size: cover !important;}&#8221; overlay_bg=&#8221;rgba(0, 0, 0, 0.51)&#8221;][vc_column]<style>.ld_fancy_heading_69eba8954f903 h1{color:rgb(255, 255, 255);}.ld_fancy_heading_69eba8954f903 .lqd-highlight-inner{height:0.275em;bottom:0px;}<\/style><div class=\"ld-fancy-heading ld_fancy_heading_69eba8954f903\">\n\t<h1 class=\"lqd-highlight-underline lqd-highlight-grow-left\" ><span class=\"ld-fh-txt\"> Contact us<\/span><\/h1><\/div>[vc_separator color=&#8221;custom&#8221; align=&#8221;align_left&#8221; border_width=&#8221;2&#8243; el_width=&#8221;10&#8243; accent_color=&#8221;#51bce5&#8243; css=&#8221;.vc_custom_1630203288803{margin-top: 13px !important;margin-bottom: 15px !important;}&#8221;]<style>.ld_spacer_69eba8954fae2{height:15px;}<\/style>\n<div class=\"ld-empty-space ld_spacer_69eba8954fae2\"><span class=\"liquid_empty_space_inner\"><\/span><\/div><style>.ld_fancy_heading_69eba8954fbef h2{color:rgb(255, 255, 255);}.ld_fancy_heading_69eba8954fbef .lqd-highlight-inner{height:0.275em;bottom:0px;}<\/style><div class=\"ld-fancy-heading ld_fancy_heading_69eba8954fbef\">\n\t<h2 class=\"lqd-highlight-underline lqd-highlight-grow-left\" ><span class=\"ld-fh-txt\"> <strong>(514) 461-0527<\/strong><\/span><\/h2><\/div>[\/vc_column][\/vc_row][vc_row css=&#8221;.vc_custom_1630194604316{padding-top: 80px !important;padding-bottom: 100px !important;}&#8221;][vc_column width=&#8221;1\/2&#8243;]<style>.ld_icon_box_69eba8954fe11 .iconbox-icon-container{color:rgb(255, 255, 255);width:60px !important;height:60px !important;border-radius:px;}.ld_icon_box_69eba8954fe11 h3{margin-bottom:px;}<\/style>\n<div class=\"iconbox text-left iconbox-circle iconbox-sm ld_icon_box_69eba8954fe11\" id=\"ld_icon_box_69eba8954fe11\"  data-animate-icon=\"true\" data-plugin-options='{\"delay\":\"200\",\"resetOnHover\":true,\"color\":\"rgb(255, 255, 255)\"}'  >\n\t\n\t\t<div class=\"iconbox-icon-wrap\"><span class=\"iconbox-icon-container\"><?xml version=\"1.0\" encoding=\"utf-8\"?>\r\n<!-- Generator: Adobe Illustrator 16.0.0, SVG Export Plug-In . SVG Version: 6.00 Build 0)  -->\r\n<!DOCTYPE svg PUBLIC \"-\/\/W3C\/\/DTD SVG 1.1\/\/EN\" \"http:\/\/www.w3.org\/Graphics\/SVG\/1.1\/DTD\/svg11.dtd\">\r\n<svg version=\"1.1\" id=\"Layer_1\" xmlns=\"http:\/\/www.w3.org\/2000\/svg\" xmlns:xlink=\"http:\/\/www.w3.org\/1999\/xlink\" x=\"0px\" y=\"0px\"\r\n\t width=\"64px\" height=\"64px\" viewBox=\"0 0 64 64\" enable-background=\"new 0 0 64 64\" xml:space=\"preserve\">\r\n<g>\r\n\t<circle fill=\"none\" stroke=\"#000000\" stroke-width=\"2\" stroke-miterlimit=\"10\" cx=\"32\" cy=\"22\" r=\"6\"\/>\r\n\t<path fill=\"none\" stroke=\"#000000\" stroke-width=\"2\" stroke-miterlimit=\"10\" d=\"M53,22.735C52.948,10.73,43.599,1,32,1\r\n\t\ts-21,9.73-21,21.735C11,38.271,31.965,63,31.965,63S53.069,38.271,53,22.735z\"\/>\r\n<\/g>\r\n<\/svg>\r\n<\/span><\/div><!-- \/.iconbox-icon-wrap -->\t\n\t\t\n\t\t\n\t\t\t\t\n\t\t\n\t\n<\/div>\n<style>.ld_fancy_heading_69eba89564e46 h2{font-size:36px;line-height:1.11em;font-weight:700;}.ld_fancy_heading_69eba89564e46 .lqd-highlight-inner{height:0.275em;bottom:0px;}<\/style><div class=\"ld-fancy-heading ld_fancy_heading_69eba89564e46\">\n\t<h2 class=\"lqd-highlight-underline lqd-highlight-grow-left\" ><span class=\"ld-fh-txt\"> Montreal<\/span><\/h2><\/div><style>.ld_spacer_69eba89567e5f{height:15px;}<\/style>\n<div class=\"ld-empty-space ld_spacer_69eba89567e5f\"><span class=\"liquid_empty_space_inner\"><\/span><\/div><style>.ld_fancy_heading_69eba89567f5b p{font-size:18px;font-weight:300;letter-spacing:0.05em;color:rgba(0, 0, 0, 0.8);}.ld_fancy_heading_69eba89567f5b .lqd-highlight-inner{height:0.275em;bottom:0px;}<\/style><div class=\"ld-fancy-heading ld_fancy_heading_69eba89567f5b\">\n\t<p class=\"lqd-highlight-underline lqd-highlight-grow-left\" ><span class=\"ld-fh-txt\"> 2300, Marcel-Laurin,<br \/>\nMontr\u00e9al, QC, H4R 1J9<\/span><\/p><\/div><style>.ld_spacer_69eba8956ae46{height:15px;}<\/style>\n<div class=\"ld-empty-space ld_spacer_69eba8956ae46\"><span class=\"liquid_empty_space_inner\"><\/span><\/div><style>.ld_fancy_heading_69eba8956af7e .lqd-highlight-inner{height:0.275em;bottom:0px;}<\/style><div class=\"ld-fancy-heading ld_fancy_heading_69eba8956af7e\">\n\t<h4 class=\"lqd-highlight-underline lqd-highlight-grow-left\" ><span class=\"ld-fh-txt\"> <strong>(514) 461-0527<\/strong><\/span><\/h4><\/div><style>.ld_spacer_69eba8956c76a{height:15px;}<\/style>\n<div class=\"ld-empty-space ld_spacer_69eba8956c76a\"><span class=\"liquid_empty_space_inner\"><\/span><\/div>[vc_gmaps link=&#8221;#E-8_JTNDaWZyYW1lJTIwc3JjJTNEJTIyaHR0cHMlM0ElMkYlMkZ3d3cuZ29vZ2xlLmNvbSUyRm1hcHMlMkZlbWJlZCUzRnBiJTNEJTIxMW0xOCUyMTFtMTIlMjExbTMlMjExZDQ4NjIuOTk3NDEwMjY1MzkwNSUyMTJkLTczLjcwNzAxMjU0ODA0MDM3JTIxM2Q0NS41MjAyMzMxNzg5OTkwOSUyMTJtMyUyMTFmMCUyMTJmMCUyMTNmMCUyMTNtMiUyMTFpMTAyNCUyMTJpNzY4JTIxNGYxMy4xJTIxM20zJTIxMW0yJTIxMXMweDRjYzkyMjllNmM5MmQzOTklMjUzQTB4ZWI3MjUwODg0MTIyNjVmOSUyMTJzMjMwMCUyNTIwQmx2ZC4lMjUyME1hcmNlbC1MYXVyaW4lMjUyQyUyNTIwU2FpbnQtTGF1cmVudCUyNTJDJTI1MjBRQyUyNTIwSDRSJTI1MjAxSjklMjE1ZTElMjEzbTIlMjExc2ZyJTIxMnNjYSUyMTR2MTYzMDE5NDI5MjkwNiUyMTVtMiUyMTFzZnIlMjEyc2NhJTIyJTIwd2lkdGglM0QlMjI2MDAlMjIlMjBoZWlnaHQlM0QlMjI0NTAlMjIlMjBzdHlsZSUzRCUyMmJvcmRlciUzQTAlM0IlMjIlMjBhbGxvd2Z1bGxzY3JlZW4lM0QlMjIlMjIlMjBsb2FkaW5nJTNEJTIybGF6eSUyMiUzRSUzQyUyRmlmcmFtZSUzRQ==&#8221;][\/vc_column][vc_column width=&#8221;1\/2&#8243;]<style>.ld_icon_box_69eba8956c96f .iconbox-icon-container{color:rgb(255, 255, 255);width:60px !important;height:60px !important;border-radius:px;}.ld_icon_box_69eba8956c96f h3{margin-bottom:px;}<\/style>\n<div class=\"iconbox text-left iconbox-circle iconbox-sm ld_icon_box_69eba8956c96f\" id=\"ld_icon_box_69eba8956c96f\"  data-animate-icon=\"true\" data-plugin-options='{\"delay\":\"200\",\"resetOnHover\":true,\"color\":\"rgb(255, 255, 255)\"}'  >\n\t\n\t\t<div class=\"iconbox-icon-wrap\"><span class=\"iconbox-icon-container\"><?xml version=\"1.0\" encoding=\"utf-8\"?>\r\n<!-- Generator: Adobe Illustrator 16.0.0, SVG Export Plug-In . SVG Version: 6.00 Build 0)  -->\r\n<!DOCTYPE svg PUBLIC \"-\/\/W3C\/\/DTD SVG 1.1\/\/EN\" \"http:\/\/www.w3.org\/Graphics\/SVG\/1.1\/DTD\/svg11.dtd\">\r\n<svg version=\"1.1\" id=\"Layer_1\" xmlns=\"http:\/\/www.w3.org\/2000\/svg\" xmlns:xlink=\"http:\/\/www.w3.org\/1999\/xlink\" x=\"0px\" y=\"0px\"\r\n\t width=\"64px\" height=\"64px\" viewBox=\"0 0 64 64\" enable-background=\"new 0 0 64 64\" xml:space=\"preserve\">\r\n<g>\r\n\t<circle fill=\"none\" stroke=\"#000000\" stroke-width=\"2\" stroke-miterlimit=\"10\" cx=\"32\" cy=\"22\" r=\"6\"\/>\r\n\t<path fill=\"none\" stroke=\"#000000\" stroke-width=\"2\" stroke-miterlimit=\"10\" d=\"M53,22.735C52.948,10.73,43.599,1,32,1\r\n\t\ts-21,9.73-21,21.735C11,38.271,31.965,63,31.965,63S53.069,38.271,53,22.735z\"\/>\r\n<\/g>\r\n<\/svg>\r\n<\/span><\/div><!-- \/.iconbox-icon-wrap -->\t\n\t\t\n\t\t\n\t\t\t\t\n\t\t\n\t\n<\/div>\n<style>.ld_fancy_heading_69eba8957df4f h2{font-size:36px;line-height:1.11em;font-weight:700;}.ld_fancy_heading_69eba8957df4f .lqd-highlight-inner{height:0.275em;bottom:0px;}<\/style><div class=\"ld-fancy-heading ld_fancy_heading_69eba8957df4f\">\n\t<h2 class=\"lqd-highlight-underline lqd-highlight-grow-left\" ><span class=\"ld-fh-txt\"> Boucherville<\/span><\/h2><\/div><style>.ld_spacer_69eba89580640{height:15px;}<\/style>\n<div class=\"ld-empty-space ld_spacer_69eba89580640\"><span class=\"liquid_empty_space_inner\"><\/span><\/div><style>.ld_fancy_heading_69eba89580757 p{font-size:18px;font-weight:300;letter-spacing:0.05em;color:rgba(0, 0, 0, 0.8);}.ld_fancy_heading_69eba89580757 .lqd-highlight-inner{height:0.275em;bottom:0px;}<\/style><div class=\"ld-fancy-heading ld_fancy_heading_69eba89580757\">\n\t<p class=\"lqd-highlight-underline lqd-highlight-grow-left\" ><span class=\"ld-fh-txt\"> 10 Boulevard de Mortagne (Suite 200)<br \/>\nBoucherville, QC J4B 5K6<\/span><\/p><\/div><style>.ld_spacer_69eba89582eff{height:15px;}<\/style>\n<div class=\"ld-empty-space ld_spacer_69eba89582eff\"><span class=\"liquid_empty_space_inner\"><\/span><\/div><style>.ld_fancy_heading_69eba89583002 .lqd-highlight-inner{height:0.275em;bottom:0px;}<\/style><div class=\"ld-fancy-heading ld_fancy_heading_69eba89583002\">\n\t<h4 class=\"lqd-highlight-underline lqd-highlight-grow-left\" ><span class=\"ld-fh-txt\"> <strong>(514) 461-0527<\/strong><\/span><\/h4><\/div><style>.ld_spacer_69eba89583c7d{height:15px;}<\/style>\n<div class=\"ld-empty-space ld_spacer_69eba89583c7d\"><span class=\"liquid_empty_space_inner\"><\/span><\/div>[vc_gmaps link=&#8221;#E-8_JTNDaWZyYW1lJTIwc3JjJTNEJTIyaHR0cHMlM0ElMkYlMkZ3d3cuZ29vZ2xlLmNvbSUyRm1hcHMlMkZlbWJlZCUzRnBiJTNEJTIxMW0xOCUyMTFtMTIlMjExbTMlMjExZDM3MDIuMzAyMzQ4NDU5OTUlMjEyZC03My40NTE2NTEzMjI5MzY0MyUyMTNkNDUuNTY4NTc3NjcxMDc1OTMlMjEybTMlMjExZjAlMjEyZjAlMjEzZjAlMjEzbTIlMjExaTEwMjQlMjEyaTc2OCUyMTRmMTMuMSUyMTNtMyUyMTFtMiUyMTFzMHg0Y2M5MDMyZjAzYTE5MDc3JTI1M0EweDlhZWUzNTZiMmQ4OGZjNzQlMjEyczEwJTI1MjBCZCUyNTIwZGUlMjUyME1vcnRhZ25lJTI1MjAlMjUyMzIwMCUyNTJDJTI1MjBCb3VjaGVydmlsbGUlMjUyQyUyNTIwUUMlMjUyMEo0QiUyNTIwNUs2JTI1MkMlMjUyMENhbmFkYSUyMTVlMSUyMTNtMiUyMTFzZW4lMjEyc2ZyJTIxNHYxNzY3Nzk2OTAxMzA4JTIxNW0yJTIxMXNlbiUyMTJzZnIlMjIlMjB3aWR0aCUzRCUyMjYwMCUyMiUyMGhlaWdodCUzRCUyMjQ1MCUyMiUyMHN0eWxlJTNEJTIyYm9yZGVyJTNBMCUzQiUyMiUyMGFsbG93ZnVsbHNjcmVlbiUzRCUyMiUyMiUyMGxvYWRpbmclM0QlMjJsYXp5JTIyJTIwcmVmZXJyZXJwb2xpY3klM0QlMjJuby1yZWZlcnJlci13aGVuLWRvd25ncmFkZSUyMiUzRSUzQyUyRmlmcmFtZSUzRQ==&#8221;][\/vc_column][\/vc_row][vc_row css=&#8221;.vc_custom_1630203482270{margin-top: 20px !important;margin-bottom: 100px !important;}&#8221;][vc_column enable_column_shadowbox=&#8221;yes&#8221; css=&#8221;.vc_custom_1536751718172{margin-top: -10% !important;padding-top: 45px !important;padding-right: 15px !important;padding-bottom: 30px !important;padding-left: 15px !important;background-color: #ffffff !important;}&#8221; column_box_shadow=&#8221;%5B%7B%22x_offset%22%3A%220%22%2C%22y_offset%22%3A%2215px%22%2C%22blur_radius%22%3A%2250px%22%2C%22shadow_color%22%3A%22rgba(0%2C%200%2C%200%2C%200.025)%22%7D%5D&#8221;][vc_row_inner content_placement=&#8221;middle&#8221;][vc_column_inner offset=&#8221;vc_col-md-offset-1 vc_col-md-6&#8243;]<style>.ld_section_title_69eba89583dab h1{font-size:25px;margin-bottom:0px !important;;}.ld_section_title_69eba89583dab p{color:rgba(0, 0, 0, 0.387);}<\/style><header class=\"fancy-title ld_section_title_69eba89583dab\">\n\t<h1>Write to us for a personalized answer.<\/h1>\t\t<\/header>[\/vc_column_inner][vc_column_inner align=&#8221;text-left&#8221; offset=&#8221;vc_col-md-4 vc_hidden-sm vc_hidden-xs&#8221; responsive_align=&#8221;text-md-right&#8221;]<style>.ld_icon_box_69eba89584048 .iconbox-icon-container{color:rgb(216, 219, 226);border-radius:px;}.ld_icon_box_69eba89584048:hover .iconbox-icon-container{color:rgb(0, 0, 0);}.ld_icon_box_69eba89584048 h3{margin-bottom:px;}<\/style>\n<div class=\"iconbox text-right iconbox-xl ld_icon_box_69eba89584048 vc_custom_1630012412776\" id=\"ld_icon_box_69eba89584048\"  data-animate-icon=\"true\" data-plugin-options='{\"resetOnHover\":true,\"color\":\"rgb(216, 219, 226)\",\"hoverColor\":\"rgb(0, 0, 0)\"}'  >\n\t\n\t\t<div class=\"iconbox-icon-wrap\"><span class=\"iconbox-icon-container\"><?xml version=\"1.0\" encoding=\"utf-8\"?>\r\n<!-- Generator: Adobe Illustrator 16.0.0, SVG Export Plug-In . SVG Version: 6.00 Build 0)  -->\r\n<!DOCTYPE svg PUBLIC \"-\/\/W3C\/\/DTD SVG 1.1\/\/EN\" \"http:\/\/www.w3.org\/Graphics\/SVG\/1.1\/DTD\/svg11.dtd\">\r\n<svg version=\"1.1\" id=\"Layer_1\" xmlns=\"http:\/\/www.w3.org\/2000\/svg\" xmlns:xlink=\"http:\/\/www.w3.org\/1999\/xlink\" x=\"0px\" y=\"0px\"\r\n\t width=\"64px\" height=\"64px\" viewBox=\"0 0 64 64\" enable-background=\"new 0 0 64 64\" xml:space=\"preserve\">\r\n<g>\r\n\t<line fill=\"none\" stroke=\"#000000\" stroke-width=\"2\" stroke-miterlimit=\"10\" x1=\"36\" y1=\"9\" x2=\"45\" y2=\"9\"\/>\r\n\t<line fill=\"none\" stroke=\"#000000\" stroke-width=\"2\" stroke-miterlimit=\"10\" x1=\"19\" y1=\"17\" x2=\"45\" y2=\"17\"\/>\r\n\t<line fill=\"none\" stroke=\"#000000\" stroke-width=\"2\" stroke-miterlimit=\"10\" x1=\"19\" y1=\"25\" x2=\"45\" y2=\"25\"\/>\r\n\t<g>\r\n\t\t<polyline fill=\"none\" stroke=\"#000000\" stroke-width=\"2\" stroke-miterlimit=\"10\" points=\"1,26 32,45.434 63,26 \t\t\"\/>\r\n\t\t<polyline fill=\"none\" stroke=\"#000000\" stroke-width=\"2\" stroke-miterlimit=\"10\" points=\"11.334,21.667 1,26 1,63 63,63 63,26 \r\n\t\t\t63,26 52.666,21.667 \t\t\"\/>\r\n\t\t<polyline fill=\"none\" stroke=\"#000000\" stroke-width=\"2\" stroke-miterlimit=\"10\" points=\"11,32 11,1 53,1 53,32 \t\t\"\/>\r\n\t<\/g>\r\n<\/g>\r\n<\/svg>\r\n<\/span><\/div><!-- \/.iconbox-icon-wrap -->\t\n\t\t\n\t\t\n\t\t\t\t\n\t\t\n\t\n<\/div>\n[\/vc_column_inner][vc_column_inner offset=&#8221;vc_col-md-offset-1 vc_col-md-10&#8243;]<style>.ld_cf7_69eba89592588 input[type=\"submit\"], .ld_cf7_69eba89592588 button[type=\"submit\"]{font-size:13px;font-weight:700;letter-spacing:0.1em;background:rgb(81, 188, 229);border-color:rgba(255, 255, 255, 0);}.ld_cf7_69eba89592588 input, .ld_cf7_69eba89592588 select, .ld_cf7_69eba89592588 textarea, .ld_cf7_69eba89592588 .ui-selectmenu-button{color:rgba(0, 0, 0, 0.64);}.ld_cf7_69eba89592588 input:focus, .ld_cf7_69eba89592588 select:focus, .ld_cf7_69eba89592588 textarea:focus, .ld_cf7_69eba89592588 .ui-selectmenu-button:hover{color:rgb(81, 188, 229);}.ld_cf7_69eba89592588 input[type=\"submit\"]:focus,.ld_cf7_69eba89592588 input[type=\"submit\"]:hover, .ld_cf7_69eba89592588 button[type=\"submit\"]:focus, .ld_cf7_69eba89592588 button[type=\"submit\"]:hover{background:rgb(69, 70, 70);}<\/style><div id=\"ld_cf7_69eba89592588\" class=\"lqd-contact-form ld_cf7_69eba89592588\">\n\t\n<div class=\"wpcf7 no-js\" id=\"wpcf7-f11838-o1\" lang=\"en-US\" dir=\"ltr\" data-wpcf7-id=\"11838\">\n<div class=\"screen-reader-response\"><p role=\"status\" aria-live=\"polite\" aria-atomic=\"true\"><\/p> <ul><\/ul><\/div>\n<form action=\"\/en\/wp-json\/wp\/v2\/pages\/12364#wpcf7-f11838-o1\" method=\"post\" class=\"wpcf7-form init\" aria-label=\"Contact form\" novalidate=\"novalidate\" data-status=\"init\">\n<fieldset class=\"hidden-fields-container\"><input type=\"hidden\" name=\"_wpcf7\" value=\"11838\" \/><input type=\"hidden\" name=\"_wpcf7_version\" value=\"6.1.5\" \/><input type=\"hidden\" name=\"_wpcf7_locale\" value=\"en_US\" \/><input type=\"hidden\" name=\"_wpcf7_unit_tag\" value=\"wpcf7-f11838-o1\" \/><input type=\"hidden\" name=\"_wpcf7_container_post\" value=\"0\" \/><input type=\"hidden\" name=\"_wpcf7_posted_data_hash\" value=\"\" \/><input type=\"hidden\" name=\"_wpcf7_recaptcha_response\" value=\"\" \/>\n<\/fieldset>\n<div class=\"row\">\n\t<p class=\"col-md-6\"><br \/>\n<span class=\"wpcf7-form-control-wrap\" data-name=\"text-77\"><input size=\"40\" maxlength=\"400\" class=\"wpcf7-form-control wpcf7-text wpcf7-validates-as-required\" aria-required=\"true\" aria-invalid=\"false\" placeholder=\"First and last name\" value=\"\" type=\"text\" name=\"text-77\" \/><\/span><span class=\"wpcf7-form-control-wrap\" data-name=\"email-398\"><input size=\"40\" maxlength=\"400\" class=\"wpcf7-form-control wpcf7-email wpcf7-validates-as-required wpcf7-text wpcf7-validates-as-email\" aria-required=\"true\" aria-invalid=\"false\" placeholder=\"Email\" value=\"\" type=\"email\" name=\"email-398\" \/><\/span><span class=\"wpcf7-form-control-wrap\" data-name=\"tel-771\"><input size=\"40\" maxlength=\"400\" class=\"wpcf7-form-control wpcf7-tel wpcf7-validates-as-required wpcf7-text wpcf7-validates-as-tel\" aria-required=\"true\" aria-invalid=\"false\" placeholder=\"Phone number\" value=\"\" type=\"tel\" name=\"tel-771\" \/><\/span>\n\t<\/p>\n\t<p class=\"col-md-6\"><br \/>\n<span class=\"wpcf7-form-control-wrap\" data-name=\"textarea-522\"><textarea cols=\"10\" rows=\"7\" maxlength=\"2000\" class=\"wpcf7-form-control wpcf7-textarea wpcf7-validates-as-required\" aria-required=\"true\" aria-invalid=\"false\" placeholder=\"Your message\" name=\"textarea-522\"><\/textarea><\/span>\n\t<\/p>\n\t<p class=\"col-sm-12\">\n\t<\/p>\n\t<p class=\"col-md-6\"><br \/>\n<input class=\"wpcf7-form-control wpcf7-submit has-spinner\" type=\"submit\" value=\"Submit your request\" \/>\n\t<\/p>\n<\/div><div class=\"wpcf7-response-output\" aria-hidden=\"true\"><\/div>\n<\/form>\n<\/div>\n<\/div>[\/vc_column_inner][\/vc_row_inner][\/vc_column][\/vc_row]<\/p>\n<\/section>","protected":false},"excerpt":{"rendered":"<p>[vc_row enable_overlay=&#8221;yes&#8221; css=&#8221;.vc_custom_1632864411075{padding-top: 225px !important;padding-bottom: 100px !important;background-image: url(https:\/\/lasikmontreal.com\/wp-content\/uploads\/2021\/09\/iStock-1181266644.jpg?id=8653) !important;background-position: center !important;background-repeat: no-repeat !important;background-size: cover !important;}&#8221;&#8230;<\/p>\n","protected":false},"author":1,"featured_media":0,"parent":0,"menu_order":0,"comment_status":"closed","ping_status":"closed","template":"","meta":{"footnotes":""},"class_list":["post-12364","page","type-page","status-publish","hentry"],"yoast_head":"<!-- This site is optimized with the Yoast SEO plugin v27.4 - https:\/\/yoast.com\/product\/yoast-seo-wordpress\/ -->\n<title>Contact us | IDODM<\/title>\n<meta name=\"description\" content=\"Montr\u00e9al - 2300, Marcel-Laurin,Montr\u00e9al, QC, H4R 1J9. Brossard - 8005 Boul. Du Quartier suite 305,Brossard J4Y 0N5.\" \/>\n<meta name=\"robots\" content=\"index, follow, max-snippet:-1, max-image-preview:large, max-video-preview:-1\" \/>\n<link rel=\"canonical\" href=\"https:\/\/lasikmontreal.com\/en\/contact\/\" \/>\n<meta property=\"og:locale\" content=\"en_US\" \/>\n<meta property=\"og:type\" content=\"article\" \/>\n<meta property=\"og:title\" content=\"Contact us | IDODM\" \/>\n<meta property=\"og:description\" content=\"Montr\u00e9al - 2300, Marcel-Laurin,Montr\u00e9al, QC, H4R 1J9. Brossard - 8005 Boul. Du Quartier suite 305,Brossard J4Y 0N5.\" \/>\n<meta property=\"og:url\" content=\"https:\/\/lasikmontreal.com\/en\/contact\/\" \/>\n<meta property=\"og:site_name\" content=\"L&#039;Institut de l&#039;oeil de Montr\u00e9al\" \/>\n<meta property=\"article:modified_time\" content=\"2026-01-28T11:14:16+00:00\" \/>\n<meta name=\"twitter:card\" content=\"summary_large_image\" \/>\n<meta name=\"twitter:label1\" content=\"Est. reading time\" \/>\n\t<meta name=\"twitter:data1\" content=\"2 minutes\" \/>\n<script type=\"application\/ld+json\" class=\"yoast-schema-graph\">{\"@context\":\"https:\\\/\\\/schema.org\",\"@graph\":[{\"@type\":\"WebPage\",\"@id\":\"https:\\\/\\\/lasikmontreal.com\\\/en\\\/contact\\\/\",\"url\":\"https:\\\/\\\/lasikmontreal.com\\\/en\\\/contact\\\/\",\"name\":\"Contact us | IDODM\",\"isPartOf\":{\"@id\":\"https:\\\/\\\/lasikmontreal.com\\\/#website\"},\"datePublished\":\"2018-09-12T10:19:09+00:00\",\"dateModified\":\"2026-01-28T11:14:16+00:00\",\"description\":\"Montr\u00e9al - 2300, Marcel-Laurin,Montr\u00e9al, QC, H4R 1J9. Brossard - 8005 Boul. Du Quartier suite 305,Brossard J4Y 0N5.\",\"inLanguage\":\"en-US\",\"potentialAction\":[{\"@type\":\"ReadAction\",\"target\":[\"https:\\\/\\\/lasikmontreal.com\\\/en\\\/contact\\\/\"]}]},{\"@type\":\"WebSite\",\"@id\":\"https:\\\/\\\/lasikmontreal.com\\\/#website\",\"url\":\"https:\\\/\\\/lasikmontreal.com\\\/\",\"name\":\"L&#039;Institut de l&#039;oeil de Montr\u00e9al\",\"description\":\"Lasik Montr\u00e9al, Op\u00e9ration yeux au laser | IDODM\",\"potentialAction\":[{\"@type\":\"SearchAction\",\"target\":{\"@type\":\"EntryPoint\",\"urlTemplate\":\"https:\\\/\\\/lasikmontreal.com\\\/?s={search_term_string}\"},\"query-input\":{\"@type\":\"PropertyValueSpecification\",\"valueRequired\":true,\"valueName\":\"search_term_string\"}}],\"inLanguage\":\"en-US\"}]}<\/script>\n<!-- \/ Yoast SEO plugin. -->","yoast_head_json":{"title":"Contact us | IDODM","description":"Montr\u00e9al - 2300, Marcel-Laurin,Montr\u00e9al, QC, H4R 1J9. Brossard - 8005 Boul. Du Quartier suite 305,Brossard J4Y 0N5.","robots":{"index":"index","follow":"follow","max-snippet":"max-snippet:-1","max-image-preview":"max-image-preview:large","max-video-preview":"max-video-preview:-1"},"canonical":"https:\/\/lasikmontreal.com\/en\/contact\/","og_locale":"en_US","og_type":"article","og_title":"Contact us | IDODM","og_description":"Montr\u00e9al - 2300, Marcel-Laurin,Montr\u00e9al, QC, H4R 1J9. Brossard - 8005 Boul. Du Quartier suite 305,Brossard J4Y 0N5.","og_url":"https:\/\/lasikmontreal.com\/en\/contact\/","og_site_name":"L&#039;Institut de l&#039;oeil de Montr\u00e9al","article_modified_time":"2026-01-28T11:14:16+00:00","twitter_card":"summary_large_image","twitter_misc":{"Est. reading time":"2 minutes"},"schema":{"@context":"https:\/\/schema.org","@graph":[{"@type":"WebPage","@id":"https:\/\/lasikmontreal.com\/en\/contact\/","url":"https:\/\/lasikmontreal.com\/en\/contact\/","name":"Contact us | IDODM","isPartOf":{"@id":"https:\/\/lasikmontreal.com\/#website"},"datePublished":"2018-09-12T10:19:09+00:00","dateModified":"2026-01-28T11:14:16+00:00","description":"Montr\u00e9al - 2300, Marcel-Laurin,Montr\u00e9al, QC, H4R 1J9. Brossard - 8005 Boul. Du Quartier suite 305,Brossard J4Y 0N5.","inLanguage":"en-US","potentialAction":[{"@type":"ReadAction","target":["https:\/\/lasikmontreal.com\/en\/contact\/"]}]},{"@type":"WebSite","@id":"https:\/\/lasikmontreal.com\/#website","url":"https:\/\/lasikmontreal.com\/","name":"L&#039;Institut de l&#039;oeil de Montr\u00e9al","description":"Lasik Montr\u00e9al, Op\u00e9ration yeux au laser | IDODM","potentialAction":[{"@type":"SearchAction","target":{"@type":"EntryPoint","urlTemplate":"https:\/\/lasikmontreal.com\/?s={search_term_string}"},"query-input":{"@type":"PropertyValueSpecification","valueRequired":true,"valueName":"search_term_string"}}],"inLanguage":"en-US"}]}},"_links":{"self":[{"href":"https:\/\/lasikmontreal.com\/en\/wp-json\/wp\/v2\/pages\/12364","targetHints":{"allow":["GET"]}}],"collection":[{"href":"https:\/\/lasikmontreal.com\/en\/wp-json\/wp\/v2\/pages"}],"about":[{"href":"https:\/\/lasikmontreal.com\/en\/wp-json\/wp\/v2\/types\/page"}],"author":[{"embeddable":true,"href":"https:\/\/lasikmontreal.com\/en\/wp-json\/wp\/v2\/users\/1"}],"replies":[{"embeddable":true,"href":"https:\/\/lasikmontreal.com\/en\/wp-json\/wp\/v2\/comments?post=12364"}],"version-history":[{"count":12,"href":"https:\/\/lasikmontreal.com\/en\/wp-json\/wp\/v2\/pages\/12364\/revisions"}],"predecessor-version":[{"id":15807,"href":"https:\/\/lasikmontreal.com\/en\/wp-json\/wp\/v2\/pages\/12364\/revisions\/15807"}],"wp:attachment":[{"href":"https:\/\/lasikmontreal.com\/en\/wp-json\/wp\/v2\/media?parent=12364"}],"curies":[{"name":"wp","href":"https:\/\/api.w.org\/{rel}","templated":true}]}}